{"id":3305,"date":"2020-01-17T18:13:38","date_gmt":"2020-01-17T18:13:38","guid":{"rendered":"https:\/\/goya.everthemes.com\/demo-basic\/?page_id=3305"},"modified":"2021-02-20T16:22:14","modified_gmt":"2021-02-20T15:22:14","slug":"das-weingut","status":"publish","type":"page","link":"https:\/\/knyphausen-wein.de\/homepage\/das-weingut\/","title":{"rendered":"Das Weingut"},"content":{"rendered":"[vc_row et_full_width=&#8221;true&#8221; et_row_padding=&#8221;true&#8221; et_column_align=&#8221;align-center&#8221; parallax=&#8221;content-moving&#8221;][vc_column et_column_color=&#8221;et-light-column&#8221;]\r\n\t\t<div class=\"et-banner-69f8691b3e132 et-banner content-full  image-type-css vh-height text-color-light hover-effect hover-zoom \"><div class=\"et-banner-image\" role=\"img\" aria-label=\"04_NobleParkKnyphausen_0166\" data-image=\"https:\/\/knyphausen-wein.de\/wp-content\/uploads\/2021\/02\/04_NobleParkKnyphausen_0166.jpg\" style=\"background-image: url(https:\/\/knyphausen-wein.de\/wp-content\/uploads\/2021\/02\/04_NobleParkKnyphausen_0166.jpg);\"><\/div>\r\n\t\t\t<div class=\"et-banner-content\">\r\n\t\t\t\t<div class=\"et-banner-content-inner container\">\r\n\t\t\t\t\t<div class=\"et-banner-text h_center v_center align_center\">\r\n\t\t\t\t\t\t<div class=\"et-banner-text-inner animated\" data-animate=\"et-fadeInUp\"><h2 class=\"et-banner-title color- xxlarge\">Das Weingut<\/h2><h4 class=\"et-banner-subtitle  color- text_style\">und unsere Denkart<\/h4><div class=\"et-banner-paragraph\">Wein zu machen bedeutet f\u00fcr uns, etwas im Einklang mit der Natur und mit Respekt vor Handwerk und Tradition zu schaffen, Unber\u00fchrtheit ins Glas zu bringen und die Natur dabei zu beobachten.<\/div><\/div>\r\n\t\t\t\t\t<\/div>\r\n\t\t\t\t<\/div>\r\n\t\t\t<\/div>\r\n\t\t<\/div>[vc_empty_space height=&#8221;5vh&#8221;][\/vc_column][\/vc_row][vc_row][vc_column width=&#8221;1\/2&#8243; css=&#8221;.vc_custom_1613830767561{background-color: #ebe9e6 !important;}&#8221;][vc_row_inner][vc_column_inner width=&#8221;1\/4&#8243; offset=&#8221;vc_hidden-md vc_hidden-sm vc_hidden-xs&#8221;][\/vc_column_inner][vc_column_inner width=&#8221;2\/4&#8243;]\t<div class=\"et-image-492 et-image aligncenter    et_image_link\">\n\t\t<div class=\"et-image-inner animation fade\">\n\t\t\t\t\t\t\t<div class=\"et-image-thumb \">\n\t\t\t\t\t<img loading=\"lazy\" decoding=\"async\" width=\"1\" height=\"1\" src=\"https:\/\/knyphausen-wein.de\/wp-content\/uploads\/2021\/01\/logo.svg\" class=\"attachment-full\" alt=\"\" title=\"logo\" \/>\t\t\t\t<\/div>\n\t\t\t\t\t\t\t\t\t\t\t<\/div>\n\t<\/div>\n  [\/vc_column_inner][vc_column_inner width=&#8221;1\/4&#8243; offset=&#8221;vc_hidden-md vc_hidden-sm vc_hidden-xs&#8221;][\/vc_column_inner][\/vc_row_inner][vc_empty_space height=&#8221;5vh&#8221;][vc_row_inner et_row_padding=&#8221;true&#8221;][vc_column_inner width=&#8221;1\/6&#8243; offset=&#8221;vc_hidden-md vc_hidden-sm vc_hidden-xs&#8221;][\/vc_column_inner][vc_column_inner width=&#8221;2\/3&#8243;][vc_column_text]<strong>Rebsortenspiegel:<\/strong> 75% Riesling, 15% Sp\u00e4tburgunder,<br \/>\n5% Roter Riesling, 5% Historischer Rebensatz<\/p>\n<p><strong>Lagen:<\/strong> 12 Hektar Rebfl\u00e4che in Spitzenlagen \u2013 Erbacher Marcobrunn, Erbacher Hohenrain, Erbacher Steinmorgen, Erbacher Michelmark<\/p>\n<p><strong>B\u00f6den:<\/strong> tiefgr\u00fcndige L\u00f6ss-Lehm-Schicht mit Kieseinlagerungen bis teils Gesteinsverwitterungsb\u00f6den, Gef\u00e4lle 5-10% Richtung S\u00fcden geneigt, 80-120m \u00fcber dem Meeresspiegel<\/p>\n<p><strong>M\u00f6nche:<\/strong> Gr\u00fcndung des Draiser Hofes 1141 durch die Zisterzienser M\u00f6nche von Kloster Eberbach und 1163 Erw\u00e4hnung als Wein-Cellarium<\/p>\n<p><strong>Familie:<\/strong> Die ostfriesische Familie Baron Knyphausen \u00fcbernimmt das Weingut im Jahre 1818 und betreibt das Unternehmen nunmehr in 8. Generation<\/p>\n<p><strong>Mitgliedschaften:<\/strong> VDP.Die Pr\u00e4dikatsweing\u00fcter und CHARTA-Vereinigung[\/vc_column_text][\/vc_column_inner][vc_column_inner width=&#8221;1\/6&#8243; offset=&#8221;vc_hidden-md vc_hidden-sm vc_hidden-xs&#8221;][\/vc_column_inner][\/vc_row_inner][vc_empty_space height=&#8221;5vh&#8221;][\/vc_column][vc_column width=&#8221;1\/2&#8243;][vc_column_text]\n<h1>Die Familie<\/h1>\n<p>Bei uns ist Wein schon von Anfang an Familiensache. Auch wenn Weingut und unser Angebot \u00fcber die Jahre gewachsen sind, ein Familienbetrieb sind wir bis heute geblieben.[\/vc_column_text][vc_single_image image=&#8221;3831&#8243; img_size=&#8221;full&#8221;][vc_column_text]Frederik zu Knyphausen hat das Weingut von seinem Vater in 8. Generation \u00fcbernommen. Seitdem begleitet der Winzer die charmantesten Weine des Rheingaus. Alle k\u00fcmmern sich liebevoll um die Weing\u00e4rten und um das traditionsreiche Hofgut. Gemeinsam mit einem kleinen, feinen Team sorgt die Familie daf\u00fcr, dass der Traditionsbetrieb weiter w\u00e4chst und erfolgreich ist.[\/vc_column_text][\/vc_column][\/vc_row][vc_row et_full_width=&#8221;true&#8221; et_row_padding=&#8221;true&#8221;][vc_column][vc_empty_space height=&#8221;5vh&#8221;]\r\n\t\t<div class=\"et-banner-69f8691b3e85f et-banner content-full  image-type-fluid has-alt-image text-color-dark hover-effect  \"><img loading=\"lazy\" decoding=\"async\" width=\"1920\" height=\"1080\" src=\"https:\/\/knyphausen-wein.de\/wp-content\/uploads\/2021\/02\/history_01.jpg\" class=\"et-banner-main-image\" alt=\"\" sizes=\"auto, (max-width: 1920px) 100vw, 1920px\" srcset=\"https:\/\/knyphausen-wein.de\/wp-content\/uploads\/2021\/02\/history_01.jpg 1920w, https:\/\/knyphausen-wein.de\/wp-content\/uploads\/2021\/02\/history_01-300x169.jpg 300w, https:\/\/knyphausen-wein.de\/wp-content\/uploads\/2021\/02\/history_01-1024x576.jpg 1024w, https:\/\/knyphausen-wein.de\/wp-content\/uploads\/2021\/02\/history_01-768x432.jpg 768w, https:\/\/knyphausen-wein.de\/wp-content\/uploads\/2021\/02\/history_01-1536x864.jpg 1536w, https:\/\/knyphausen-wein.de\/wp-content\/uploads\/2021\/02\/history_01-150x84.jpg 150w, https:\/\/knyphausen-wein.de\/wp-content\/uploads\/2021\/02\/history_01-450x253.jpg 450w, https:\/\/knyphausen-wein.de\/wp-content\/uploads\/2021\/02\/history_01-1000x563.jpg 1000w\" \/><img loading=\"lazy\" decoding=\"async\" width=\"1080\" height=\"1080\" src=\"https:\/\/knyphausen-wein.de\/wp-content\/uploads\/2021\/02\/history_01m.jpg\" class=\"et-banner-alt-image\" alt=\"\" srcset=\"https:\/\/knyphausen-wein.de\/wp-content\/uploads\/2021\/02\/history_01m.jpg 1080w, https:\/\/knyphausen-wein.de\/wp-content\/uploads\/2021\/02\/history_01m-300x300.jpg 300w, https:\/\/knyphausen-wein.de\/wp-content\/uploads\/2021\/02\/history_01m-1024x1024.jpg 1024w, https:\/\/knyphausen-wein.de\/wp-content\/uploads\/2021\/02\/history_01m-150x150.jpg 150w, https:\/\/knyphausen-wein.de\/wp-content\/uploads\/2021\/02\/history_01m-768x768.jpg 768w, https:\/\/knyphausen-wein.de\/wp-content\/uploads\/2021\/02\/history_01m-450x450.jpg 450w, https:\/\/knyphausen-wein.de\/wp-content\/uploads\/2021\/02\/history_01m-1000x1000.jpg 1000w, https:\/\/knyphausen-wein.de\/wp-content\/uploads\/2021\/02\/history_01m-100x100.jpg 100w\" sizes=\"auto, (max-width: 1080px) 100vw, 1080px\" \/>\r\n\t\t<\/div>\r\n\t\t<div class=\"et-banner-69f8691b3f0de et-banner content-full  image-type-fluid has-alt-image text-color-dark hover-effect  \"><img loading=\"lazy\" decoding=\"async\" width=\"1920\" height=\"1080\" src=\"https:\/\/knyphausen-wein.de\/wp-content\/uploads\/2021\/02\/history_02.jpg\" class=\"et-banner-main-image\" alt=\"\" sizes=\"auto, (max-width: 1920px) 100vw, 1920px\" srcset=\"https:\/\/knyphausen-wein.de\/wp-content\/uploads\/2021\/02\/history_02.jpg 1920w, https:\/\/knyphausen-wein.de\/wp-content\/uploads\/2021\/02\/history_02-300x169.jpg 300w, https:\/\/knyphausen-wein.de\/wp-content\/uploads\/2021\/02\/history_02-1024x576.jpg 1024w, https:\/\/knyphausen-wein.de\/wp-content\/uploads\/2021\/02\/history_02-768x432.jpg 768w, https:\/\/knyphausen-wein.de\/wp-content\/uploads\/2021\/02\/history_02-1536x864.jpg 1536w, https:\/\/knyphausen-wein.de\/wp-content\/uploads\/2021\/02\/history_02-150x84.jpg 150w, https:\/\/knyphausen-wein.de\/wp-content\/uploads\/2021\/02\/history_02-450x253.jpg 450w, https:\/\/knyphausen-wein.de\/wp-content\/uploads\/2021\/02\/history_02-1000x563.jpg 1000w\" \/><img loading=\"lazy\" decoding=\"async\" width=\"1080\" height=\"1080\" src=\"https:\/\/knyphausen-wein.de\/wp-content\/uploads\/2021\/02\/history_02m.jpg\" class=\"et-banner-alt-image\" alt=\"\" srcset=\"https:\/\/knyphausen-wein.de\/wp-content\/uploads\/2021\/02\/history_02m.jpg 1080w, https:\/\/knyphausen-wein.de\/wp-content\/uploads\/2021\/02\/history_02m-300x300.jpg 300w, https:\/\/knyphausen-wein.de\/wp-content\/uploads\/2021\/02\/history_02m-1024x1024.jpg 1024w, https:\/\/knyphausen-wein.de\/wp-content\/uploads\/2021\/02\/history_02m-150x150.jpg 150w, https:\/\/knyphausen-wein.de\/wp-content\/uploads\/2021\/02\/history_02m-768x768.jpg 768w, https:\/\/knyphausen-wein.de\/wp-content\/uploads\/2021\/02\/history_02m-450x450.jpg 450w, https:\/\/knyphausen-wein.de\/wp-content\/uploads\/2021\/02\/history_02m-1000x1000.jpg 1000w, https:\/\/knyphausen-wein.de\/wp-content\/uploads\/2021\/02\/history_02m-100x100.jpg 100w\" sizes=\"auto, (max-width: 1080px) 100vw, 1080px\" \/>\r\n\t\t<\/div>\r\n\t\t<div class=\"et-banner-69f8691b3f8ae et-banner content-full  image-type-fluid has-alt-image text-color-dark hover-effect  \"><img loading=\"lazy\" decoding=\"async\" width=\"1920\" height=\"1080\" src=\"https:\/\/knyphausen-wein.de\/wp-content\/uploads\/2021\/02\/history_03.jpg\" class=\"et-banner-main-image\" alt=\"\" sizes=\"auto, (max-width: 1920px) 100vw, 1920px\" srcset=\"https:\/\/knyphausen-wein.de\/wp-content\/uploads\/2021\/02\/history_03.jpg 1920w, https:\/\/knyphausen-wein.de\/wp-content\/uploads\/2021\/02\/history_03-300x169.jpg 300w, https:\/\/knyphausen-wein.de\/wp-content\/uploads\/2021\/02\/history_03-1024x576.jpg 1024w, https:\/\/knyphausen-wein.de\/wp-content\/uploads\/2021\/02\/history_03-768x432.jpg 768w, https:\/\/knyphausen-wein.de\/wp-content\/uploads\/2021\/02\/history_03-1536x864.jpg 1536w, https:\/\/knyphausen-wein.de\/wp-content\/uploads\/2021\/02\/history_03-150x84.jpg 150w, https:\/\/knyphausen-wein.de\/wp-content\/uploads\/2021\/02\/history_03-450x253.jpg 450w, https:\/\/knyphausen-wein.de\/wp-content\/uploads\/2021\/02\/history_03-1000x563.jpg 1000w\" \/><img loading=\"lazy\" decoding=\"async\" width=\"1080\" height=\"1080\" src=\"https:\/\/knyphausen-wein.de\/wp-content\/uploads\/2021\/02\/history_03m.jpg\" class=\"et-banner-alt-image\" alt=\"\" srcset=\"https:\/\/knyphausen-wein.de\/wp-content\/uploads\/2021\/02\/history_03m.jpg 1080w, https:\/\/knyphausen-wein.de\/wp-content\/uploads\/2021\/02\/history_03m-300x300.jpg 300w, https:\/\/knyphausen-wein.de\/wp-content\/uploads\/2021\/02\/history_03m-1024x1024.jpg 1024w, https:\/\/knyphausen-wein.de\/wp-content\/uploads\/2021\/02\/history_03m-150x150.jpg 150w, https:\/\/knyphausen-wein.de\/wp-content\/uploads\/2021\/02\/history_03m-768x768.jpg 768w, https:\/\/knyphausen-wein.de\/wp-content\/uploads\/2021\/02\/history_03m-450x450.jpg 450w, https:\/\/knyphausen-wein.de\/wp-content\/uploads\/2021\/02\/history_03m-1000x1000.jpg 1000w, https:\/\/knyphausen-wein.de\/wp-content\/uploads\/2021\/02\/history_03m-100x100.jpg 100w\" sizes=\"auto, (max-width: 1080px) 100vw, 1080px\" \/>\r\n\t\t<\/div>\r\n\t\t<div class=\"et-banner-69f8691b3fe1f et-banner content-full  image-type-fluid has-alt-image text-color-dark hover-effect  \"><img loading=\"lazy\" decoding=\"async\" width=\"1920\" height=\"1080\" src=\"https:\/\/knyphausen-wein.de\/wp-content\/uploads\/2021\/02\/history_04.jpg\" class=\"et-banner-main-image\" alt=\"\" sizes=\"auto, (max-width: 1920px) 100vw, 1920px\" srcset=\"https:\/\/knyphausen-wein.de\/wp-content\/uploads\/2021\/02\/history_04.jpg 1920w, https:\/\/knyphausen-wein.de\/wp-content\/uploads\/2021\/02\/history_04-300x169.jpg 300w, https:\/\/knyphausen-wein.de\/wp-content\/uploads\/2021\/02\/history_04-1024x576.jpg 1024w, https:\/\/knyphausen-wein.de\/wp-content\/uploads\/2021\/02\/history_04-768x432.jpg 768w, https:\/\/knyphausen-wein.de\/wp-content\/uploads\/2021\/02\/history_04-1536x864.jpg 1536w, https:\/\/knyphausen-wein.de\/wp-content\/uploads\/2021\/02\/history_04-150x84.jpg 150w, https:\/\/knyphausen-wein.de\/wp-content\/uploads\/2021\/02\/history_04-450x253.jpg 450w, https:\/\/knyphausen-wein.de\/wp-content\/uploads\/2021\/02\/history_04-1000x563.jpg 1000w\" \/><img loading=\"lazy\" decoding=\"async\" width=\"1080\" height=\"1080\" src=\"https:\/\/knyphausen-wein.de\/wp-content\/uploads\/2021\/02\/history_04m.jpg\" class=\"et-banner-alt-image\" alt=\"\" srcset=\"https:\/\/knyphausen-wein.de\/wp-content\/uploads\/2021\/02\/history_04m.jpg 1080w, https:\/\/knyphausen-wein.de\/wp-content\/uploads\/2021\/02\/history_04m-300x300.jpg 300w, https:\/\/knyphausen-wein.de\/wp-content\/uploads\/2021\/02\/history_04m-1024x1024.jpg 1024w, https:\/\/knyphausen-wein.de\/wp-content\/uploads\/2021\/02\/history_04m-150x150.jpg 150w, https:\/\/knyphausen-wein.de\/wp-content\/uploads\/2021\/02\/history_04m-768x768.jpg 768w, https:\/\/knyphausen-wein.de\/wp-content\/uploads\/2021\/02\/history_04m-450x450.jpg 450w, https:\/\/knyphausen-wein.de\/wp-content\/uploads\/2021\/02\/history_04m-1000x1000.jpg 1000w, https:\/\/knyphausen-wein.de\/wp-content\/uploads\/2021\/02\/history_04m-100x100.jpg 100w\" sizes=\"auto, (max-width: 1080px) 100vw, 1080px\" \/>\r\n\t\t<\/div>\r\n\t\t<div class=\"et-banner-69f8691b40279 et-banner content-full  image-type-fluid has-alt-image text-color-dark hover-effect  \"><img loading=\"lazy\" decoding=\"async\" width=\"1920\" height=\"1080\" src=\"https:\/\/knyphausen-wein.de\/wp-content\/uploads\/2021\/02\/history_05.jpg\" class=\"et-banner-main-image\" alt=\"\" sizes=\"auto, (max-width: 1920px) 100vw, 1920px\" srcset=\"https:\/\/knyphausen-wein.de\/wp-content\/uploads\/2021\/02\/history_05.jpg 1920w, https:\/\/knyphausen-wein.de\/wp-content\/uploads\/2021\/02\/history_05-300x169.jpg 300w, https:\/\/knyphausen-wein.de\/wp-content\/uploads\/2021\/02\/history_05-1024x576.jpg 1024w, https:\/\/knyphausen-wein.de\/wp-content\/uploads\/2021\/02\/history_05-768x432.jpg 768w, https:\/\/knyphausen-wein.de\/wp-content\/uploads\/2021\/02\/history_05-1536x864.jpg 1536w, https:\/\/knyphausen-wein.de\/wp-content\/uploads\/2021\/02\/history_05-150x84.jpg 150w, https:\/\/knyphausen-wein.de\/wp-content\/uploads\/2021\/02\/history_05-450x253.jpg 450w, https:\/\/knyphausen-wein.de\/wp-content\/uploads\/2021\/02\/history_05-1000x563.jpg 1000w\" \/><img loading=\"lazy\" decoding=\"async\" width=\"1080\" height=\"1080\" src=\"https:\/\/knyphausen-wein.de\/wp-content\/uploads\/2021\/02\/history_05m.jpg\" class=\"et-banner-alt-image\" alt=\"\" srcset=\"https:\/\/knyphausen-wein.de\/wp-content\/uploads\/2021\/02\/history_05m.jpg 1080w, https:\/\/knyphausen-wein.de\/wp-content\/uploads\/2021\/02\/history_05m-300x300.jpg 300w, https:\/\/knyphausen-wein.de\/wp-content\/uploads\/2021\/02\/history_05m-1024x1024.jpg 1024w, https:\/\/knyphausen-wein.de\/wp-content\/uploads\/2021\/02\/history_05m-150x150.jpg 150w, https:\/\/knyphausen-wein.de\/wp-content\/uploads\/2021\/02\/history_05m-768x768.jpg 768w, https:\/\/knyphausen-wein.de\/wp-content\/uploads\/2021\/02\/history_05m-450x450.jpg 450w, https:\/\/knyphausen-wein.de\/wp-content\/uploads\/2021\/02\/history_05m-1000x1000.jpg 1000w, https:\/\/knyphausen-wein.de\/wp-content\/uploads\/2021\/02\/history_05m-100x100.jpg 100w\" sizes=\"auto, (max-width: 1080px) 100vw, 1080px\" \/>\r\n\t\t<\/div>\r\n\t\t<div class=\"et-banner-69f8691b40706 et-banner content-full  image-type-fluid has-alt-image text-color-dark hover-effect  \"><img loading=\"lazy\" decoding=\"async\" width=\"1920\" height=\"1080\" src=\"https:\/\/knyphausen-wein.de\/wp-content\/uploads\/2021\/02\/history_06.jpg\" class=\"et-banner-main-image\" alt=\"\" sizes=\"auto, (max-width: 1920px) 100vw, 1920px\" srcset=\"https:\/\/knyphausen-wein.de\/wp-content\/uploads\/2021\/02\/history_06.jpg 1920w, https:\/\/knyphausen-wein.de\/wp-content\/uploads\/2021\/02\/history_06-300x169.jpg 300w, https:\/\/knyphausen-wein.de\/wp-content\/uploads\/2021\/02\/history_06-1024x576.jpg 1024w, https:\/\/knyphausen-wein.de\/wp-content\/uploads\/2021\/02\/history_06-768x432.jpg 768w, https:\/\/knyphausen-wein.de\/wp-content\/uploads\/2021\/02\/history_06-1536x864.jpg 1536w, https:\/\/knyphausen-wein.de\/wp-content\/uploads\/2021\/02\/history_06-150x84.jpg 150w, https:\/\/knyphausen-wein.de\/wp-content\/uploads\/2021\/02\/history_06-450x253.jpg 450w, https:\/\/knyphausen-wein.de\/wp-content\/uploads\/2021\/02\/history_06-1000x563.jpg 1000w\" \/><img loading=\"lazy\" decoding=\"async\" width=\"1080\" height=\"1080\" src=\"https:\/\/knyphausen-wein.de\/wp-content\/uploads\/2021\/02\/history_06m.jpg\" class=\"et-banner-alt-image\" alt=\"\" srcset=\"https:\/\/knyphausen-wein.de\/wp-content\/uploads\/2021\/02\/history_06m.jpg 1080w, https:\/\/knyphausen-wein.de\/wp-content\/uploads\/2021\/02\/history_06m-300x300.jpg 300w, https:\/\/knyphausen-wein.de\/wp-content\/uploads\/2021\/02\/history_06m-1024x1024.jpg 1024w, https:\/\/knyphausen-wein.de\/wp-content\/uploads\/2021\/02\/history_06m-150x150.jpg 150w, https:\/\/knyphausen-wein.de\/wp-content\/uploads\/2021\/02\/history_06m-768x768.jpg 768w, https:\/\/knyphausen-wein.de\/wp-content\/uploads\/2021\/02\/history_06m-450x450.jpg 450w, https:\/\/knyphausen-wein.de\/wp-content\/uploads\/2021\/02\/history_06m-1000x1000.jpg 1000w, https:\/\/knyphausen-wein.de\/wp-content\/uploads\/2021\/02\/history_06m-100x100.jpg 100w\" sizes=\"auto, (max-width: 1080px) 100vw, 1080px\" \/>\r\n\t\t<\/div>[\/vc_column][\/vc_row]\n","protected":false},"excerpt":{"rendered":"<p>[vc_row et_full_width=&#8221;true&#8221; et_row_padding=&#8221;true&#8221; et_column_align=&#8221;align-center&#8221; parallax=&#8221;content-moving&#8221;][vc_column et_column_color=&#8221;et-light-column&#8221;][vc_empty_space height=&#8221;5vh&#8221;][\/vc_column][\/vc_row][vc_row][vc_column width=&#8221;1\/2&#8243; css=&#8221;.vc_custom_1613830767561{background-color: #ebe9e6 !important;}&#8221;][vc_row_inner][vc_column_inner width=&#8221;1\/4&#8243; offset=&#8221;vc_hidden-md vc_hidden-sm vc_hidden-xs&#8221;][\/vc_column_inner][vc_column_inner width=&#8221;2\/4&#8243;][\/vc_column_inner][vc_column_inner width=&#8221;1\/4&#8243; offset=&#8221;vc_hidden-md vc_hidden-sm vc_hidden-xs&#8221;][\/vc_column_inner][\/vc_row_inner][vc_empty_space height=&#8221;5vh&#8221;][vc_row_inner et_row_padding=&#8221;true&#8221;][vc_column_inner width=&#8221;1\/6&#8243; offset=&#8221;vc_hidden-md vc_hidden-sm vc_hidden-xs&#8221;][\/vc_column_inner][vc_column_inner width=&#8221;2\/3&#8243;][vc_column_text]Rebsortenspiegel: 75% Riesling, 15% Sp\u00e4tburgunder, 5% Roter Riesling, 5% Historischer Rebensatz Lagen: 12 Hektar Rebfl\u00e4che in Spitzenlagen \u2013 Erbacher Marcobrunn, Erbacher Hohenrain, Erbacher Steinmorgen,&hellip;<\/p>\n","protected":false},"author":1,"featured_media":0,"parent":0,"menu_order":0,"comment_status":"closed","ping_status":"closed","template":"","meta":{"inline_featured_image":false,"footnotes":""},"class_list":["post-3305","page","type-page","status-publish","hentry"],"yoast_head":"<!-- This site is optimized with the Yoast SEO Premium plugin v15.9.1 - https:\/\/yoast.com\/wordpress\/plugins\/seo\/ -->\n<title>Das Weingut - Baron Knyphausen<\/title>\n<meta name=\"description\" content=\"Baron Knyphausen - Wei\u00dfweine, Ros\u00e9, Rotweine, Schaumweine von h\u00f6chster Qualit\u00e4t und f\u00fcr jeden Anlass jetzt online nach Hause bestellen.\" \/>\n<link rel=\"canonical\" href=\"https:\/\/knyphausen-wein.de\/homepage\/das-weingut\/\" \/>\n<meta property=\"og:locale\" content=\"de_DE\" \/>\n<meta property=\"og:type\" content=\"article\" \/>\n<meta property=\"og:title\" content=\"Das Weingut - Baron Knyphausen\" \/>\n<meta property=\"og:description\" content=\"Baron Knyphausen - Wei\u00dfweine, Ros\u00e9, Rotweine, Schaumweine von h\u00f6chster Qualit\u00e4t und f\u00fcr jeden Anlass jetzt online nach Hause bestellen.\" \/>\n<meta property=\"og:url\" content=\"https:\/\/knyphausen-wein.de\/homepage\/das-weingut\/\" \/>\n<meta property=\"og:site_name\" content=\"Baron Knyphausen\" \/>\n<meta property=\"article:publisher\" content=\"https:\/\/www.facebook.com\/weingutbaronknyphausen\" \/>\n<meta property=\"article:modified_time\" content=\"2021-02-20T15:22:14+00:00\" \/>\n<meta property=\"og:image\" content=\"https:\/\/knyphausen-wein.de\/wp-content\/uploads\/2021\/02\/Knyphausen_PreOpening_0194_Web_EBVsRGB.jpg\" \/>\n\t<meta property=\"og:image:width\" content=\"1935\" \/>\n\t<meta property=\"og:image:height\" content=\"1290\" \/>\n<meta name=\"twitter:card\" content=\"summary_large_image\" \/>\n<meta name=\"twitter:label1\" content=\"Gesch\u00e4tzte Lesezeit\">\n\t<meta name=\"twitter:data1\" content=\"2\u00a0Minuten\">\n<script type=\"application\/ld+json\" class=\"yoast-schema-graph\">{\"@context\":\"https:\/\/schema.org\",\"@graph\":[{\"@type\":\"Organization\",\"@id\":\"https:\/\/knyphausen-wein.de\/homepage\/#organization\",\"name\":\"Baron Knyphausen\",\"url\":\"https:\/\/knyphausen-wein.de\/homepage\/\",\"sameAs\":[\"https:\/\/www.facebook.com\/weingutbaronknyphausen\",\"https:\/\/www.instagram.com\/weingutbaronknyphausen\/\"],\"logo\":{\"@type\":\"ImageObject\",\"@id\":\"https:\/\/knyphausen-wein.de\/homepage\/#logo\",\"inLanguage\":\"de\",\"url\":\"https:\/\/knyphausen-wein.de\/wp-content\/uploads\/2021\/02\/logo_bk_png.png\",\"width\":486,\"height\":162,\"caption\":\"Baron Knyphausen\"},\"image\":{\"@id\":\"https:\/\/knyphausen-wein.de\/homepage\/#logo\"}},{\"@type\":\"WebSite\",\"@id\":\"https:\/\/knyphausen-wein.de\/homepage\/#website\",\"url\":\"https:\/\/knyphausen-wein.de\/homepage\/\",\"name\":\"Baron Knyphausen\",\"description\":\"Weinshop\",\"publisher\":{\"@id\":\"https:\/\/knyphausen-wein.de\/homepage\/#organization\"},\"potentialAction\":[{\"@type\":\"SearchAction\",\"target\":\"https:\/\/knyphausen-wein.de\/homepage\/?s={search_term_string}\",\"query-input\":\"required name=search_term_string\"}],\"inLanguage\":\"de\"},{\"@type\":\"WebPage\",\"@id\":\"https:\/\/knyphausen-wein.de\/homepage\/das-weingut\/#webpage\",\"url\":\"https:\/\/knyphausen-wein.de\/homepage\/das-weingut\/\",\"name\":\"Das Weingut - Baron Knyphausen\",\"isPartOf\":{\"@id\":\"https:\/\/knyphausen-wein.de\/homepage\/#website\"},\"datePublished\":\"2020-01-17T18:13:38+00:00\",\"dateModified\":\"2021-02-20T15:22:14+00:00\",\"description\":\"Baron Knyphausen - Wei\\u00dfweine, Ros\\u00e9, Rotweine, Schaumweine von h\\u00f6chster Qualit\\u00e4t und f\\u00fcr jeden Anlass jetzt online nach Hause bestellen.\",\"breadcrumb\":{\"@id\":\"https:\/\/knyphausen-wein.de\/homepage\/das-weingut\/#breadcrumb\"},\"inLanguage\":\"de\",\"potentialAction\":[{\"@type\":\"ReadAction\",\"target\":[\"https:\/\/knyphausen-wein.de\/homepage\/das-weingut\/\"]}]},{\"@type\":\"BreadcrumbList\",\"@id\":\"https:\/\/knyphausen-wein.de\/homepage\/das-weingut\/#breadcrumb\",\"itemListElement\":[{\"@type\":\"ListItem\",\"position\":1,\"item\":{\"@type\":\"WebPage\",\"@id\":\"https:\/\/knyphausen-wein.de\/homepage\/\",\"url\":\"https:\/\/knyphausen-wein.de\/homepage\/\",\"name\":\"Startseite\"}},{\"@type\":\"ListItem\",\"position\":2,\"item\":{\"@type\":\"WebPage\",\"@id\":\"https:\/\/knyphausen-wein.de\/homepage\/das-weingut\/\",\"url\":\"https:\/\/knyphausen-wein.de\/homepage\/das-weingut\/\",\"name\":\"Das Weingut\"}}]}]}<\/script>\n<!-- \/ Yoast SEO Premium plugin. -->","_links":{"self":[{"href":"https:\/\/knyphausen-wein.de\/homepage\/wp-json\/wp\/v2\/pages\/3305","targetHints":{"allow":["GET"]}}],"collection":[{"href":"https:\/\/knyphausen-wein.de\/homepage\/wp-json\/wp\/v2\/pages"}],"about":[{"href":"https:\/\/knyphausen-wein.de\/homepage\/wp-json\/wp\/v2\/types\/page"}],"author":[{"embeddable":true,"href":"https:\/\/knyphausen-wein.de\/homepage\/wp-json\/wp\/v2\/users\/1"}],"replies":[{"embeddable":true,"href":"https:\/\/knyphausen-wein.de\/homepage\/wp-json\/wp\/v2\/comments?post=3305"}],"version-history":[{"count":10,"href":"https:\/\/knyphausen-wein.de\/homepage\/wp-json\/wp\/v2\/pages\/3305\/revisions"}],"predecessor-version":[{"id":3976,"href":"https:\/\/knyphausen-wein.de\/homepage\/wp-json\/wp\/v2\/pages\/3305\/revisions\/3976"}],"wp:attachment":[{"href":"https:\/\/knyphausen-wein.de\/homepage\/wp-json\/wp\/v2\/media?parent=3305"}],"curies":[{"name":"wp","href":"https:\/\/api.w.org\/{rel}","templated":true}]}}