{"id":3586,"date":"2021-02-16T11:13:40","date_gmt":"2021-02-16T10:13:40","guid":{"rendered":"https:\/\/knyphausen-wein.de\/versand__lieferung\/"},"modified":"2024-01-30T10:07:41","modified_gmt":"2024-01-30T09:07:41","slug":"versand__lieferung","status":"publish","type":"page","link":"https:\/\/knyphausen-wein.de\/homepage\/versand__lieferung\/","title":{"rendered":"Versand &amp; Lieferung"},"content":{"rendered":"<p>Versandkosten bei einer einzelnen Flasche \u20ac 6,00. Versandkosten pro Karton bis 15 Flaschen \u20ac 9,50. Bitte beachtet: Das Paketgewicht bei 15 Flaschen betr\u00e4gt ca. 20 Kilogramm. Falls Ihr kleinere Verpackungsgr\u00f6\u00dfen w\u00fcnscht, informiert uns bitte \u00fcber das Feld Anmerkungen im Bestellprozess. Pro weiteres Paket fallen dann zus\u00e4tzlich \u20ac 9,50 Versandkosten an. Ein Versand kann in 3er, 6er, 9er, 12er oder 15er Kartons erfolgen. Ab 30 Flaschen liefern wir versandkostenfrei. Ab einer Menge von ca. 60 Flaschen erfolgt die Lieferung innerhalb Deutschlands standardm\u00e4\u00dfig frei Bordsteinkante an einen Empf\u00e4nger per Speditionsversand.<\/p><p><\/p>","protected":false},"excerpt":{"rendered":"<p>Versandkosten bei einer einzelnen Flasche \u20ac 6,00. Versandkosten pro Karton bis 15 Flaschen \u20ac 9,50. Bitte beachtet: Das Paketgewicht bei 15 Flaschen betr\u00e4gt ca. 20 Kilogramm. Falls Ihr kleinere Verpackungsgr\u00f6\u00dfen w\u00fcnscht, informiert uns bitte \u00fcber das Feld Anmerkungen im Bestellprozess. Pro weiteres Paket fallen dann zus\u00e4tzlich \u20ac 9,50 Versandkosten an.&hellip;<\/p>\n","protected":false},"author":1,"featured_media":0,"parent":0,"menu_order":0,"comment_status":"closed","ping_status":"closed","template":"","meta":{"inline_featured_image":false,"footnotes":""},"class_list":["post-3586","page","type-page","status-publish","hentry"],"yoast_head":"<!-- This site is optimized with the Yoast SEO Premium plugin v15.9.1 - https:\/\/yoast.com\/wordpress\/plugins\/seo\/ -->\n<title>Versand &amp; Lieferung - Baron Knyphausen<\/title>\n<meta name=\"description\" content=\"Baron Knyphausen - Wei\u00dfweine, Ros\u00e9, Rotweine, Schaumweine von h\u00f6chster Qualit\u00e4t und f\u00fcr jeden Anlass jetzt online nach Hause bestellen.\" \/>\n<link rel=\"canonical\" href=\"https:\/\/knyphausen-wein.de\/homepage\/versand__lieferung\/\" \/>\n<meta property=\"og:locale\" content=\"de_DE\" \/>\n<meta property=\"og:type\" content=\"article\" \/>\n<meta property=\"og:title\" content=\"Versand &amp; Lieferung - Baron Knyphausen\" \/>\n<meta property=\"og:description\" content=\"Baron Knyphausen - Wei\u00dfweine, Ros\u00e9, Rotweine, Schaumweine von h\u00f6chster Qualit\u00e4t und f\u00fcr jeden Anlass jetzt online nach Hause bestellen.\" \/>\n<meta property=\"og:url\" content=\"https:\/\/knyphausen-wein.de\/homepage\/versand__lieferung\/\" \/>\n<meta property=\"og:site_name\" content=\"Baron Knyphausen\" \/>\n<meta property=\"article:publisher\" content=\"https:\/\/www.facebook.com\/weingutbaronknyphausen\" \/>\n<meta property=\"article:modified_time\" content=\"2024-01-30T09:07:41+00:00\" \/>\n<meta property=\"og:image\" content=\"https:\/\/knyphausen-wein.de\/wp-content\/uploads\/2021\/02\/Knyphausen_PreOpening_0194_Web_EBVsRGB.jpg\" \/>\n\t<meta property=\"og:image:width\" content=\"1935\" \/>\n\t<meta property=\"og:image:height\" content=\"1290\" \/>\n<meta name=\"twitter:card\" content=\"summary_large_image\" \/>\n<meta name=\"twitter:label1\" content=\"Gesch\u00e4tzte Lesezeit\">\n\t<meta name=\"twitter:data1\" content=\"1\u00a0Minute\">\n<script type=\"application\/ld+json\" class=\"yoast-schema-graph\">{\"@context\":\"https:\/\/schema.org\",\"@graph\":[{\"@type\":\"Organization\",\"@id\":\"https:\/\/knyphausen-wein.de\/homepage\/#organization\",\"name\":\"Baron Knyphausen\",\"url\":\"https:\/\/knyphausen-wein.de\/homepage\/\",\"sameAs\":[\"https:\/\/www.facebook.com\/weingutbaronknyphausen\",\"https:\/\/www.instagram.com\/weingutbaronknyphausen\/\"],\"logo\":{\"@type\":\"ImageObject\",\"@id\":\"https:\/\/knyphausen-wein.de\/homepage\/#logo\",\"inLanguage\":\"de\",\"url\":\"https:\/\/knyphausen-wein.de\/wp-content\/uploads\/2021\/02\/logo_bk_png.png\",\"width\":486,\"height\":162,\"caption\":\"Baron Knyphausen\"},\"image\":{\"@id\":\"https:\/\/knyphausen-wein.de\/homepage\/#logo\"}},{\"@type\":\"WebSite\",\"@id\":\"https:\/\/knyphausen-wein.de\/homepage\/#website\",\"url\":\"https:\/\/knyphausen-wein.de\/homepage\/\",\"name\":\"Baron Knyphausen\",\"description\":\"Weinshop\",\"publisher\":{\"@id\":\"https:\/\/knyphausen-wein.de\/homepage\/#organization\"},\"potentialAction\":[{\"@type\":\"SearchAction\",\"target\":\"https:\/\/knyphausen-wein.de\/homepage\/?s={search_term_string}\",\"query-input\":\"required name=search_term_string\"}],\"inLanguage\":\"de\"},{\"@type\":\"WebPage\",\"@id\":\"https:\/\/knyphausen-wein.de\/homepage\/versand__lieferung\/#webpage\",\"url\":\"https:\/\/knyphausen-wein.de\/homepage\/versand__lieferung\/\",\"name\":\"Versand &amp; Lieferung - Baron Knyphausen\",\"isPartOf\":{\"@id\":\"https:\/\/knyphausen-wein.de\/homepage\/#website\"},\"datePublished\":\"2021-02-16T10:13:40+00:00\",\"dateModified\":\"2024-01-30T09:07:41+00:00\",\"description\":\"Baron Knyphausen - Wei\\u00dfweine, Ros\\u00e9, Rotweine, Schaumweine von h\\u00f6chster Qualit\\u00e4t und f\\u00fcr jeden Anlass jetzt online nach Hause bestellen.\",\"breadcrumb\":{\"@id\":\"https:\/\/knyphausen-wein.de\/homepage\/versand__lieferung\/#breadcrumb\"},\"inLanguage\":\"de\",\"potentialAction\":[{\"@type\":\"ReadAction\",\"target\":[\"https:\/\/knyphausen-wein.de\/homepage\/versand__lieferung\/\"]}]},{\"@type\":\"BreadcrumbList\",\"@id\":\"https:\/\/knyphausen-wein.de\/homepage\/versand__lieferung\/#breadcrumb\",\"itemListElement\":[{\"@type\":\"ListItem\",\"position\":1,\"item\":{\"@type\":\"WebPage\",\"@id\":\"https:\/\/knyphausen-wein.de\/homepage\/\",\"url\":\"https:\/\/knyphausen-wein.de\/homepage\/\",\"name\":\"Startseite\"}},{\"@type\":\"ListItem\",\"position\":2,\"item\":{\"@type\":\"WebPage\",\"@id\":\"https:\/\/knyphausen-wein.de\/homepage\/versand__lieferung\/\",\"url\":\"https:\/\/knyphausen-wein.de\/homepage\/versand__lieferung\/\",\"name\":\"Versand &amp; Lieferung\"}}]}]}<\/script>\n<!-- \/ Yoast SEO Premium plugin. -->","_links":{"self":[{"href":"https:\/\/knyphausen-wein.de\/homepage\/wp-json\/wp\/v2\/pages\/3586","targetHints":{"allow":["GET"]}}],"collection":[{"href":"https:\/\/knyphausen-wein.de\/homepage\/wp-json\/wp\/v2\/pages"}],"about":[{"href":"https:\/\/knyphausen-wein.de\/homepage\/wp-json\/wp\/v2\/types\/page"}],"author":[{"embeddable":true,"href":"https:\/\/knyphausen-wein.de\/homepage\/wp-json\/wp\/v2\/users\/1"}],"replies":[{"embeddable":true,"href":"https:\/\/knyphausen-wein.de\/homepage\/wp-json\/wp\/v2\/comments?post=3586"}],"version-history":[{"count":3,"href":"https:\/\/knyphausen-wein.de\/homepage\/wp-json\/wp\/v2\/pages\/3586\/revisions"}],"predecessor-version":[{"id":11020,"href":"https:\/\/knyphausen-wein.de\/homepage\/wp-json\/wp\/v2\/pages\/3586\/revisions\/11020"}],"wp:attachment":[{"href":"https:\/\/knyphausen-wein.de\/homepage\/wp-json\/wp\/v2\/media?parent=3586"}],"curies":[{"name":"wp","href":"https:\/\/api.w.org\/{rel}","templated":true}]}}