{"id":3592,"date":"2021-02-16T11:13:40","date_gmt":"2021-02-16T10:13:40","guid":{"rendered":"https:\/\/knyphausen-wein.de\/allgemeine_geschaeftsbedingungen\/"},"modified":"2025-07-23T11:18:04","modified_gmt":"2025-07-23T09:18:04","slug":"allgemeine_geschaeftsbedingungen","status":"publish","type":"page","link":"https:\/\/knyphausen-wein.de\/homepage\/allgemeine_geschaeftsbedingungen\/","title":{"rendered":"Allgemeine Gesch\u00e4ftsbedingungen"},"content":{"rendered":"<div>\n<h2>\u00a71 Bestellung<\/h2>\n<p>Ein Vertrag kommt regelm\u00e4\u00dfig durch Ihre Bestellung einerseits und durch die Lieferung der bestellten Ware oder unsere Auftragsbest\u00e4tigung andererseits zustande. Reagieren wir nicht innerhalb von vierzehn Tagen, so gilt die Bestellung als abgelehnt. Ihre Bestellung im Online Wineshop wird per email an uns \u00fcbermittelt. Nach Versand der Ware wird die email-Nachricht bei uns gel\u00f6scht. \u2014 Ihre Anschrift wird in unserer Kundenkartei gespeichert. F\u00fcr die Korrektur eventuell falsch eingegebener Bestellangaben haben wir keine technischen Hilfsmittel vorgesehen. Setzen Sie sich in diesem Fall zur Korrektur der Bestelldaten telefonisch mit uns in Verbindung:<\/p>\n<p>Tel.:\u00a0+49 (0)6123 \/ 790 71-0<br \/>\nFax: +49 (0)6123 \/ 790 71 18<\/p>\n<h2>\u00a72 Angebot<\/h2>\n<p>Das Angebot ist freibleibend. Sollte bei Eingang Ihrer Bestellung der gew\u00fcnschte Wein ausverkauft sein, erlauben wir uns, einen Wein \u00e4hnlicher Qualit\u00e4t und Preislage nach vorheriger R\u00fccksprache zu liefern. Mit Herausgabe dieses Angebotes verlieren alle vorhergehenden ihre G\u00fcltigkeit.<\/p>\n<h2>\u00a73 Preisstellung<\/h2>\n<p>Die Angebotspreise verstehen sich per Flasche einschl. Glas, Ausstattung, Verpackung, Sekt- und Mehrwertsteuer, ab Weingut und richtet sich an den Endverbraucher.<\/p>\n<h2>\u00a74 Lieferung<\/h2>\n<p>Versandkosten bei einer einzelnen Flasche \u20ac 6,00. Versandkosten pro Karton bis 15 Flaschen \u20ac 9,50. Bitte beachtet: Das Paketgewicht bei 15 Flaschen betr\u00e4gt ca. 20 Kilogramm. Falls Ihr kleinere Verpackungsgr\u00f6\u00dfen w\u00fcnscht, informiert uns bitte \u00fcber das Feld Anmerkungen im Bestellprozess. Pro Paket fallen dann zus\u00e4tzlich \u20ac 9,50 Versandkosten an. Ein Versand kann in 3er, 6er, 9er, 12er oder 15er Kartons erfolgen. Ab 30 Flaschen liefern wir versandkostenfrei. Ab einer Menge von ca. 60 Flaschen erfolgt die Lieferung innerhalb Deutschlands standardm\u00e4\u00dfig frei Bordsteinkante an einen Empf\u00e4nger per Speditionsversand.<\/p>\n<h2>\u00a75 Stornierungsbedingungen<\/h2>\n<p>Da wir ausschlie\u00dflich frische Ware zur Zubereitung unserer Produkte verwenden, deren Bestellung und Verarbeitung eine bestimmte Vorlaufzeit ben\u00f6tigt sind kostenfreie Stornierungen von gebuchten VERANSTALTUNGEN nur bis 8 Tage vor Veranstaltungstermin m\u00f6glich. Danach f\u00e4llt eine Stornogeb\u00fchr von 100% an. F\u00fcr Warenlieferungen gelten hingegen die gesetzlichen Bestimmungen des Fernabsatzgesetzes.<\/p>\n<h2>\u00a76 Erstbestellungen<\/h2>\n<p>Bei uns unbekannten Abnehmern behalten wir uns die Lieferung per Vorkasse vor. Sie erhalten vorab eine Rechnung. Nach Zahlungseingang versenden wir die Weine.<\/p>\n<h2>\u00a77 Zahlung<\/h2>\n<p>Der Kaufpreis ist innerhalb von 14 Tagen netto Kasse zu zahlen.<\/p>\n<h2>\u00a78 Konten<\/h2>\n<p>Rheingauer Volksbank e.G.<br \/>\nIBAN: DE 31 5109 1500 0040 0948 22<br \/>\nBIC: GENODE51RGG<\/p>\n<\/div>\n<div>\n<h2>\u00a79 Transportsch\u00e4den<\/h2>\n<p>\u2026 werden voll ersetzt, da wir nur in post- und bahnanerkannter Verpackung versenden. Es ist jedoch erforderlich, den Schaden sofort bei Auslieferung von dem Transportunternehmer auf dem Frachtbrief best\u00e4tigen zu lassen.<\/p>\n<h2>\u00a710 Eigentumsvorbehalt<\/h2>\n<p>\u2026 an der gelieferten Ware machen wir gem. \u00a7 455 BGB, unter Einschluss des verl\u00e4ngerten Eigentumsvorbehaltes, bis zur vollst\u00e4ndigen Bezahlung des Kaufpreises geltend.<\/p>\n<h2>\u00a711 Datenschutz<\/h2>\n<p>Knyphausen GmbH &amp; Co. KG verarbeitet personenbezogene Daten des Kunden zweckgebunden und gem\u00e4\u00df den gesetzlichen Bestimmungen. Die zum Zwecke der Bestellung von Waren angegebenen pers\u00f6nlichen Daten (wie Name, E-Mail-Adresse, Anschrift, Zahlungsdaten) werden von der Knyphausen GmbH &amp; Co. KG zur Erf\u00fcllung und Abwicklung des Vertrags verwendet. Diese Daten werden von der Knyphausen GmbH &amp; Co. KG vertraulich behandelt und nicht an Dritte weitergegeben, die nicht am Bestell-, Auslieferungs- und Zahlungsvorgang beteiligt sind. Der Kunde hat das Recht, auf Antrag unentgeltlich Auskunft zu erhalten \u00fcber die personenbezogenen Daten, die von der Knyphausen GmbH &amp; Co. KG \u00fcber ihn gespeichert wurden. Zus\u00e4tzlich hat er das Recht auf Berichtigung unrichtiger Daten, Sperrung und L\u00f6schung seiner personenbezogenen Daten, soweit keine gesetzliche Aufbewahrungspflicht entgegensteht. Die L\u00f6schung der erhobenen Bestandsdaten erfolgt entsprechend den gesetzlichen Bestimmungen.<\/p>\n<h2>\u00a712 Alterskontrolle<\/h2>\n<p>Wir weisen Sie darauf hin, dass die Abgabe alkoholischer Getr\u00e4nke an Kinder und Jugendliche verboten ist. Mit Absenden Ihrer Bestellung best\u00e4tigen Sie, dass Sie das 18. Lebensjahr vollendet haben, voll gesch\u00e4ftsf\u00e4hig sind und erkl\u00e4ren sich damit einverstanden, dass wir das von Ihnen angegebene Alter \u00fcberpr\u00fcfen oder durch die Schufa, Kormoranweg 5, 65201 Wiesbaden, \u00fcberpr\u00fcfen lassen. Sie verpflichten sich, dass nur Sie selbst oder andere vollj\u00e4hrige Personen die Lieferung entgegennehmen.<\/p>\n<h2>\u00a713 Schlussbestimmungen<\/h2>\n<p>a) Sollten einzelne Regelungen dieser AGB unwirksam sein oder werden, wird dadurch die Wirksamkeit der \u00fcbrigen Regelungen nicht ber\u00fchrt.<br \/>\nb) Es gilt deutsches Recht unter Ausschluss des Internationalen Privatrechts und des ins deutsche Recht \u00fcbernommenen UN-Kaufrechts.<\/p>\n<\/div>\n","protected":false},"excerpt":{"rendered":"<p>\u00a71 Bestellung Ein Vertrag kommt regelm\u00e4\u00dfig durch Ihre Bestellung einerseits und durch die Lieferung der bestellten Ware oder unsere Auftragsbest\u00e4tigung andererseits zustande. Reagieren wir nicht innerhalb von vierzehn Tagen, so gilt die Bestellung als abgelehnt. Ihre Bestellung im Online Wineshop wird per email an uns \u00fcbermittelt. Nach Versand der Ware&hellip;<\/p>\n","protected":false},"author":1,"featured_media":0,"parent":0,"menu_order":0,"comment_status":"closed","ping_status":"closed","template":"","meta":{"inline_featured_image":false,"footnotes":""},"class_list":["post-3592","page","type-page","status-publish","hentry"],"yoast_head":"<!-- This site is optimized with the Yoast SEO Premium plugin v15.9.1 - https:\/\/yoast.com\/wordpress\/plugins\/seo\/ -->\n<title>Allgemeine Gesch\u00e4ftsbedingungen - Baron Knyphausen<\/title>\n<meta name=\"description\" content=\"Baron Knyphausen - Wei\u00dfweine, Ros\u00e9, Rotweine, Schaumweine von h\u00f6chster Qualit\u00e4t und f\u00fcr jeden Anlass jetzt online nach Hause bestellen.\" \/>\n<link rel=\"canonical\" href=\"https:\/\/knyphausen-wein.de\/homepage\/allgemeine_geschaeftsbedingungen\/\" \/>\n<meta property=\"og:locale\" content=\"de_DE\" \/>\n<meta property=\"og:type\" content=\"article\" \/>\n<meta property=\"og:title\" content=\"Allgemeine Gesch\u00e4ftsbedingungen - Baron Knyphausen\" \/>\n<meta property=\"og:description\" content=\"Baron Knyphausen - Wei\u00dfweine, Ros\u00e9, Rotweine, Schaumweine von h\u00f6chster Qualit\u00e4t und f\u00fcr jeden Anlass jetzt online nach Hause bestellen.\" \/>\n<meta property=\"og:url\" content=\"https:\/\/knyphausen-wein.de\/homepage\/allgemeine_geschaeftsbedingungen\/\" \/>\n<meta property=\"og:site_name\" content=\"Baron Knyphausen\" \/>\n<meta property=\"article:publisher\" content=\"https:\/\/www.facebook.com\/weingutbaronknyphausen\" \/>\n<meta property=\"article:modified_time\" content=\"2025-07-23T09:18:04+00:00\" \/>\n<meta property=\"og:image\" content=\"https:\/\/knyphausen-wein.de\/wp-content\/uploads\/2021\/02\/Knyphausen_PreOpening_0194_Web_EBVsRGB.jpg\" \/>\n\t<meta property=\"og:image:width\" content=\"1935\" \/>\n\t<meta property=\"og:image:height\" content=\"1290\" \/>\n<meta name=\"twitter:card\" content=\"summary_large_image\" \/>\n<meta name=\"twitter:label1\" content=\"Gesch\u00e4tzte Lesezeit\">\n\t<meta name=\"twitter:data1\" content=\"4\u00a0Minuten\">\n<script type=\"application\/ld+json\" class=\"yoast-schema-graph\">{\"@context\":\"https:\/\/schema.org\",\"@graph\":[{\"@type\":\"Organization\",\"@id\":\"https:\/\/knyphausen-wein.de\/homepage\/#organization\",\"name\":\"Baron Knyphausen\",\"url\":\"https:\/\/knyphausen-wein.de\/homepage\/\",\"sameAs\":[\"https:\/\/www.facebook.com\/weingutbaronknyphausen\",\"https:\/\/www.instagram.com\/weingutbaronknyphausen\/\"],\"logo\":{\"@type\":\"ImageObject\",\"@id\":\"https:\/\/knyphausen-wein.de\/homepage\/#logo\",\"inLanguage\":\"de\",\"url\":\"https:\/\/knyphausen-wein.de\/wp-content\/uploads\/2021\/02\/logo_bk_png.png\",\"width\":486,\"height\":162,\"caption\":\"Baron Knyphausen\"},\"image\":{\"@id\":\"https:\/\/knyphausen-wein.de\/homepage\/#logo\"}},{\"@type\":\"WebSite\",\"@id\":\"https:\/\/knyphausen-wein.de\/homepage\/#website\",\"url\":\"https:\/\/knyphausen-wein.de\/homepage\/\",\"name\":\"Baron Knyphausen\",\"description\":\"Weinshop\",\"publisher\":{\"@id\":\"https:\/\/knyphausen-wein.de\/homepage\/#organization\"},\"potentialAction\":[{\"@type\":\"SearchAction\",\"target\":\"https:\/\/knyphausen-wein.de\/homepage\/?s={search_term_string}\",\"query-input\":\"required name=search_term_string\"}],\"inLanguage\":\"de\"},{\"@type\":\"WebPage\",\"@id\":\"https:\/\/knyphausen-wein.de\/homepage\/allgemeine_geschaeftsbedingungen\/#webpage\",\"url\":\"https:\/\/knyphausen-wein.de\/homepage\/allgemeine_geschaeftsbedingungen\/\",\"name\":\"Allgemeine Gesch\\u00e4ftsbedingungen - Baron Knyphausen\",\"isPartOf\":{\"@id\":\"https:\/\/knyphausen-wein.de\/homepage\/#website\"},\"datePublished\":\"2021-02-16T10:13:40+00:00\",\"dateModified\":\"2025-07-23T09:18:04+00:00\",\"description\":\"Baron Knyphausen - Wei\\u00dfweine, Ros\\u00e9, Rotweine, Schaumweine von h\\u00f6chster Qualit\\u00e4t und f\\u00fcr jeden Anlass jetzt online nach Hause bestellen.\",\"breadcrumb\":{\"@id\":\"https:\/\/knyphausen-wein.de\/homepage\/allgemeine_geschaeftsbedingungen\/#breadcrumb\"},\"inLanguage\":\"de\",\"potentialAction\":[{\"@type\":\"ReadAction\",\"target\":[\"https:\/\/knyphausen-wein.de\/homepage\/allgemeine_geschaeftsbedingungen\/\"]}]},{\"@type\":\"BreadcrumbList\",\"@id\":\"https:\/\/knyphausen-wein.de\/homepage\/allgemeine_geschaeftsbedingungen\/#breadcrumb\",\"itemListElement\":[{\"@type\":\"ListItem\",\"position\":1,\"item\":{\"@type\":\"WebPage\",\"@id\":\"https:\/\/knyphausen-wein.de\/homepage\/\",\"url\":\"https:\/\/knyphausen-wein.de\/homepage\/\",\"name\":\"Startseite\"}},{\"@type\":\"ListItem\",\"position\":2,\"item\":{\"@type\":\"WebPage\",\"@id\":\"https:\/\/knyphausen-wein.de\/homepage\/allgemeine_geschaeftsbedingungen\/\",\"url\":\"https:\/\/knyphausen-wein.de\/homepage\/allgemeine_geschaeftsbedingungen\/\",\"name\":\"Allgemeine Gesch\\u00e4ftsbedingungen\"}}]}]}<\/script>\n<!-- \/ Yoast SEO Premium plugin. -->","_links":{"self":[{"href":"https:\/\/knyphausen-wein.de\/homepage\/wp-json\/wp\/v2\/pages\/3592","targetHints":{"allow":["GET"]}}],"collection":[{"href":"https:\/\/knyphausen-wein.de\/homepage\/wp-json\/wp\/v2\/pages"}],"about":[{"href":"https:\/\/knyphausen-wein.de\/homepage\/wp-json\/wp\/v2\/types\/page"}],"author":[{"embeddable":true,"href":"https:\/\/knyphausen-wein.de\/homepage\/wp-json\/wp\/v2\/users\/1"}],"replies":[{"embeddable":true,"href":"https:\/\/knyphausen-wein.de\/homepage\/wp-json\/wp\/v2\/comments?post=3592"}],"version-history":[{"count":5,"href":"https:\/\/knyphausen-wein.de\/homepage\/wp-json\/wp\/v2\/pages\/3592\/revisions"}],"predecessor-version":[{"id":12607,"href":"https:\/\/knyphausen-wein.de\/homepage\/wp-json\/wp\/v2\/pages\/3592\/revisions\/12607"}],"wp:attachment":[{"href":"https:\/\/knyphausen-wein.de\/homepage\/wp-json\/wp\/v2\/media?parent=3592"}],"curies":[{"name":"wp","href":"https:\/\/api.w.org\/{rel}","templated":true}]}}