{"id":3836,"date":"2021-02-19T12:44:04","date_gmt":"2021-02-19T11:44:04","guid":{"rendered":"https:\/\/knyphausen-wein.de\/?page_id=3836"},"modified":"2025-05-05T13:08:32","modified_gmt":"2025-05-05T11:08:32","slug":"historischer-rebensatz","status":"publish","type":"page","link":"https:\/\/knyphausen-wein.de\/homepage\/historischer-rebensatz\/","title":{"rendered":"Historischer Rebensatz"},"content":{"rendered":"[vc_row et_full_width=&#8221;true&#8221; et_row_padding=&#8221;true&#8221; full_height=&#8221;yes&#8221; columns_placement=&#8221;stretch&#8221; equal_height=&#8221;yes&#8221; content_placement=&#8221;middle&#8221; css=&#8221;.vc_custom_1613735876321{padding-top: 80px !important;padding-bottom: 80px !important;background: #f4f4f4 url(https:\/\/knyphausen-wein.de\/wp-content\/uploads\/2021\/02\/historisch-2-scaled.jpg?id=3846) !important;background-position: center !important;background-repeat: no-repeat !important;background-size: cover !important;}&#8221; el_class=&#8221;video-bg-row&#8221;][vc_column][vc_row_inner et_max_width=&#8221;&#8221; equal_height=&#8221;yes&#8221; content_placement=&#8221;middle&#8221; css=&#8221;.vc_custom_1562734895463{background-position: center !important;background-repeat: no-repeat !important;background-size: cover !important;}&#8221;][vc_column_inner width=&#8221;1\/2&#8243; css=&#8221;.vc_custom_1562725835995{padding-top: 20% !important;padding-right: 20% !important;padding-bottom: 20% !important;padding-left: 20% !important;}&#8221;][vc_column_text animation=&#8221;animation bottom-to-top&#8221; css=&#8221;.vc_custom_1746443310704{margin-top: 30px !important;}&#8221;]\n<h1 style=\"text-align: center\">Unser Historischer Rebensatz<\/h1>\n<blockquote>\n<p style=\"text-align: center\">Der 22er Jahrgang ist die perfekte Fusion aus exotischer Frucht und lebendiger, frischer S\u00e4ure. Idealer Speisebegleiter zu frischen Salaten, Fischgerichten und Gem\u00fcseauflauf.<\/p>\n<\/blockquote>\n[\/vc_column_text][\/vc_column_inner][\/vc_row_inner][\/vc_column][\/vc_row][vc_row et_full_width=&#8221;true&#8221; et_row_padding=&#8221;true&#8221; css=&#8221;.vc_custom_1579745009383{padding-top: 60px !important;padding-bottom: 60px !important;}&#8221;][vc_column][vc_row_inner content_placement=&#8221;middle&#8221; el_class=&#8221;align-center&#8221;][vc_column_inner animation=&#8221;animation left-to-right&#8221; offset=&#8221;vc_col-md-7&#8243;][vc_single_image image=&#8221;3848&#8243; img_size=&#8221;full&#8221;][\/vc_column_inner][vc_column_inner animation=&#8221;animation right-to-left&#8221; offset=&#8221;vc_col-md-5&#8243; css=&#8221;.vc_custom_1578532669392{padding-top: 40px !important;}&#8221;][vc_column_text]\n<h5 class=\"fancy-title\">Tradition<\/h5>\n<h2>Nach historischem Vorbild<\/h2>\n<p>sind 7 Rebsorten in einem Weinberg angepflanzt. Der Wein wird zusammen geerntet und ausgebaut und bildet dadurch einen vielschichtigen Wein.[\/vc_column_text]\n\t<div id=\"et-counter-69e9f19540012\" class=\"et-counter animation bottom-to-top counter-color-dark icon-color- text-color- counter-left\" >\n\t\t\t\t\t<div class=\"counter-container\">\n\t\t\t\t\t\t\t\t\t<div class=\"h1\" data-count=\"7\" data-speed=\"2000\">0<\/div>\n\t\t\t\t\t\t\t\t\t\t\t\t\t<h4>Rebsorten<\/h4>\n\t\t\t\t\t\t\t<\/div>\n\t\t\t\t\t\t\t<div class=\"description\"><p>in einem Weinberg angepflanzt<\/p><\/div>\n\t\t\t\t\t\t\t\t\t\t\n\t<\/div>\n\t[\/vc_column_inner][\/vc_row_inner][\/vc_column][\/vc_row][vc_row et_full_width=&#8221;true&#8221; et_row_padding=&#8221;true&#8221; css=&#8221;.vc_custom_1579745131496{padding-top: 80px !important;padding-bottom: 45px !important;background-color: #f2f2f2 !important;}&#8221;][vc_column][vc_row_inner et_column_align=&#8221;align-center&#8221; equal_height=&#8221;yes&#8221; el_class=&#8221;align-center&#8221;][vc_column_inner animation=&#8221;animation bottom-to-top&#8221; offset=&#8221;vc_col-lg-5&#8243;][vc_column_text]\n<h5 class=\"fancy-title\" style=\"text-align: center\">Eine traditionelle Anbauform lebt wieder auf<\/h5>\n[\/vc_column_text][\/vc_column_inner][\/vc_row_inner][vc_row_inner et_column_align=&#8221;align-center&#8221; equal_height=&#8221;yes&#8221; el_class=&#8221;align-center&#8221;][vc_column_inner animation=&#8221;animation bottom-to-top&#8221; offset=&#8221;vc_col-lg-4&#8243;][vc_column_text]Als Historischer Rebensatz wird eine uralte Tradition im Weinanbau bezeichnet, bei der unterschiedliche Rebsorten gemischt angepflanzt und zum selben Zeitpunkt geerntet werden. Dadurch entstehen hochqualitative und spannende Weine, die durch die unterschiedlichen Rebsorten sehr vielschichtig und komplex sind. In den letzten Jahrhunderten ist diese Tradition im Rheingau leider in Vergessenheit geraten.[\/vc_column_text][\/vc_column_inner][vc_column_inner animation=&#8221;animation bottom-to-top&#8221; offset=&#8221;vc_col-lg-4&#8243;][vc_column_text]Als Weingut mit einer fast 900 Jahre alten Geschichte und Vorreiter im Bereich von autothochtonen Rebsorten, haben wir im Jahr 2011 an diese alte Tradition angekn\u00fcpft und im Eltviller Rheinberg eine Parzelle mit den sieben Rebsorten bepflanzt. Der Historische Rebensatz besteht aus den Rebsorten: Gew\u00fcrztraminer, Silvaner, Elbling, Gelber Orleans, Wei\u00dfer Heunisch, Roter Riesling und Riesling.[\/vc_column_text][\/vc_column_inner][\/vc_row_inner][\/vc_column][\/vc_row][vc_row css=&#8221;.vc_custom_1613736661843{margin-top: 40px !important;}&#8221;][vc_column width=&#8221;1\/4&#8243;][vc_column_text animation=&#8221;animation left-to-right&#8221;]\n<h5 class=\"fancy-title\">Weinshop<\/h5>\n<h2>Neugierig?<\/h2>\n<p>Den Historischen Rebensatz haben wir selbstverst\u00e4ndlich f\u00fcr Sie auf Lager.<\/p>\n<p>Greifen Sie zu.[\/vc_column_text][\/vc_column][vc_column width=&#8221;3\/4&#8243;][\/vc_column][\/vc_row]\n","protected":false},"excerpt":{"rendered":"<p>[vc_row et_full_width=&#8221;true&#8221; et_row_padding=&#8221;true&#8221; full_height=&#8221;yes&#8221; columns_placement=&#8221;stretch&#8221; equal_height=&#8221;yes&#8221; content_placement=&#8221;middle&#8221; css=&#8221;.vc_custom_1613735876321{padding-top: 80px !important;padding-bottom: 80px !important;background: #f4f4f4 url(https:\/\/knyphausen-wein.de\/wp-content\/uploads\/2021\/02\/historisch-2-scaled.jpg?id=3846) !important;background-position: center !important;background-repeat: no-repeat !important;background-size: cover !important;}&#8221; el_class=&#8221;video-bg-row&#8221;][vc_column][vc_row_inner et_max_width=&#8221;&#8221; equal_height=&#8221;yes&#8221; content_placement=&#8221;middle&#8221; css=&#8221;.vc_custom_1562734895463{background-position: center !important;background-repeat: no-repeat !important;background-size: cover !important;}&#8221;][vc_column_inner width=&#8221;1\/2&#8243; css=&#8221;.vc_custom_1562725835995{padding-top: 20% !important;padding-right: 20% !important;padding-bottom: 20% !important;padding-left: 20% !important;}&#8221;][vc_column_text animation=&#8221;animation bottom-to-top&#8221; css=&#8221;.vc_custom_1746443310704{margin-top: 30px !important;}&#8221;] Unser Historischer Rebensatz&hellip;<\/p>\n","protected":false},"author":1,"featured_media":0,"parent":0,"menu_order":0,"comment_status":"closed","ping_status":"closed","template":"","meta":{"inline_featured_image":false,"footnotes":""},"class_list":["post-3836","page","type-page","status-publish","hentry"],"yoast_head":"<!-- This site is optimized with the Yoast SEO Premium plugin v15.9.1 - https:\/\/yoast.com\/wordpress\/plugins\/seo\/ -->\n<title>Historischer Rebensatz - Baron Knyphausen<\/title>\n<meta name=\"description\" content=\"Baron Knyphausen - Wei\u00dfweine, Ros\u00e9, Rotweine, Schaumweine von h\u00f6chster Qualit\u00e4t und f\u00fcr jeden Anlass jetzt online nach Hause bestellen.\" \/>\n<link rel=\"canonical\" href=\"https:\/\/knyphausen-wein.de\/homepage\/historischer-rebensatz\/\" \/>\n<meta property=\"og:locale\" content=\"de_DE\" \/>\n<meta property=\"og:type\" content=\"article\" \/>\n<meta property=\"og:title\" content=\"Historischer Rebensatz - Baron Knyphausen\" \/>\n<meta property=\"og:description\" content=\"Baron Knyphausen - Wei\u00dfweine, Ros\u00e9, Rotweine, Schaumweine von h\u00f6chster Qualit\u00e4t und f\u00fcr jeden Anlass jetzt online nach Hause bestellen.\" \/>\n<meta property=\"og:url\" content=\"https:\/\/knyphausen-wein.de\/homepage\/historischer-rebensatz\/\" \/>\n<meta property=\"og:site_name\" content=\"Baron Knyphausen\" \/>\n<meta property=\"article:publisher\" content=\"https:\/\/www.facebook.com\/weingutbaronknyphausen\" \/>\n<meta property=\"article:modified_time\" content=\"2025-05-05T11:08:32+00:00\" \/>\n<meta property=\"og:image\" content=\"https:\/\/knyphausen-wein.de\/wp-content\/uploads\/2021\/02\/Knyphausen_PreOpening_0194_Web_EBVsRGB.jpg\" \/>\n\t<meta property=\"og:image:width\" content=\"1935\" \/>\n\t<meta property=\"og:image:height\" content=\"1290\" \/>\n<meta name=\"twitter:card\" content=\"summary_large_image\" \/>\n<meta name=\"twitter:label1\" content=\"Gesch\u00e4tzte Lesezeit\">\n\t<meta name=\"twitter:data1\" content=\"3\u00a0Minuten\">\n<script type=\"application\/ld+json\" class=\"yoast-schema-graph\">{\"@context\":\"https:\/\/schema.org\",\"@graph\":[{\"@type\":\"Organization\",\"@id\":\"https:\/\/knyphausen-wein.de\/homepage\/#organization\",\"name\":\"Baron Knyphausen\",\"url\":\"https:\/\/knyphausen-wein.de\/homepage\/\",\"sameAs\":[\"https:\/\/www.facebook.com\/weingutbaronknyphausen\",\"https:\/\/www.instagram.com\/weingutbaronknyphausen\/\"],\"logo\":{\"@type\":\"ImageObject\",\"@id\":\"https:\/\/knyphausen-wein.de\/homepage\/#logo\",\"inLanguage\":\"de\",\"url\":\"https:\/\/knyphausen-wein.de\/wp-content\/uploads\/2021\/02\/logo_bk_png.png\",\"width\":486,\"height\":162,\"caption\":\"Baron Knyphausen\"},\"image\":{\"@id\":\"https:\/\/knyphausen-wein.de\/homepage\/#logo\"}},{\"@type\":\"WebSite\",\"@id\":\"https:\/\/knyphausen-wein.de\/homepage\/#website\",\"url\":\"https:\/\/knyphausen-wein.de\/homepage\/\",\"name\":\"Baron Knyphausen\",\"description\":\"Weinshop\",\"publisher\":{\"@id\":\"https:\/\/knyphausen-wein.de\/homepage\/#organization\"},\"potentialAction\":[{\"@type\":\"SearchAction\",\"target\":\"https:\/\/knyphausen-wein.de\/homepage\/?s={search_term_string}\",\"query-input\":\"required name=search_term_string\"}],\"inLanguage\":\"de\"},{\"@type\":\"WebPage\",\"@id\":\"https:\/\/knyphausen-wein.de\/homepage\/historischer-rebensatz\/#webpage\",\"url\":\"https:\/\/knyphausen-wein.de\/homepage\/historischer-rebensatz\/\",\"name\":\"Historischer Rebensatz - Baron Knyphausen\",\"isPartOf\":{\"@id\":\"https:\/\/knyphausen-wein.de\/homepage\/#website\"},\"datePublished\":\"2021-02-19T11:44:04+00:00\",\"dateModified\":\"2025-05-05T11:08:32+00:00\",\"description\":\"Baron Knyphausen - Wei\\u00dfweine, Ros\\u00e9, Rotweine, Schaumweine von h\\u00f6chster Qualit\\u00e4t und f\\u00fcr jeden Anlass jetzt online nach Hause bestellen.\",\"breadcrumb\":{\"@id\":\"https:\/\/knyphausen-wein.de\/homepage\/historischer-rebensatz\/#breadcrumb\"},\"inLanguage\":\"de\",\"potentialAction\":[{\"@type\":\"ReadAction\",\"target\":[\"https:\/\/knyphausen-wein.de\/homepage\/historischer-rebensatz\/\"]}]},{\"@type\":\"BreadcrumbList\",\"@id\":\"https:\/\/knyphausen-wein.de\/homepage\/historischer-rebensatz\/#breadcrumb\",\"itemListElement\":[{\"@type\":\"ListItem\",\"position\":1,\"item\":{\"@type\":\"WebPage\",\"@id\":\"https:\/\/knyphausen-wein.de\/homepage\/\",\"url\":\"https:\/\/knyphausen-wein.de\/homepage\/\",\"name\":\"Startseite\"}},{\"@type\":\"ListItem\",\"position\":2,\"item\":{\"@type\":\"WebPage\",\"@id\":\"https:\/\/knyphausen-wein.de\/homepage\/historischer-rebensatz\/\",\"url\":\"https:\/\/knyphausen-wein.de\/homepage\/historischer-rebensatz\/\",\"name\":\"Historischer Rebensatz\"}}]}]}<\/script>\n<!-- \/ Yoast SEO Premium plugin. -->","_links":{"self":[{"href":"https:\/\/knyphausen-wein.de\/homepage\/wp-json\/wp\/v2\/pages\/3836","targetHints":{"allow":["GET"]}}],"collection":[{"href":"https:\/\/knyphausen-wein.de\/homepage\/wp-json\/wp\/v2\/pages"}],"about":[{"href":"https:\/\/knyphausen-wein.de\/homepage\/wp-json\/wp\/v2\/types\/page"}],"author":[{"embeddable":true,"href":"https:\/\/knyphausen-wein.de\/homepage\/wp-json\/wp\/v2\/users\/1"}],"replies":[{"embeddable":true,"href":"https:\/\/knyphausen-wein.de\/homepage\/wp-json\/wp\/v2\/comments?post=3836"}],"version-history":[{"count":10,"href":"https:\/\/knyphausen-wein.de\/homepage\/wp-json\/wp\/v2\/pages\/3836\/revisions"}],"predecessor-version":[{"id":12479,"href":"https:\/\/knyphausen-wein.de\/homepage\/wp-json\/wp\/v2\/pages\/3836\/revisions\/12479"}],"wp:attachment":[{"href":"https:\/\/knyphausen-wein.de\/homepage\/wp-json\/wp\/v2\/media?parent=3836"}],"curies":[{"name":"wp","href":"https:\/\/api.w.org\/{rel}","templated":true}]}}