{"id":5090,"date":"2021-06-22T10:41:55","date_gmt":"2021-06-22T08:41:55","guid":{"rendered":"https:\/\/knyphausen-wein.de\/?page_id=5090"},"modified":"2021-06-22T14:51:47","modified_gmt":"2021-06-22T12:51:47","slug":"rheingau-musik-festival","status":"publish","type":"page","link":"https:\/\/knyphausen-wein.de\/homepage\/rheingau-musik-festival\/","title":{"rendered":"Rheingau Musik Festival"},"content":{"rendered":"[vc_row et_full_width=&#8221;true&#8221; et_row_padding=&#8221;true&#8221; css=&#8221;.vc_custom_1579745009383{padding-top: 60px !important;padding-bottom: 60px !important;}&#8221;][vc_column][vc_row_inner content_placement=&#8221;middle&#8221; el_class=&#8221;align-center&#8221;][vc_column_inner animation=&#8221;animation left-to-right&#8221; offset=&#8221;vc_col-md-7&#8243;][vc_single_image image=&#8221;5094&#8243; img_size=&#8221;full&#8221; alignment=&#8221;center&#8221;][\/vc_column_inner][vc_column_inner animation=&#8221;animation right-to-left&#8221; offset=&#8221;vc_col-md-5&#8243; css=&#8221;.vc_custom_1578532669392{padding-top: 40px !important;}&#8221;][vc_column_text]\n<h5 class=\"fancy-title\">Das Rheinhau Musik Festival auf dem Draiser Hof<\/h5>\n<h2>Sehr geehrte Konzert-Besucher,<\/h2>\n<p>wir freuen uns, Sie sich f\u00fcr ein Konzert bei uns auf dem Draiser Hof entschieden haben. Dass wir dieses Jahr eine der wichtigsten Spielpl\u00e4tze f\u00fcr das Rheingau Musik Festival\u00a0\u00a0sein d\u00fcrfen, erf\u00fcllt uns mit viel Freude und Stolz.\u00a0In dem Weinpavillon und auf unserem traditionsreichen Anwesen, sind wir uns sicher, dass Sie ein unvergessliches Konzert erleben werden.<\/p>\n<p>Damit Sie auch w\u00e4hrend des Konzertes bestens versorgt sind, haben wir uns etwas Besonderes aufgrund der Corona-Situation f\u00fcr Sie einfallen lassen, damit alles m\u00f6glichst kontaktlos und einfach ablaufen kann und das Rheingau-Musik-Festival auch somit diese Veranstaltung in dieser Form durchf\u00fchren kann. Denn was sind die Weingutsveranstaltungen ohne dem Wein und dem Essen vor oder auch w\u00e4hrend der Musik. Anders als in den regul\u00e4ren Konzerts\u00e4len soll die Atmosph\u00e4re auf dem Weingut entspannt und legerer sein:<\/p>\n<p>Bestellen Sie sich also unkompliziert und von zu Hause aus Ihre \u201eKonzerte-Tasche\u201c, gef\u00fcllt mit unterschiedlichen Kreationen unseres Partners der Kochwerkstatt Wiesbaden \u2013 nat\u00fcrlich mit unseren Weinen und Sekten, ebenso wie Wasser oder Traubensaft.[\/vc_column_text][\/vc_column_inner][\/vc_row_inner][\/vc_column][\/vc_row][vc_row et_full_width=&#8221;true&#8221; et_row_padding=&#8221;true&#8221; css=&#8221;.vc_custom_1579745131496{padding-top: 80px !important;padding-bottom: 45px !important;background-color: #f2f2f2 !important;}&#8221;][vc_column][vc_row_inner et_column_align=&#8221;align-center&#8221; equal_height=&#8221;yes&#8221; el_class=&#8221;align-center&#8221;][vc_column_inner animation=&#8221;animation bottom-to-top&#8221; offset=&#8221;vc_col-lg-5&#8243;][vc_column_text]\n<h5 class=\"fancy-title\" style=\"text-align: center;\">Sie haben die Wahl<\/h5>\n<h2 style=\"text-align: center;\">Drei Konzert-Taschen zur Auswahl<\/h2>\n[\/vc_column_text][\/vc_column_inner][\/vc_row_inner][vc_row_inner et_column_align=&#8221;align-center&#8221; equal_height=&#8221;yes&#8221; el_class=&#8221;align-center&#8221;][vc_column_inner animation=&#8221;animation bottom-to-top&#8221; offset=&#8221;vc_col-lg-4&#8243;][vc_column_text]Wir haben f\u00fcr Sie drei Konzert-Taschen zur Auswahl!<\/p>\n<ul>\n<li>Snacktasche \u2013 f\u00fcr den kleinen Hunger<\/li>\n<li>Vespertasche \u2013 was Deftiges zum satt werden<\/li>\n<li>Gourmettasche \u2013 3-Gang-Men\u00fc mit verschiedenen kleinen Speisen<\/li>\n<li>Weintasche \u2013 nur gegen den Durst.<\/li>\n<\/ul>\n<p>Jede Tasche k\u00f6nnen Sie f\u00fcr eine oder zwei Personen ausw\u00e4hlen. In der Tasche ist eine Flasche Wein, eine Flasche Wasser inklusive. Teller, Besteck, Weingl\u00e4ser, K\u00fchler werden ebenfalls bereitgestellt, sind aber nicht im Preis enthalten und m\u00fcssen nach dem Konzert zur\u00fcck gegeben werden. Alle weiteren Informationen zum Inhalt finden Sie unten in der Artikelbeschreibung.[\/vc_column_text][\/vc_column_inner][vc_column_inner animation=&#8221;animation bottom-to-top&#8221; offset=&#8221;vc_col-lg-4&#8243;][vc_column_text]Sie w\u00e4hlen einfach unten Ihren Veranstaltungstag aus, w\u00e4hlen dann Ihre Tasche sowie den Wein und das Wasser aus. Die Bestellung muss sp\u00e4testens 3 Tage vor der jeweiligen Veranstaltungen get\u00e4tigt werden. Bitte beachten Sie, dass am Tag selbst keine Speisen und Getr\u00e4nke im freien Verkauf angeboten werden k\u00f6nnen.<\/p>\n<p>Wir w\u00fcnschen Ihnen viel Freude bei dem Konzert &amp; viel Genuss mit unseren Weinen und Speisen.<\/p>\n<p>Herzliche Gr\u00fc\u00dfe aus dem Draiser Hof,<\/p>\n<p>Frederik zu Knyphausen und das gesamte Team[\/vc_column_text][\/vc_column_inner][\/vc_row_inner][\/vc_column][\/vc_row][vc_row css=&#8221;.vc_custom_1579114565104{padding-top: 60px !important;padding-bottom: 60px !important;}&#8221;][vc_column width=&#8221;1\/4&#8243;][vc_column_text animation=&#8221;animation left-to-right&#8221;]\n<h5 class=\"fancy-title\">Eine f\u00fcr Jeden<\/h5>\n<h2>Unsere Konzert-Taschen<\/h2>\n<p>Bestellen Sie sich also unkompliziert und von zu Hause aus Ihre \u201eKonzerte-Tasche\u201c, gef\u00fcllt mit unterschiedlichen Kreationen unseres Partners der Kochwerkstatt Wiesbaden \u2013 nat\u00fcrlich mit unseren Weinen und Sekten, ebenso wie Wasser oder Traubensaft.[\/vc_column_text]\t\t<div id=\"et-button-69fc75cade9de\" class=\"et_btn_align_left \">\n\t\t\t<a href=\"https:\/\/knyphausen-wein.de\/product\/festival_tasche\/\" class=\" et_btn button et_btn_md solid color-   \"  role=\"button\" title=\"Festival Tasche\" ><span>Ihre Festival-Tasche zusammenstellen<\/span><\/a>\n\t\t<\/div>\n\t\t\n\t[\/vc_column][vc_column width=&#8221;1\/4&#8243;]\t<div class=\"et-image-959 et-image     et_image_link\">\n\t\t<div class=\"et-image-inner \">\n\t\t\t\t\t\t\t<div class=\"et-image-thumb \">\n\t\t\t\t\t<img loading=\"lazy\" decoding=\"async\" width=\"2500\" height=\"2500\" src=\"https:\/\/knyphausen-wein.de\/wp-content\/uploads\/2021\/02\/PAK03-2021.jpg\" class=\"attachment-full\" alt=\"\" title=\"PAK03-2021\" srcset=\"https:\/\/knyphausen-wein.de\/wp-content\/uploads\/2021\/02\/PAK03-2021.jpg 2500w, https:\/\/knyphausen-wein.de\/wp-content\/uploads\/2021\/02\/PAK03-2021-300x300.jpg 300w, https:\/\/knyphausen-wein.de\/wp-content\/uploads\/2021\/02\/PAK03-2021-1024x1024.jpg 1024w, https:\/\/knyphausen-wein.de\/wp-content\/uploads\/2021\/02\/PAK03-2021-150x150.jpg 150w, https:\/\/knyphausen-wein.de\/wp-content\/uploads\/2021\/02\/PAK03-2021-768x768.jpg 768w, https:\/\/knyphausen-wein.de\/wp-content\/uploads\/2021\/02\/PAK03-2021-1536x1536.jpg 1536w, https:\/\/knyphausen-wein.de\/wp-content\/uploads\/2021\/02\/PAK03-2021-2048x2048.jpg 2048w, https:\/\/knyphausen-wein.de\/wp-content\/uploads\/2021\/02\/PAK03-2021-450x450.jpg 450w, https:\/\/knyphausen-wein.de\/wp-content\/uploads\/2021\/02\/PAK03-2021-1000x1000.jpg 1000w, https:\/\/knyphausen-wein.de\/wp-content\/uploads\/2021\/02\/PAK03-2021-100x100.jpg 100w\" sizes=\"auto, (max-width: 2500px) 100vw, 2500px\" \/>\t\t\t\t<\/div>\n\t\t\t\t\t\t\t\t\t\t\t\t\t<div class=\"et-image-content\">\n\t\t\t\t\t<p>Angebot 1<\/p>\n\t\t\t\t<\/div>\n\t\t\t\t\t<\/div>\n\t<\/div>\n  [\/vc_column][vc_column width=&#8221;1\/4&#8243;]\t<div class=\"et-image-843 et-image     et_image_link\">\n\t\t<div class=\"et-image-inner \">\n\t\t\t\t\t\t\t<div class=\"et-image-thumb \">\n\t\t\t\t\t<img loading=\"lazy\" decoding=\"async\" width=\"2500\" height=\"2500\" src=\"https:\/\/knyphausen-wein.de\/wp-content\/uploads\/2021\/02\/PAK03-2021.jpg\" class=\"attachment-full\" alt=\"\" title=\"PAK03-2021\" srcset=\"https:\/\/knyphausen-wein.de\/wp-content\/uploads\/2021\/02\/PAK03-2021.jpg 2500w, https:\/\/knyphausen-wein.de\/wp-content\/uploads\/2021\/02\/PAK03-2021-300x300.jpg 300w, https:\/\/knyphausen-wein.de\/wp-content\/uploads\/2021\/02\/PAK03-2021-1024x1024.jpg 1024w, https:\/\/knyphausen-wein.de\/wp-content\/uploads\/2021\/02\/PAK03-2021-150x150.jpg 150w, https:\/\/knyphausen-wein.de\/wp-content\/uploads\/2021\/02\/PAK03-2021-768x768.jpg 768w, https:\/\/knyphausen-wein.de\/wp-content\/uploads\/2021\/02\/PAK03-2021-1536x1536.jpg 1536w, https:\/\/knyphausen-wein.de\/wp-content\/uploads\/2021\/02\/PAK03-2021-2048x2048.jpg 2048w, https:\/\/knyphausen-wein.de\/wp-content\/uploads\/2021\/02\/PAK03-2021-450x450.jpg 450w, https:\/\/knyphausen-wein.de\/wp-content\/uploads\/2021\/02\/PAK03-2021-1000x1000.jpg 1000w, https:\/\/knyphausen-wein.de\/wp-content\/uploads\/2021\/02\/PAK03-2021-100x100.jpg 100w\" sizes=\"auto, (max-width: 2500px) 100vw, 2500px\" \/>\t\t\t\t<\/div>\n\t\t\t\t\t\t\t\t\t\t\t\t\t<div class=\"et-image-content\">\n\t\t\t\t\t<p>Angebot 2<\/p>\n\t\t\t\t<\/div>\n\t\t\t\t\t<\/div>\n\t<\/div>\n  [\/vc_column][vc_column width=&#8221;1\/4&#8243;]\t<div class=\"et-image-115 et-image     et_image_link\">\n\t\t<div class=\"et-image-inner \">\n\t\t\t\t\t\t\t<div class=\"et-image-thumb \">\n\t\t\t\t\t<img loading=\"lazy\" decoding=\"async\" width=\"2500\" height=\"2500\" src=\"https:\/\/knyphausen-wein.de\/wp-content\/uploads\/2021\/02\/PAK03-2021.jpg\" class=\"attachment-full\" alt=\"\" title=\"PAK03-2021\" srcset=\"https:\/\/knyphausen-wein.de\/wp-content\/uploads\/2021\/02\/PAK03-2021.jpg 2500w, https:\/\/knyphausen-wein.de\/wp-content\/uploads\/2021\/02\/PAK03-2021-300x300.jpg 300w, https:\/\/knyphausen-wein.de\/wp-content\/uploads\/2021\/02\/PAK03-2021-1024x1024.jpg 1024w, https:\/\/knyphausen-wein.de\/wp-content\/uploads\/2021\/02\/PAK03-2021-150x150.jpg 150w, https:\/\/knyphausen-wein.de\/wp-content\/uploads\/2021\/02\/PAK03-2021-768x768.jpg 768w, https:\/\/knyphausen-wein.de\/wp-content\/uploads\/2021\/02\/PAK03-2021-1536x1536.jpg 1536w, https:\/\/knyphausen-wein.de\/wp-content\/uploads\/2021\/02\/PAK03-2021-2048x2048.jpg 2048w, https:\/\/knyphausen-wein.de\/wp-content\/uploads\/2021\/02\/PAK03-2021-450x450.jpg 450w, https:\/\/knyphausen-wein.de\/wp-content\/uploads\/2021\/02\/PAK03-2021-1000x1000.jpg 1000w, https:\/\/knyphausen-wein.de\/wp-content\/uploads\/2021\/02\/PAK03-2021-100x100.jpg 100w\" sizes=\"auto, (max-width: 2500px) 100vw, 2500px\" \/>\t\t\t\t<\/div>\n\t\t\t\t\t\t\t\t\t\t\t\t\t<div class=\"et-image-content\">\n\t\t\t\t\t<p>Angebot 3<\/p>\n\t\t\t\t<\/div>\n\t\t\t\t\t<\/div>\n\t<\/div>\n  [\/vc_column][\/vc_row]\n","protected":false},"excerpt":{"rendered":"<p>[vc_row et_full_width=&#8221;true&#8221; et_row_padding=&#8221;true&#8221; css=&#8221;.vc_custom_1579745009383{padding-top: 60px !important;padding-bottom: 60px !important;}&#8221;][vc_column][vc_row_inner content_placement=&#8221;middle&#8221; el_class=&#8221;align-center&#8221;][vc_column_inner animation=&#8221;animation left-to-right&#8221; offset=&#8221;vc_col-md-7&#8243;][vc_single_image image=&#8221;5094&#8243; img_size=&#8221;full&#8221; alignment=&#8221;center&#8221;][\/vc_column_inner][vc_column_inner animation=&#8221;animation right-to-left&#8221; offset=&#8221;vc_col-md-5&#8243; css=&#8221;.vc_custom_1578532669392{padding-top: 40px !important;}&#8221;][vc_column_text] Das Rheinhau Musik Festival auf dem Draiser Hof Sehr geehrte Konzert-Besucher, wir freuen uns, Sie sich f\u00fcr ein Konzert bei uns auf dem Draiser Hof entschieden haben. Dass&hellip;<\/p>\n","protected":false},"author":1,"featured_media":0,"parent":0,"menu_order":0,"comment_status":"closed","ping_status":"closed","template":"","meta":{"inline_featured_image":false,"footnotes":""},"class_list":["post-5090","page","type-page","status-publish","hentry"],"yoast_head":"<!-- This site is optimized with the Yoast SEO Premium plugin v15.9.1 - https:\/\/yoast.com\/wordpress\/plugins\/seo\/ -->\n<title>Rheingau Musik Festival - Baron Knyphausen<\/title>\n<meta name=\"description\" content=\"Baron Knyphausen - Wei\u00dfweine, Ros\u00e9, Rotweine, Schaumweine von h\u00f6chster Qualit\u00e4t und f\u00fcr jeden Anlass jetzt online nach Hause bestellen.\" \/>\n<link rel=\"canonical\" href=\"https:\/\/knyphausen-wein.de\/homepage\/rheingau-musik-festival\/\" \/>\n<meta property=\"og:locale\" content=\"de_DE\" \/>\n<meta property=\"og:type\" content=\"article\" \/>\n<meta property=\"og:title\" content=\"Rheingau Musik Festival - Baron Knyphausen\" \/>\n<meta property=\"og:description\" content=\"Baron Knyphausen - Wei\u00dfweine, Ros\u00e9, Rotweine, Schaumweine von h\u00f6chster Qualit\u00e4t und f\u00fcr jeden Anlass jetzt online nach Hause bestellen.\" \/>\n<meta property=\"og:url\" content=\"https:\/\/knyphausen-wein.de\/homepage\/rheingau-musik-festival\/\" \/>\n<meta property=\"og:site_name\" content=\"Baron Knyphausen\" \/>\n<meta property=\"article:publisher\" content=\"https:\/\/www.facebook.com\/weingutbaronknyphausen\" \/>\n<meta property=\"article:modified_time\" content=\"2021-06-22T12:51:47+00:00\" \/>\n<meta property=\"og:image\" content=\"https:\/\/knyphausen-wein.de\/wp-content\/uploads\/2021\/02\/Knyphausen_PreOpening_0194_Web_EBVsRGB.jpg\" \/>\n\t<meta property=\"og:image:width\" content=\"1935\" \/>\n\t<meta property=\"og:image:height\" content=\"1290\" \/>\n<meta name=\"twitter:card\" content=\"summary_large_image\" \/>\n<meta name=\"twitter:label1\" content=\"Gesch\u00e4tzte Lesezeit\">\n\t<meta name=\"twitter:data1\" content=\"2\u00a0Minuten\">\n<script type=\"application\/ld+json\" class=\"yoast-schema-graph\">{\"@context\":\"https:\/\/schema.org\",\"@graph\":[{\"@type\":\"Organization\",\"@id\":\"https:\/\/knyphausen-wein.de\/homepage\/#organization\",\"name\":\"Baron Knyphausen\",\"url\":\"https:\/\/knyphausen-wein.de\/homepage\/\",\"sameAs\":[\"https:\/\/www.facebook.com\/weingutbaronknyphausen\",\"https:\/\/www.instagram.com\/weingutbaronknyphausen\/\"],\"logo\":{\"@type\":\"ImageObject\",\"@id\":\"https:\/\/knyphausen-wein.de\/homepage\/#logo\",\"inLanguage\":\"de\",\"url\":\"https:\/\/knyphausen-wein.de\/wp-content\/uploads\/2021\/02\/logo_bk_png.png\",\"width\":486,\"height\":162,\"caption\":\"Baron Knyphausen\"},\"image\":{\"@id\":\"https:\/\/knyphausen-wein.de\/homepage\/#logo\"}},{\"@type\":\"WebSite\",\"@id\":\"https:\/\/knyphausen-wein.de\/homepage\/#website\",\"url\":\"https:\/\/knyphausen-wein.de\/homepage\/\",\"name\":\"Baron Knyphausen\",\"description\":\"Weinshop\",\"publisher\":{\"@id\":\"https:\/\/knyphausen-wein.de\/homepage\/#organization\"},\"potentialAction\":[{\"@type\":\"SearchAction\",\"target\":\"https:\/\/knyphausen-wein.de\/homepage\/?s={search_term_string}\",\"query-input\":\"required name=search_term_string\"}],\"inLanguage\":\"de\"},{\"@type\":\"WebPage\",\"@id\":\"https:\/\/knyphausen-wein.de\/homepage\/rheingau-musik-festival\/#webpage\",\"url\":\"https:\/\/knyphausen-wein.de\/homepage\/rheingau-musik-festival\/\",\"name\":\"Rheingau Musik Festival - Baron Knyphausen\",\"isPartOf\":{\"@id\":\"https:\/\/knyphausen-wein.de\/homepage\/#website\"},\"datePublished\":\"2021-06-22T08:41:55+00:00\",\"dateModified\":\"2021-06-22T12:51:47+00:00\",\"description\":\"Baron Knyphausen - Wei\\u00dfweine, Ros\\u00e9, Rotweine, Schaumweine von h\\u00f6chster Qualit\\u00e4t und f\\u00fcr jeden Anlass jetzt online nach Hause bestellen.\",\"breadcrumb\":{\"@id\":\"https:\/\/knyphausen-wein.de\/homepage\/rheingau-musik-festival\/#breadcrumb\"},\"inLanguage\":\"de\",\"potentialAction\":[{\"@type\":\"ReadAction\",\"target\":[\"https:\/\/knyphausen-wein.de\/homepage\/rheingau-musik-festival\/\"]}]},{\"@type\":\"BreadcrumbList\",\"@id\":\"https:\/\/knyphausen-wein.de\/homepage\/rheingau-musik-festival\/#breadcrumb\",\"itemListElement\":[{\"@type\":\"ListItem\",\"position\":1,\"item\":{\"@type\":\"WebPage\",\"@id\":\"https:\/\/knyphausen-wein.de\/homepage\/\",\"url\":\"https:\/\/knyphausen-wein.de\/homepage\/\",\"name\":\"Startseite\"}},{\"@type\":\"ListItem\",\"position\":2,\"item\":{\"@type\":\"WebPage\",\"@id\":\"https:\/\/knyphausen-wein.de\/homepage\/rheingau-musik-festival\/\",\"url\":\"https:\/\/knyphausen-wein.de\/homepage\/rheingau-musik-festival\/\",\"name\":\"Rheingau Musik Festival\"}}]}]}<\/script>\n<!-- \/ Yoast SEO Premium plugin. -->","_links":{"self":[{"href":"https:\/\/knyphausen-wein.de\/homepage\/wp-json\/wp\/v2\/pages\/5090","targetHints":{"allow":["GET"]}}],"collection":[{"href":"https:\/\/knyphausen-wein.de\/homepage\/wp-json\/wp\/v2\/pages"}],"about":[{"href":"https:\/\/knyphausen-wein.de\/homepage\/wp-json\/wp\/v2\/types\/page"}],"author":[{"embeddable":true,"href":"https:\/\/knyphausen-wein.de\/homepage\/wp-json\/wp\/v2\/users\/1"}],"replies":[{"embeddable":true,"href":"https:\/\/knyphausen-wein.de\/homepage\/wp-json\/wp\/v2\/comments?post=5090"}],"version-history":[{"count":10,"href":"https:\/\/knyphausen-wein.de\/homepage\/wp-json\/wp\/v2\/pages\/5090\/revisions"}],"predecessor-version":[{"id":5130,"href":"https:\/\/knyphausen-wein.de\/homepage\/wp-json\/wp\/v2\/pages\/5090\/revisions\/5130"}],"wp:attachment":[{"href":"https:\/\/knyphausen-wein.de\/homepage\/wp-json\/wp\/v2\/media?parent=5090"}],"curies":[{"name":"wp","href":"https:\/\/api.w.org\/{rel}","templated":true}]}}