{"id":11701,"date":"2023-12-21T16:30:49","date_gmt":"2023-12-21T15:30:49","guid":{"rendered":"https:\/\/knyphausen-wein.de\/homepage\/product\/2022-vdp-grosse-lage-siegelsberg-erbach-riesling-gg\/"},"modified":"2026-05-03T14:09:38","modified_gmt":"2026-05-03T12:09:38","slug":"2022-vdp-grosse-lage-siegelsberg-erbach-riesling-gg","status":"publish","type":"product","link":"https:\/\/knyphausen-wein.de\/homepage\/product\/2022-vdp-grosse-lage-siegelsberg-erbach-riesling-gg\/","title":{"rendered":"2022 VDP.GROSSE LAGE\u00ae SIEGELSBERG Erbach Riesling &#8211; GG"},"content":{"rendered":"<p>Der Erbacher SIEGELSBERG liegt direkt oberhalb des ber\u00fchmten MARCOBRUNN auf 100m. Er liegt relativ windgesch\u00fctzt und ist nach SSO ausgerichtet, was optimale Sonneneinstrahlung garantiert, dadurch haben die Reben eine recht fr\u00fche Bl\u00fcte und Reife. Der Boden ist durch Tonschichten durchzogen, der gut Wasser speichert, aber nur schwer wieder abgibt. Dadurch entstehen karge, mineralische, salzige Rieslinge. Wir haben das 22er SIEGELSBERG GG in einer Tonamphore ausgebaut, was die mineralischen, kr\u00e4utrigen T\u00f6ne nochmals verst\u00e4rkt hat. Herausgekommen ist GG, dass \u00fcber eine gewisse Wucht verf\u00fcgt. Mineralisch und lang.<\/p>\n<p>&nbsp;<\/p>\n<p>Auszeichnungen:<\/p>\n<ul>\n<li>Goldmedaille nachhaltig produzierter Riesling Carlo Wine Award<\/li>\n<li>Goldmedaille Golden Grape Awards<\/li>\n<li>3 rote Trauben &#8211; Gault Millau<\/li>\n<li>93 Punkte &#8211; Falstaff<\/li>\n<li>92 Punkte &#8211; Vinum<\/li>\n<li>17+ Punkte &#8211; Weinwisser<\/li>\n<\/ul>\n","protected":false},"excerpt":{"rendered":"<p>Ein kr\u00e4ftiges Riesling GG aus der Tonamphore.<\/p>\n","protected":false},"featured_media":13555,"template":"","meta":{"inline_featured_image":false},"product_brand":[],"product_cat":[668],"product_tag":[],"class_list":{"0":"post-11701","1":"product","2":"type-product","3":"status-publish","4":"has-post-thumbnail","6":"product_cat-grosse-lage","7":"product_shipping_class-standard","8":"tm-no-options","10":"first","11":"instock","12":"taxable","13":"shipping-taxable","14":"purchasable","15":"product-type-simple"},"composite_layout":"","composite_add_to_cart_form_location":"","composite_editable_in_cart":false,"composite_sold_individually_context":"","composite_shop_price_calc":"","composite_components":[],"composite_scenarios":[],"yoast_head":"<!-- This site is optimized with the Yoast SEO Premium plugin v15.9.1 - https:\/\/yoast.com\/wordpress\/plugins\/seo\/ -->\n<title>2022 VDP.GROSSE LAGE\u00ae SIEGELSBERG Erbach Riesling - GG - Baron Knyphausen<\/title>\n<meta name=\"description\" content=\"Baron Knyphausen - Wei\u00dfweine, Ros\u00e9, Rotweine, Schaumweine von h\u00f6chster Qualit\u00e4t und f\u00fcr jeden Anlass jetzt online nach Hause direkt aus dem Rheinland bestellen.\" \/>\n<link rel=\"canonical\" href=\"https:\/\/knyphausen-wein.de\/homepage\/product\/2022-vdp-grosse-lage-siegelsberg-erbach-riesling-gg\/\" \/>\n<meta property=\"og:locale\" content=\"de_DE\" \/>\n<meta property=\"og:type\" content=\"article\" \/>\n<meta property=\"og:title\" content=\"2022 VDP.GROSSE LAGE\u00ae SIEGELSBERG Erbach Riesling - GG - Baron Knyphausen\" \/>\n<meta property=\"og:description\" content=\"Baron Knyphausen - Wei\u00dfweine, Ros\u00e9, Rotweine, Schaumweine von h\u00f6chster Qualit\u00e4t und f\u00fcr jeden Anlass jetzt online nach Hause direkt aus dem Rheinland bestellen.\" \/>\n<meta property=\"og:url\" content=\"https:\/\/knyphausen-wein.de\/homepage\/product\/2022-vdp-grosse-lage-siegelsberg-erbach-riesling-gg\/\" \/>\n<meta property=\"og:site_name\" content=\"Baron Knyphausen\" \/>\n<meta property=\"article:publisher\" content=\"https:\/\/www.facebook.com\/weingutbaronknyphausen\" \/>\n<meta property=\"article:modified_time\" content=\"2026-05-03T12:09:38+00:00\" \/>\n<meta property=\"og:image\" content=\"https:\/\/knyphausen-wein.de\/wp-content\/uploads\/2026\/03\/_Siegelsberg_Shopbild-png.png\" \/>\n\t<meta property=\"og:image:width\" content=\"1080\" \/>\n\t<meta property=\"og:image:height\" content=\"1080\" \/>\n<meta name=\"twitter:card\" content=\"summary_large_image\" \/>\n<meta name=\"twitter:label1\" content=\"Preis\">\n\t<meta name=\"twitter:data1\" content=\"37,00&euro;\">\n\t<meta name=\"twitter:label2\" content=\"Availability\">\n\t<meta name=\"twitter:data2\" content=\"In stock\">\n<script type=\"application\/ld+json\" class=\"yoast-schema-graph\">{\"@context\":\"https:\/\/schema.org\",\"@graph\":[{\"@type\":\"Organization\",\"@id\":\"https:\/\/knyphausen-wein.de\/homepage\/#organization\",\"name\":\"Baron Knyphausen\",\"url\":\"https:\/\/knyphausen-wein.de\/homepage\/\",\"sameAs\":[\"https:\/\/www.facebook.com\/weingutbaronknyphausen\",\"https:\/\/www.instagram.com\/weingutbaronknyphausen\/\"],\"logo\":{\"@type\":\"ImageObject\",\"@id\":\"https:\/\/knyphausen-wein.de\/homepage\/#logo\",\"inLanguage\":\"de\",\"url\":\"https:\/\/knyphausen-wein.de\/wp-content\/uploads\/2021\/02\/logo_bk_png.png\",\"width\":486,\"height\":162,\"caption\":\"Baron Knyphausen\"},\"image\":{\"@id\":\"https:\/\/knyphausen-wein.de\/homepage\/#logo\"}},{\"@type\":\"WebSite\",\"@id\":\"https:\/\/knyphausen-wein.de\/homepage\/#website\",\"url\":\"https:\/\/knyphausen-wein.de\/homepage\/\",\"name\":\"Baron Knyphausen\",\"description\":\"Weinshop\",\"publisher\":{\"@id\":\"https:\/\/knyphausen-wein.de\/homepage\/#organization\"},\"potentialAction\":[{\"@type\":\"SearchAction\",\"target\":\"https:\/\/knyphausen-wein.de\/homepage\/?s={search_term_string}\",\"query-input\":\"required name=search_term_string\"}],\"inLanguage\":\"de\"},{\"@type\":\"ImageObject\",\"@id\":\"https:\/\/knyphausen-wein.de\/homepage\/product\/2022-vdp-grosse-lage-siegelsberg-erbach-riesling-gg\/#primaryimage\",\"inLanguage\":\"de\",\"url\":\"https:\/\/knyphausen-wein.de\/wp-content\/uploads\/2026\/03\/_Siegelsberg_Shopbild-png.png\",\"width\":1080,\"height\":1080,\"caption\":\"_Siegelsberg_Shopbild.png\"},{\"@type\":\"WebPage\",\"@id\":\"https:\/\/knyphausen-wein.de\/homepage\/product\/2022-vdp-grosse-lage-siegelsberg-erbach-riesling-gg\/#webpage\",\"url\":\"https:\/\/knyphausen-wein.de\/homepage\/product\/2022-vdp-grosse-lage-siegelsberg-erbach-riesling-gg\/\",\"name\":\"2022 VDP.GROSSE LAGE\\u00ae SIEGELSBERG Erbach Riesling - GG - Baron Knyphausen\",\"isPartOf\":{\"@id\":\"https:\/\/knyphausen-wein.de\/homepage\/#website\"},\"primaryImageOfPage\":{\"@id\":\"https:\/\/knyphausen-wein.de\/homepage\/product\/2022-vdp-grosse-lage-siegelsberg-erbach-riesling-gg\/#primaryimage\"},\"datePublished\":\"2023-12-21T15:30:49+00:00\",\"dateModified\":\"2026-05-03T12:09:38+00:00\",\"description\":\"Baron Knyphausen - Wei\\u00dfweine, Ros\\u00e9, Rotweine, Schaumweine von h\\u00f6chster Qualit\\u00e4t und f\\u00fcr jeden Anlass jetzt online nach Hause direkt aus dem Rheinland bestellen.\",\"breadcrumb\":{\"@id\":\"https:\/\/knyphausen-wein.de\/homepage\/product\/2022-vdp-grosse-lage-siegelsberg-erbach-riesling-gg\/#breadcrumb\"},\"inLanguage\":\"de\",\"potentialAction\":[{\"@type\":\"ReadAction\",\"target\":[\"https:\/\/knyphausen-wein.de\/homepage\/product\/2022-vdp-grosse-lage-siegelsberg-erbach-riesling-gg\/\"]}]},{\"@type\":\"BreadcrumbList\",\"@id\":\"https:\/\/knyphausen-wein.de\/homepage\/product\/2022-vdp-grosse-lage-siegelsberg-erbach-riesling-gg\/#breadcrumb\",\"itemListElement\":[{\"@type\":\"ListItem\",\"position\":1,\"item\":{\"@type\":\"WebPage\",\"@id\":\"https:\/\/knyphausen-wein.de\/homepage\/\",\"url\":\"https:\/\/knyphausen-wein.de\/homepage\/\",\"name\":\"Startseite\"}},{\"@type\":\"ListItem\",\"position\":2,\"item\":{\"@type\":\"WebPage\",\"@id\":\"https:\/\/knyphausen-wein.de\/homepage\/shop\/\",\"url\":\"https:\/\/knyphausen-wein.de\/homepage\/shop\/\",\"name\":\"Weinshop\"}},{\"@type\":\"ListItem\",\"position\":3,\"item\":{\"@type\":\"WebPage\",\"@id\":\"https:\/\/knyphausen-wein.de\/homepage\/product\/2022-vdp-grosse-lage-siegelsberg-erbach-riesling-gg\/\",\"url\":\"https:\/\/knyphausen-wein.de\/homepage\/product\/2022-vdp-grosse-lage-siegelsberg-erbach-riesling-gg\/\",\"name\":\"2022 VDP.GROSSE LAGE\\u00ae SIEGELSBERG Erbach Riesling &#8211; GG\"}}]}]}<\/script>\n<!-- \/ Yoast SEO Premium plugin. -->","_links":{"self":[{"href":"https:\/\/knyphausen-wein.de\/homepage\/wp-json\/wp\/v2\/product\/11701","targetHints":{"allow":["GET"]}}],"collection":[{"href":"https:\/\/knyphausen-wein.de\/homepage\/wp-json\/wp\/v2\/product"}],"about":[{"href":"https:\/\/knyphausen-wein.de\/homepage\/wp-json\/wp\/v2\/types\/product"}],"wp:featuredmedia":[{"embeddable":true,"href":"https:\/\/knyphausen-wein.de\/homepage\/wp-json\/wp\/v2\/media\/13555"}],"wp:attachment":[{"href":"https:\/\/knyphausen-wein.de\/homepage\/wp-json\/wp\/v2\/media?parent=11701"}],"wp:term":[{"taxonomy":"product_brand","embeddable":true,"href":"https:\/\/knyphausen-wein.de\/homepage\/wp-json\/wp\/v2\/product_brand?post=11701"},{"taxonomy":"product_cat","embeddable":true,"href":"https:\/\/knyphausen-wein.de\/homepage\/wp-json\/wp\/v2\/product_cat?post=11701"},{"taxonomy":"product_tag","embeddable":true,"href":"https:\/\/knyphausen-wein.de\/homepage\/wp-json\/wp\/v2\/product_tag?post=11701"}],"curies":[{"name":"wp","href":"https:\/\/api.w.org\/{rel}","templated":true}]}}