{"id":12069,"date":"2024-12-13T14:21:47","date_gmt":"2024-12-13T13:21:47","guid":{"rendered":"https:\/\/knyphausen-wein.de\/homepage\/product\/2022-rheingau-riesling-sekt-b-a-brut-magnum\/"},"modified":"2026-04-25T10:30:37","modified_gmt":"2026-04-25T08:30:37","slug":"2022-rheingau-riesling-sekt-b-a-brut-magnum","status":"publish","type":"product","link":"https:\/\/knyphausen-wein.de\/homepage\/product\/2022-rheingau-riesling-sekt-b-a-brut-magnum\/","title":{"rendered":"2022 Rheingau Riesling Sekt b.A. brut MAGNUM"},"content":{"rendered":"<p>Ein trockener Riesling Sekt aus traditioneller Flascheng\u00e4rung. Laut Gault Millau einer der Top 10 Sekte im Rheingau 2020. Frisch, cremig und prickelnd.<br \/>\nIn der 1,5l MAGNUM Flasche<\/p>\n","protected":false},"excerpt":{"rendered":"<p>Ein trockener Riesling Sekt aus traditioneller Flascheng\u00e4rung. Laut Gault Millau einer der Top 10 Sekte im Rheingau. Frisch, cremig und prickelnd.<br \/>\nIn der 1,5l MAGNUM Flasche<\/p>\n","protected":false},"featured_media":13568,"template":"","meta":{"inline_featured_image":false},"product_brand":[],"product_cat":[664],"product_tag":[],"class_list":{"0":"post-12069","1":"product","2":"type-product","3":"status-publish","4":"has-post-thumbnail","6":"product_cat-sekt","7":"product_shipping_class-standard","8":"tm-no-options","10":"first","11":"instock","12":"taxable","13":"shipping-taxable","14":"purchasable","15":"product-type-simple"},"composite_layout":"","composite_add_to_cart_form_location":"","composite_editable_in_cart":false,"composite_sold_individually_context":"","composite_shop_price_calc":"","composite_components":[],"composite_scenarios":[],"yoast_head":"<!-- This site is optimized with the Yoast SEO Premium plugin v15.9.1 - https:\/\/yoast.com\/wordpress\/plugins\/seo\/ -->\n<title>2022 Rheingau Riesling Sekt b.A. brut MAGNUM - Baron Knyphausen<\/title>\n<meta name=\"description\" content=\"Baron Knyphausen - Wei\u00dfweine, Ros\u00e9, Rotweine, Schaumweine von h\u00f6chster Qualit\u00e4t und f\u00fcr jeden Anlass jetzt online nach Hause direkt aus dem Rheinland bestellen.\" \/>\n<link rel=\"canonical\" href=\"https:\/\/knyphausen-wein.de\/homepage\/product\/2022-rheingau-riesling-sekt-b-a-brut-magnum\/\" \/>\n<meta property=\"og:locale\" content=\"de_DE\" \/>\n<meta property=\"og:type\" content=\"article\" \/>\n<meta property=\"og:title\" content=\"2022 Rheingau Riesling Sekt b.A. brut MAGNUM - Baron Knyphausen\" \/>\n<meta property=\"og:description\" content=\"Baron Knyphausen - Wei\u00dfweine, Ros\u00e9, Rotweine, Schaumweine von h\u00f6chster Qualit\u00e4t und f\u00fcr jeden Anlass jetzt online nach Hause direkt aus dem Rheinland bestellen.\" \/>\n<meta property=\"og:url\" content=\"https:\/\/knyphausen-wein.de\/homepage\/product\/2022-rheingau-riesling-sekt-b-a-brut-magnum\/\" \/>\n<meta property=\"og:site_name\" content=\"Baron Knyphausen\" \/>\n<meta property=\"article:publisher\" content=\"https:\/\/www.facebook.com\/weingutbaronknyphausen\" \/>\n<meta property=\"article:modified_time\" content=\"2026-04-25T08:30:37+00:00\" \/>\n<meta property=\"og:image\" content=\"https:\/\/knyphausen-wein.de\/wp-content\/uploads\/2026\/03\/Bild_Online-Shop_22MAGNUM-png.png\" \/>\n\t<meta property=\"og:image:width\" content=\"1080\" \/>\n\t<meta property=\"og:image:height\" content=\"1080\" \/>\n<meta name=\"twitter:card\" content=\"summary_large_image\" \/>\n<meta name=\"twitter:label1\" content=\"Preis\">\n\t<meta name=\"twitter:data1\" content=\"33,00&euro;\">\n\t<meta name=\"twitter:label2\" content=\"Availability\">\n\t<meta name=\"twitter:data2\" content=\"In stock\">\n<script type=\"application\/ld+json\" class=\"yoast-schema-graph\">{\"@context\":\"https:\/\/schema.org\",\"@graph\":[{\"@type\":\"Organization\",\"@id\":\"https:\/\/knyphausen-wein.de\/homepage\/#organization\",\"name\":\"Baron Knyphausen\",\"url\":\"https:\/\/knyphausen-wein.de\/homepage\/\",\"sameAs\":[\"https:\/\/www.facebook.com\/weingutbaronknyphausen\",\"https:\/\/www.instagram.com\/weingutbaronknyphausen\/\"],\"logo\":{\"@type\":\"ImageObject\",\"@id\":\"https:\/\/knyphausen-wein.de\/homepage\/#logo\",\"inLanguage\":\"de\",\"url\":\"https:\/\/knyphausen-wein.de\/wp-content\/uploads\/2021\/02\/logo_bk_png.png\",\"width\":486,\"height\":162,\"caption\":\"Baron Knyphausen\"},\"image\":{\"@id\":\"https:\/\/knyphausen-wein.de\/homepage\/#logo\"}},{\"@type\":\"WebSite\",\"@id\":\"https:\/\/knyphausen-wein.de\/homepage\/#website\",\"url\":\"https:\/\/knyphausen-wein.de\/homepage\/\",\"name\":\"Baron Knyphausen\",\"description\":\"Weinshop\",\"publisher\":{\"@id\":\"https:\/\/knyphausen-wein.de\/homepage\/#organization\"},\"potentialAction\":[{\"@type\":\"SearchAction\",\"target\":\"https:\/\/knyphausen-wein.de\/homepage\/?s={search_term_string}\",\"query-input\":\"required name=search_term_string\"}],\"inLanguage\":\"de\"},{\"@type\":\"ImageObject\",\"@id\":\"https:\/\/knyphausen-wein.de\/homepage\/product\/2022-rheingau-riesling-sekt-b-a-brut-magnum\/#primaryimage\",\"inLanguage\":\"de\",\"url\":\"https:\/\/knyphausen-wein.de\/wp-content\/uploads\/2026\/03\/Bild_Online-Shop_22MAGNUM-png.png\",\"width\":1080,\"height\":1080,\"caption\":\"Bild_Online Shop_22MAGNUM.png\"},{\"@type\":\"WebPage\",\"@id\":\"https:\/\/knyphausen-wein.de\/homepage\/product\/2022-rheingau-riesling-sekt-b-a-brut-magnum\/#webpage\",\"url\":\"https:\/\/knyphausen-wein.de\/homepage\/product\/2022-rheingau-riesling-sekt-b-a-brut-magnum\/\",\"name\":\"2022 Rheingau Riesling Sekt b.A. brut MAGNUM - Baron Knyphausen\",\"isPartOf\":{\"@id\":\"https:\/\/knyphausen-wein.de\/homepage\/#website\"},\"primaryImageOfPage\":{\"@id\":\"https:\/\/knyphausen-wein.de\/homepage\/product\/2022-rheingau-riesling-sekt-b-a-brut-magnum\/#primaryimage\"},\"datePublished\":\"2024-12-13T13:21:47+00:00\",\"dateModified\":\"2026-04-25T08:30:37+00:00\",\"description\":\"Baron Knyphausen - Wei\\u00dfweine, Ros\\u00e9, Rotweine, Schaumweine von h\\u00f6chster Qualit\\u00e4t und f\\u00fcr jeden Anlass jetzt online nach Hause direkt aus dem Rheinland bestellen.\",\"breadcrumb\":{\"@id\":\"https:\/\/knyphausen-wein.de\/homepage\/product\/2022-rheingau-riesling-sekt-b-a-brut-magnum\/#breadcrumb\"},\"inLanguage\":\"de\",\"potentialAction\":[{\"@type\":\"ReadAction\",\"target\":[\"https:\/\/knyphausen-wein.de\/homepage\/product\/2022-rheingau-riesling-sekt-b-a-brut-magnum\/\"]}]},{\"@type\":\"BreadcrumbList\",\"@id\":\"https:\/\/knyphausen-wein.de\/homepage\/product\/2022-rheingau-riesling-sekt-b-a-brut-magnum\/#breadcrumb\",\"itemListElement\":[{\"@type\":\"ListItem\",\"position\":1,\"item\":{\"@type\":\"WebPage\",\"@id\":\"https:\/\/knyphausen-wein.de\/homepage\/\",\"url\":\"https:\/\/knyphausen-wein.de\/homepage\/\",\"name\":\"Startseite\"}},{\"@type\":\"ListItem\",\"position\":2,\"item\":{\"@type\":\"WebPage\",\"@id\":\"https:\/\/knyphausen-wein.de\/homepage\/shop\/\",\"url\":\"https:\/\/knyphausen-wein.de\/homepage\/shop\/\",\"name\":\"Weinshop\"}},{\"@type\":\"ListItem\",\"position\":3,\"item\":{\"@type\":\"WebPage\",\"@id\":\"https:\/\/knyphausen-wein.de\/homepage\/product\/2022-rheingau-riesling-sekt-b-a-brut-magnum\/\",\"url\":\"https:\/\/knyphausen-wein.de\/homepage\/product\/2022-rheingau-riesling-sekt-b-a-brut-magnum\/\",\"name\":\"2022 Rheingau Riesling Sekt b.A. brut MAGNUM\"}}]}]}<\/script>\n<!-- \/ Yoast SEO Premium plugin. -->","_links":{"self":[{"href":"https:\/\/knyphausen-wein.de\/homepage\/wp-json\/wp\/v2\/product\/12069","targetHints":{"allow":["GET"]}}],"collection":[{"href":"https:\/\/knyphausen-wein.de\/homepage\/wp-json\/wp\/v2\/product"}],"about":[{"href":"https:\/\/knyphausen-wein.de\/homepage\/wp-json\/wp\/v2\/types\/product"}],"wp:featuredmedia":[{"embeddable":true,"href":"https:\/\/knyphausen-wein.de\/homepage\/wp-json\/wp\/v2\/media\/13568"}],"wp:attachment":[{"href":"https:\/\/knyphausen-wein.de\/homepage\/wp-json\/wp\/v2\/media?parent=12069"}],"wp:term":[{"taxonomy":"product_brand","embeddable":true,"href":"https:\/\/knyphausen-wein.de\/homepage\/wp-json\/wp\/v2\/product_brand?post=12069"},{"taxonomy":"product_cat","embeddable":true,"href":"https:\/\/knyphausen-wein.de\/homepage\/wp-json\/wp\/v2\/product_cat?post=12069"},{"taxonomy":"product_tag","embeddable":true,"href":"https:\/\/knyphausen-wein.de\/homepage\/wp-json\/wp\/v2\/product_tag?post=12069"}],"curies":[{"name":"wp","href":"https:\/\/api.w.org\/{rel}","templated":true}]}}