{"id":12439,"date":"2025-04-04T11:36:59","date_gmt":"2025-04-04T09:36:59","guid":{"rendered":"https:\/\/knyphausen-wein.de\/homepage\/product\/knyp-wine-trail-ohne-picknick-fuer-2-personen\/"},"modified":"2026-05-15T13:28:56","modified_gmt":"2026-05-15T11:28:56","slug":"knyp-wine-trail-ohne-picknick-fuer-2-personen","status":"publish","type":"product","link":"https:\/\/knyphausen-wein.de\/homepage\/product\/knyp-wine-trail-ohne-picknick-fuer-2-personen\/","title":{"rendered":"knyp Wine Trail &#8211; ohne Picknick f\u00fcr 2 Personen"},"content":{"rendered":"<p>Der knyp Wine Trail bietet euch die Gelegenheit die Erbacher Weinlagen auf eigene Faust zu erkunden. Wir geben euch den ersten Wegpunkt und wenn ihr ihn gefunden habt, erfahrt ihr wo es weitergeht. Unterwegs erfahrt ihr mehr &uuml;ber unsere Erbacher Weinlagen und die Weine, die wir daraus keltern. Wir geben euch f&uuml;r die einzelnen Weinberge insgesamt 4 Weinprobefl&auml;schchen mit, damit ihr unterwegs probieren k&ouml;nnt.<\/p>\n<p>Ihr habt die Wahl und k&ouml;nnt unterwegs entscheiden, ob ihr die volle 10km Schleife laufen m&ouml;gt oder die k&uuml;rzere 5km Schleife.<\/p>\n<p>Wenn ihr vor 17:30 Uhr wieder am Weingut ankommt, k&ouml;nnt ihr im Anschluss noch weitere Weine in unserer Vinothek probieren (im Preis inbegriffen).<\/p>\n<p>Wir freuen uns auf Euch!<\/p>\n<p>Inkl.:<\/p>\n<ul>\n<li>Wegf&uuml;hrung durch die Erbacher Weinlagen<\/li>\n<li>4 x 0,25 Probenweine<\/li>\n<li>2 x Wine Tasting am Weinassistenten in der Vinothek<\/li>\n<li>2 x Weingl&auml;ser<\/li>\n<li>1 x 0,75l Staatlich Fachingen medium\/still<\/li>\n<\/ul>\n<p>Auf Wunsch kann ein Rucksack geliehen werden (20 EUR Pfand).<\/p>\n<p>Wenn ihr m&ouml;gt, bucht euch gern ein Picknickpaket f&uuml;r 40 EUR dazu:<\/p>\n<p><a href=\"https:\/\/knyphausen-wein.de\/homepage\/product\/picknickpaket-fuer-2\/\">Picknickpaket f&uuml;r 2 &#8211; Baron Knyphausen<\/a><\/p>\n<p>&nbsp;<\/p>\n<p>&nbsp;<\/p>\n","protected":false},"excerpt":{"rendered":"<p>Macht euch auf ein Abenteuer durch unsere Weinberge &#8211; mit Weinprobe!<\/p>\n","protected":false},"featured_media":13711,"template":"","meta":{"inline_featured_image":false},"product_brand":[],"product_cat":[671],"product_tag":[],"class_list":{"0":"post-12439","1":"product","2":"type-product","3":"status-publish","4":"has-post-thumbnail","6":"product_cat-veranstaltungen","7":"product_shipping_class-standard","8":"tm-no-options","10":"first","11":"instock","12":"taxable","13":"shipping-taxable","14":"purchasable","15":"product-type-simple"},"composite_layout":"","composite_add_to_cart_form_location":"","composite_editable_in_cart":false,"composite_sold_individually_context":"","composite_shop_price_calc":"","composite_components":[],"composite_scenarios":[],"yoast_head":"<!-- This site is optimized with the Yoast SEO Premium plugin v15.9.1 - https:\/\/yoast.com\/wordpress\/plugins\/seo\/ -->\n<title>knyp Wine Trail - ohne Picknick f\u00fcr 2 Personen - Baron Knyphausen<\/title>\n<meta name=\"description\" content=\"Baron Knyphausen - Wei\u00dfweine, Ros\u00e9, Rotweine, Schaumweine von h\u00f6chster Qualit\u00e4t und f\u00fcr jeden Anlass jetzt online nach Hause direkt aus dem Rheinland bestellen.\" \/>\n<link rel=\"canonical\" href=\"https:\/\/knyphausen-wein.de\/homepage\/product\/knyp-wine-trail-ohne-picknick-fuer-2-personen\/\" \/>\n<meta property=\"og:locale\" content=\"de_DE\" \/>\n<meta property=\"og:type\" content=\"article\" \/>\n<meta property=\"og:title\" content=\"knyp Wine Trail - ohne Picknick f\u00fcr 2 Personen - Baron Knyphausen\" \/>\n<meta property=\"og:description\" content=\"Baron Knyphausen - Wei\u00dfweine, Ros\u00e9, Rotweine, Schaumweine von h\u00f6chster Qualit\u00e4t und f\u00fcr jeden Anlass jetzt online nach Hause direkt aus dem Rheinland bestellen.\" \/>\n<meta property=\"og:url\" content=\"https:\/\/knyphausen-wein.de\/homepage\/product\/knyp-wine-trail-ohne-picknick-fuer-2-personen\/\" \/>\n<meta property=\"og:site_name\" content=\"Baron Knyphausen\" \/>\n<meta property=\"article:publisher\" content=\"https:\/\/www.facebook.com\/weingutbaronknyphausen\" \/>\n<meta property=\"article:modified_time\" content=\"2026-05-15T11:28:56+00:00\" \/>\n<meta property=\"og:image\" content=\"https:\/\/knyphausen-wein.de\/wp-content\/uploads\/2026\/05\/knypTRAIL-1-jpg.jpg\" \/>\n\t<meta property=\"og:image:width\" content=\"1080\" \/>\n\t<meta property=\"og:image:height\" content=\"1080\" \/>\n<meta name=\"twitter:card\" content=\"summary_large_image\" \/>\n<meta name=\"twitter:label1\" content=\"Preis\">\n\t<meta name=\"twitter:data1\" content=\"39,00&euro;\">\n\t<meta name=\"twitter:label2\" content=\"Availability\">\n\t<meta name=\"twitter:data2\" content=\"In stock\">\n<script type=\"application\/ld+json\" class=\"yoast-schema-graph\">{\"@context\":\"https:\/\/schema.org\",\"@graph\":[{\"@type\":\"Organization\",\"@id\":\"https:\/\/knyphausen-wein.de\/homepage\/#organization\",\"name\":\"Baron Knyphausen\",\"url\":\"https:\/\/knyphausen-wein.de\/homepage\/\",\"sameAs\":[\"https:\/\/www.facebook.com\/weingutbaronknyphausen\",\"https:\/\/www.instagram.com\/weingutbaronknyphausen\/\"],\"logo\":{\"@type\":\"ImageObject\",\"@id\":\"https:\/\/knyphausen-wein.de\/homepage\/#logo\",\"inLanguage\":\"de\",\"url\":\"https:\/\/knyphausen-wein.de\/wp-content\/uploads\/2021\/02\/logo_bk_png.png\",\"width\":486,\"height\":162,\"caption\":\"Baron Knyphausen\"},\"image\":{\"@id\":\"https:\/\/knyphausen-wein.de\/homepage\/#logo\"}},{\"@type\":\"WebSite\",\"@id\":\"https:\/\/knyphausen-wein.de\/homepage\/#website\",\"url\":\"https:\/\/knyphausen-wein.de\/homepage\/\",\"name\":\"Baron Knyphausen\",\"description\":\"Weinshop\",\"publisher\":{\"@id\":\"https:\/\/knyphausen-wein.de\/homepage\/#organization\"},\"potentialAction\":[{\"@type\":\"SearchAction\",\"target\":\"https:\/\/knyphausen-wein.de\/homepage\/?s={search_term_string}\",\"query-input\":\"required name=search_term_string\"}],\"inLanguage\":\"de\"},{\"@type\":\"ImageObject\",\"@id\":\"https:\/\/knyphausen-wein.de\/homepage\/product\/knyp-wine-trail-ohne-picknick-fuer-2-personen\/#primaryimage\",\"inLanguage\":\"de\",\"url\":\"https:\/\/knyphausen-wein.de\/wp-content\/uploads\/2026\/05\/knypTRAIL-1-jpg.jpg\",\"width\":1080,\"height\":1080,\"caption\":\"knypTRAIL 1.jpg\"},{\"@type\":\"WebPage\",\"@id\":\"https:\/\/knyphausen-wein.de\/homepage\/product\/knyp-wine-trail-ohne-picknick-fuer-2-personen\/#webpage\",\"url\":\"https:\/\/knyphausen-wein.de\/homepage\/product\/knyp-wine-trail-ohne-picknick-fuer-2-personen\/\",\"name\":\"knyp Wine Trail - ohne Picknick f\\u00fcr 2 Personen - Baron Knyphausen\",\"isPartOf\":{\"@id\":\"https:\/\/knyphausen-wein.de\/homepage\/#website\"},\"primaryImageOfPage\":{\"@id\":\"https:\/\/knyphausen-wein.de\/homepage\/product\/knyp-wine-trail-ohne-picknick-fuer-2-personen\/#primaryimage\"},\"datePublished\":\"2025-04-04T09:36:59+00:00\",\"dateModified\":\"2026-05-15T11:28:56+00:00\",\"description\":\"Baron Knyphausen - Wei\\u00dfweine, Ros\\u00e9, Rotweine, Schaumweine von h\\u00f6chster Qualit\\u00e4t und f\\u00fcr jeden Anlass jetzt online nach Hause direkt aus dem Rheinland bestellen.\",\"breadcrumb\":{\"@id\":\"https:\/\/knyphausen-wein.de\/homepage\/product\/knyp-wine-trail-ohne-picknick-fuer-2-personen\/#breadcrumb\"},\"inLanguage\":\"de\",\"potentialAction\":[{\"@type\":\"ReadAction\",\"target\":[\"https:\/\/knyphausen-wein.de\/homepage\/product\/knyp-wine-trail-ohne-picknick-fuer-2-personen\/\"]}]},{\"@type\":\"BreadcrumbList\",\"@id\":\"https:\/\/knyphausen-wein.de\/homepage\/product\/knyp-wine-trail-ohne-picknick-fuer-2-personen\/#breadcrumb\",\"itemListElement\":[{\"@type\":\"ListItem\",\"position\":1,\"item\":{\"@type\":\"WebPage\",\"@id\":\"https:\/\/knyphausen-wein.de\/homepage\/\",\"url\":\"https:\/\/knyphausen-wein.de\/homepage\/\",\"name\":\"Startseite\"}},{\"@type\":\"ListItem\",\"position\":2,\"item\":{\"@type\":\"WebPage\",\"@id\":\"https:\/\/knyphausen-wein.de\/homepage\/shop\/\",\"url\":\"https:\/\/knyphausen-wein.de\/homepage\/shop\/\",\"name\":\"Weinshop\"}},{\"@type\":\"ListItem\",\"position\":3,\"item\":{\"@type\":\"WebPage\",\"@id\":\"https:\/\/knyphausen-wein.de\/homepage\/product\/knyp-wine-trail-ohne-picknick-fuer-2-personen\/\",\"url\":\"https:\/\/knyphausen-wein.de\/homepage\/product\/knyp-wine-trail-ohne-picknick-fuer-2-personen\/\",\"name\":\"knyp Wine Trail &#8211; ohne Picknick f\\u00fcr 2 Personen\"}}]}]}<\/script>\n<!-- \/ Yoast SEO Premium plugin. -->","_links":{"self":[{"href":"https:\/\/knyphausen-wein.de\/homepage\/wp-json\/wp\/v2\/product\/12439","targetHints":{"allow":["GET"]}}],"collection":[{"href":"https:\/\/knyphausen-wein.de\/homepage\/wp-json\/wp\/v2\/product"}],"about":[{"href":"https:\/\/knyphausen-wein.de\/homepage\/wp-json\/wp\/v2\/types\/product"}],"wp:featuredmedia":[{"embeddable":true,"href":"https:\/\/knyphausen-wein.de\/homepage\/wp-json\/wp\/v2\/media\/13711"}],"wp:attachment":[{"href":"https:\/\/knyphausen-wein.de\/homepage\/wp-json\/wp\/v2\/media?parent=12439"}],"wp:term":[{"taxonomy":"product_brand","embeddable":true,"href":"https:\/\/knyphausen-wein.de\/homepage\/wp-json\/wp\/v2\/product_brand?post=12439"},{"taxonomy":"product_cat","embeddable":true,"href":"https:\/\/knyphausen-wein.de\/homepage\/wp-json\/wp\/v2\/product_cat?post=12439"},{"taxonomy":"product_tag","embeddable":true,"href":"https:\/\/knyphausen-wein.de\/homepage\/wp-json\/wp\/v2\/product_tag?post=12439"}],"curies":[{"name":"wp","href":"https:\/\/api.w.org\/{rel}","templated":true}]}}