{"id":12474,"date":"2025-04-15T16:03:05","date_gmt":"2025-04-15T14:03:05","guid":{"rendered":"https:\/\/knyphausen-wein.de\/homepage\/product\/2024-vdp-grosse-lage-siegelsberg-erbach-riesling-kabinett\/"},"modified":"2026-04-21T15:03:39","modified_gmt":"2026-04-21T13:03:39","slug":"2024-vdp-grosse-lage-siegelsberg-erbach-riesling-kabinett-bio","status":"publish","type":"product","link":"https:\/\/knyphausen-wein.de\/homepage\/product\/2024-vdp-grosse-lage-siegelsberg-erbach-riesling-kabinett-bio\/","title":{"rendered":"2024 VDP.GROSSE LAGE\u00ae SIEGELSBERG Erbach Riesling Kabinett &#8211; BIO"},"content":{"rendered":"<p>Die VDP.GROSSE LAGE SIEGELSBERG ist eine unglaublich karge und sehr mineralische Lage. Direkt oberhalb an den deutlich bekannteren MARCOBRUNN anschlie&szlig;end, erstreckt sich der SIEGELSBERG mit einer Neigung von 16% auf 100m &uuml;ber NN. Er bildet einen perfekten S&uuml;dhang. Die Weine sind oft kr&auml;ftige Weine, in deren Aroma das Terroir klar im Vordergrund steht und die Rieslingfrucht eher etwas zur&uuml;ckhaltener Auftritt.<\/p>\n<p>Dieser feinfruchtige Riesling Kabinett profitiert dar&uuml;berhinaus von einer &uuml;beraus lebendigen S&auml;ure, die ihn trotz der S&uuml;&szlig;e, frisch und lebendig h&auml;lt.<\/p>\n","protected":false},"excerpt":{"rendered":"<p>Fruchtiger Kabinett aus der VDP.GROSSE LAGE SIEGELSBERG<\/p>\n","protected":false},"featured_media":13579,"template":"","meta":{"inline_featured_image":false},"product_brand":[],"product_cat":[668],"product_tag":[],"class_list":{"0":"post-12474","1":"product","2":"type-product","3":"status-publish","4":"has-post-thumbnail","6":"product_cat-grosse-lage","7":"product_shipping_class-standard","8":"tm-no-options","10":"first","11":"instock","12":"taxable","13":"shipping-taxable","14":"purchasable","15":"product-type-simple"},"composite_layout":"","composite_add_to_cart_form_location":"","composite_editable_in_cart":false,"composite_sold_individually_context":"","composite_shop_price_calc":"","composite_components":[],"composite_scenarios":[],"yoast_head":"<!-- This site is optimized with the Yoast SEO Premium plugin v15.9.1 - https:\/\/yoast.com\/wordpress\/plugins\/seo\/ -->\n<title>2024 VDP.GROSSE LAGE\u00ae SIEGELSBERG Erbach Riesling Kabinett - BIO - Baron Knyphausen<\/title>\n<meta name=\"description\" content=\"Baron Knyphausen - Wei\u00dfweine, Ros\u00e9, Rotweine, Schaumweine von h\u00f6chster Qualit\u00e4t und f\u00fcr jeden Anlass jetzt online nach Hause direkt aus dem Rheinland bestellen.\" \/>\n<link rel=\"canonical\" href=\"https:\/\/knyphausen-wein.de\/homepage\/product\/2024-vdp-grosse-lage-siegelsberg-erbach-riesling-kabinett-bio\/\" \/>\n<meta property=\"og:locale\" content=\"de_DE\" \/>\n<meta property=\"og:type\" content=\"article\" \/>\n<meta property=\"og:title\" content=\"2024 VDP.GROSSE LAGE\u00ae SIEGELSBERG Erbach Riesling Kabinett - BIO - Baron Knyphausen\" \/>\n<meta property=\"og:description\" content=\"Baron Knyphausen - Wei\u00dfweine, Ros\u00e9, Rotweine, Schaumweine von h\u00f6chster Qualit\u00e4t und f\u00fcr jeden Anlass jetzt online nach Hause direkt aus dem Rheinland bestellen.\" \/>\n<meta property=\"og:url\" content=\"https:\/\/knyphausen-wein.de\/homepage\/product\/2024-vdp-grosse-lage-siegelsberg-erbach-riesling-kabinett-bio\/\" \/>\n<meta property=\"og:site_name\" content=\"Baron Knyphausen\" \/>\n<meta property=\"article:publisher\" content=\"https:\/\/www.facebook.com\/weingutbaronknyphausen\" \/>\n<meta property=\"article:modified_time\" content=\"2026-04-21T13:03:39+00:00\" \/>\n<meta property=\"og:image\" content=\"https:\/\/knyphausen-wein.de\/wp-content\/uploads\/2026\/03\/Design-ohne-Titel-9-png.png\" \/>\n\t<meta property=\"og:image:width\" content=\"1080\" \/>\n\t<meta property=\"og:image:height\" content=\"1080\" \/>\n<meta name=\"twitter:card\" content=\"summary_large_image\" \/>\n<meta name=\"twitter:label1\" content=\"Preis\">\n\t<meta name=\"twitter:data1\" content=\"25,00&euro;\">\n\t<meta name=\"twitter:label2\" content=\"Availability\">\n\t<meta name=\"twitter:data2\" content=\"In stock\">\n<script type=\"application\/ld+json\" class=\"yoast-schema-graph\">{\"@context\":\"https:\/\/schema.org\",\"@graph\":[{\"@type\":\"Organization\",\"@id\":\"https:\/\/knyphausen-wein.de\/homepage\/#organization\",\"name\":\"Baron Knyphausen\",\"url\":\"https:\/\/knyphausen-wein.de\/homepage\/\",\"sameAs\":[\"https:\/\/www.facebook.com\/weingutbaronknyphausen\",\"https:\/\/www.instagram.com\/weingutbaronknyphausen\/\"],\"logo\":{\"@type\":\"ImageObject\",\"@id\":\"https:\/\/knyphausen-wein.de\/homepage\/#logo\",\"inLanguage\":\"de\",\"url\":\"https:\/\/knyphausen-wein.de\/wp-content\/uploads\/2021\/02\/logo_bk_png.png\",\"width\":486,\"height\":162,\"caption\":\"Baron Knyphausen\"},\"image\":{\"@id\":\"https:\/\/knyphausen-wein.de\/homepage\/#logo\"}},{\"@type\":\"WebSite\",\"@id\":\"https:\/\/knyphausen-wein.de\/homepage\/#website\",\"url\":\"https:\/\/knyphausen-wein.de\/homepage\/\",\"name\":\"Baron Knyphausen\",\"description\":\"Weinshop\",\"publisher\":{\"@id\":\"https:\/\/knyphausen-wein.de\/homepage\/#organization\"},\"potentialAction\":[{\"@type\":\"SearchAction\",\"target\":\"https:\/\/knyphausen-wein.de\/homepage\/?s={search_term_string}\",\"query-input\":\"required name=search_term_string\"}],\"inLanguage\":\"de\"},{\"@type\":\"ImageObject\",\"@id\":\"https:\/\/knyphausen-wein.de\/homepage\/product\/2024-vdp-grosse-lage-siegelsberg-erbach-riesling-kabinett-bio\/#primaryimage\",\"inLanguage\":\"de\",\"url\":\"https:\/\/knyphausen-wein.de\/wp-content\/uploads\/2026\/03\/Design-ohne-Titel-9-png.png\",\"width\":1080,\"height\":1080,\"caption\":\"Design ohne Titel (9).png\"},{\"@type\":\"WebPage\",\"@id\":\"https:\/\/knyphausen-wein.de\/homepage\/product\/2024-vdp-grosse-lage-siegelsberg-erbach-riesling-kabinett-bio\/#webpage\",\"url\":\"https:\/\/knyphausen-wein.de\/homepage\/product\/2024-vdp-grosse-lage-siegelsberg-erbach-riesling-kabinett-bio\/\",\"name\":\"2024 VDP.GROSSE LAGE\\u00ae SIEGELSBERG Erbach Riesling Kabinett - BIO - Baron Knyphausen\",\"isPartOf\":{\"@id\":\"https:\/\/knyphausen-wein.de\/homepage\/#website\"},\"primaryImageOfPage\":{\"@id\":\"https:\/\/knyphausen-wein.de\/homepage\/product\/2024-vdp-grosse-lage-siegelsberg-erbach-riesling-kabinett-bio\/#primaryimage\"},\"datePublished\":\"2025-04-15T14:03:05+00:00\",\"dateModified\":\"2026-04-21T13:03:39+00:00\",\"description\":\"Baron Knyphausen - Wei\\u00dfweine, Ros\\u00e9, Rotweine, Schaumweine von h\\u00f6chster Qualit\\u00e4t und f\\u00fcr jeden Anlass jetzt online nach Hause direkt aus dem Rheinland bestellen.\",\"breadcrumb\":{\"@id\":\"https:\/\/knyphausen-wein.de\/homepage\/product\/2024-vdp-grosse-lage-siegelsberg-erbach-riesling-kabinett-bio\/#breadcrumb\"},\"inLanguage\":\"de\",\"potentialAction\":[{\"@type\":\"ReadAction\",\"target\":[\"https:\/\/knyphausen-wein.de\/homepage\/product\/2024-vdp-grosse-lage-siegelsberg-erbach-riesling-kabinett-bio\/\"]}]},{\"@type\":\"BreadcrumbList\",\"@id\":\"https:\/\/knyphausen-wein.de\/homepage\/product\/2024-vdp-grosse-lage-siegelsberg-erbach-riesling-kabinett-bio\/#breadcrumb\",\"itemListElement\":[{\"@type\":\"ListItem\",\"position\":1,\"item\":{\"@type\":\"WebPage\",\"@id\":\"https:\/\/knyphausen-wein.de\/homepage\/\",\"url\":\"https:\/\/knyphausen-wein.de\/homepage\/\",\"name\":\"Startseite\"}},{\"@type\":\"ListItem\",\"position\":2,\"item\":{\"@type\":\"WebPage\",\"@id\":\"https:\/\/knyphausen-wein.de\/homepage\/shop\/\",\"url\":\"https:\/\/knyphausen-wein.de\/homepage\/shop\/\",\"name\":\"Weinshop\"}},{\"@type\":\"ListItem\",\"position\":3,\"item\":{\"@type\":\"WebPage\",\"@id\":\"https:\/\/knyphausen-wein.de\/homepage\/product\/2024-vdp-grosse-lage-siegelsberg-erbach-riesling-kabinett-bio\/\",\"url\":\"https:\/\/knyphausen-wein.de\/homepage\/product\/2024-vdp-grosse-lage-siegelsberg-erbach-riesling-kabinett-bio\/\",\"name\":\"2024 VDP.GROSSE LAGE\\u00ae SIEGELSBERG Erbach Riesling Kabinett &#8211; BIO\"}}]}]}<\/script>\n<!-- \/ Yoast SEO Premium plugin. -->","_links":{"self":[{"href":"https:\/\/knyphausen-wein.de\/homepage\/wp-json\/wp\/v2\/product\/12474","targetHints":{"allow":["GET"]}}],"collection":[{"href":"https:\/\/knyphausen-wein.de\/homepage\/wp-json\/wp\/v2\/product"}],"about":[{"href":"https:\/\/knyphausen-wein.de\/homepage\/wp-json\/wp\/v2\/types\/product"}],"wp:featuredmedia":[{"embeddable":true,"href":"https:\/\/knyphausen-wein.de\/homepage\/wp-json\/wp\/v2\/media\/13579"}],"wp:attachment":[{"href":"https:\/\/knyphausen-wein.de\/homepage\/wp-json\/wp\/v2\/media?parent=12474"}],"wp:term":[{"taxonomy":"product_brand","embeddable":true,"href":"https:\/\/knyphausen-wein.de\/homepage\/wp-json\/wp\/v2\/product_brand?post=12474"},{"taxonomy":"product_cat","embeddable":true,"href":"https:\/\/knyphausen-wein.de\/homepage\/wp-json\/wp\/v2\/product_cat?post=12474"},{"taxonomy":"product_tag","embeddable":true,"href":"https:\/\/knyphausen-wein.de\/homepage\/wp-json\/wp\/v2\/product_tag?post=12474"}],"curies":[{"name":"wp","href":"https:\/\/api.w.org\/{rel}","templated":true}]}}