{"id":12692,"date":"2025-02-07T14:38:18","date_gmt":"2025-02-07T13:38:18","guid":{"rendered":"https:\/\/knyphausen-wein.de\/homepage\/product\/2024-vdp-gutswein-riesling-1141-bio\/"},"modified":"2026-05-04T13:01:36","modified_gmt":"2026-05-04T11:01:36","slug":"2024-vdp-gutswein-riesling-1141-bio","status":"publish","type":"product","link":"https:\/\/knyphausen-wein.de\/homepage\/product\/2024-vdp-gutswein-riesling-1141-bio\/","title":{"rendered":"2024 VDP.GUTSWEIN Riesling 1141 &#8211; BIO"},"content":{"rendered":"[vc_row][vc_column][vc_column_text]Lange Rheingauer Riesling-Geschichte trifft auf exotische Fr&uuml;chte, gepart mit kr&auml;utriger W&uuml;rze und herrlicher Frische. Passend zum gem&uuml;tlichen Abendessen und in geselliger Runde. Unsere Speiseempfehlung: Risotto oder ged&uuml;nsteter Fisch.[\/vc_column_text][\/vc_column][\/vc_row][vc_row et_full_width=&quot;true&quot; et_row_padding=&quot;true&quot; et_column_align=&quot;align-center&quot; parallax=&quot;content-moving&quot;][vc_column et_column_color=&quot;et-light-column&quot;]\r\n\t\t<div class=\"et-banner-69f97e8d90db2 et-banner content-full  image-type-css vh-height text-color-&quot;light&quot; hover-effect &quot;hover-zoom&quot; \"><div class=\"et-banner-image\" role=\"img\" aria-label=\"\" data-image=\"https:\/\/knyphausen-wein.de\/wp-content\/themes\/goya\/assets\/img\/placeholder.png\" style=\"background-image: url(https:\/\/knyphausen-wein.de\/wp-content\/themes\/goya\/assets\/img\/placeholder.png);\"><\/div>\r\n\t\t\t<div class=\"et-banner-content\">\r\n\t\t\t\t<div class=\"et-banner-content-inner container\">\r\n\t\t\t\t\t<div class=\"et-banner-text h_center v_center &quot;align_center&quot;\">\r\n\t\t\t\t\t\t<div class=\"et-banner-text-inner animated\" data-animate=\"&quot;et-fadeInUp&quot;\"><h2 class=\"et-banner-title color- &quot;xlarge&quot;\">&quot;Unser<\/h2><div class=\"et-banner-paragraph\">&quot;Der<\/div><\/div>\r\n\t\t\t\t\t<\/div>\r\n\t\t\t\t<\/div>\r\n\t\t\t<\/div>\r\n\t\t<\/div>[\/vc_column][\/vc_row][vc_row et_column_align=&quot;align-center&quot; css=&quot;.vc_custom_1579121915525{padding-top: 60px !important;padding-bottom: 35px !important;}&quot;][vc_column animation=&quot;animation bottom-to-top&quot; offset=&quot;vc_col-lg-8&quot;][vc_row_inner et_column_align=&quot;align-center&quot;][vc_column_inner][vc_column_text]Unsere Rieslinge wachsen insbesondere in unseren VDP.Grossen Lagen sowie VDP.Ersten Lagen. Die B&ouml;den auf denen die Reben wachsen sind sehr heterogen. Die Basis bildet eine tiefgr&uuml;ndige L&ouml;ss-Lehm-Schicht, die in manchen Weinbergen eine h&ouml;heren Anteil an Kieseinlagerungen, Lehmanteile sowie Sand aufweisen. In manchen Bereichen befinden sich auch Kalkblasen. Diese unterschiedlichen Bodenstrukturen beeinflussen die Aromatik und Struktur der Weine, die wir insbesondere durch unsere Lagenweinen herausstellen. Insbesondere hier im Rheingau findet der Riesling durch die Bodenbeschaffenheit sowie der Lage des Rheingaus gen S&uuml;den und der unmittelbaren N&auml;he zum Rhein, ideale Bedigungen um seine ganze Vielfalt zu zeigen. Nicht nur im Bereich der trockenen Weine, sondern insbesondere auch bei der Produktion von Beerenauslesen und Trockenbeerenauslesen, ist die vorhandene S&auml;ure des Riesling im Rheingau ideal um diese Weine langlebig und lebendig &uuml;ber viele Jahrzehnte zu erhalten.[\/vc_column_text][\/vc_column_inner][\/vc_row_inner][\/vc_column][\/vc_row]\n","protected":false},"excerpt":{"rendered":"<p>Ein Riesling voller exotischer Fruchtnoten und herrlicher Frische.<\/p>\n","protected":false},"featured_media":13571,"template":"","meta":{"inline_featured_image":false},"product_brand":[],"product_cat":[665],"product_tag":[],"class_list":{"0":"post-12692","1":"product","2":"type-product","3":"status-publish","4":"has-post-thumbnail","6":"product_cat-gutswein","7":"product_shipping_class-standard","8":"tm-no-options","10":"first","11":"instock","12":"taxable","13":"shipping-taxable","14":"purchasable","15":"product-type-simple"},"composite_layout":"","composite_add_to_cart_form_location":"","composite_editable_in_cart":false,"composite_sold_individually_context":"","composite_shop_price_calc":"","composite_components":[],"composite_scenarios":[],"yoast_head":"<!-- This site is optimized with the Yoast SEO Premium plugin v15.9.1 - https:\/\/yoast.com\/wordpress\/plugins\/seo\/ -->\n<title>2024 VDP.GUTSWEIN Riesling 1141 - BIO - Baron Knyphausen<\/title>\n<meta name=\"description\" content=\"Baron Knyphausen - Wei\u00dfweine, Ros\u00e9, Rotweine, Schaumweine von h\u00f6chster Qualit\u00e4t und f\u00fcr jeden Anlass jetzt online nach Hause direkt aus dem Rheinland bestellen.\" \/>\n<link rel=\"canonical\" href=\"https:\/\/knyphausen-wein.de\/homepage\/product\/2024-vdp-gutswein-riesling-1141-bio\/\" \/>\n<meta property=\"og:locale\" content=\"de_DE\" \/>\n<meta property=\"og:type\" content=\"article\" \/>\n<meta property=\"og:title\" content=\"2024 VDP.GUTSWEIN Riesling 1141 - BIO - Baron Knyphausen\" \/>\n<meta property=\"og:description\" content=\"Baron Knyphausen - Wei\u00dfweine, Ros\u00e9, Rotweine, Schaumweine von h\u00f6chster Qualit\u00e4t und f\u00fcr jeden Anlass jetzt online nach Hause direkt aus dem Rheinland bestellen.\" \/>\n<meta property=\"og:url\" content=\"https:\/\/knyphausen-wein.de\/homepage\/product\/2024-vdp-gutswein-riesling-1141-bio\/\" \/>\n<meta property=\"og:site_name\" content=\"Baron Knyphausen\" \/>\n<meta property=\"article:publisher\" content=\"https:\/\/www.facebook.com\/weingutbaronknyphausen\" \/>\n<meta property=\"article:modified_time\" content=\"2026-05-04T11:01:36+00:00\" \/>\n<meta property=\"og:image\" content=\"https:\/\/knyphausen-wein.de\/wp-content\/uploads\/2026\/03\/1141-png.png\" \/>\n\t<meta property=\"og:image:width\" content=\"1080\" \/>\n\t<meta property=\"og:image:height\" content=\"1080\" \/>\n<meta name=\"twitter:card\" content=\"summary_large_image\" \/>\n<meta name=\"twitter:label1\" content=\"Preis\">\n\t<meta name=\"twitter:data1\" content=\"11,90&euro;\">\n\t<meta name=\"twitter:label2\" content=\"Availability\">\n\t<meta name=\"twitter:data2\" content=\"In stock\">\n<script type=\"application\/ld+json\" class=\"yoast-schema-graph\">{\"@context\":\"https:\/\/schema.org\",\"@graph\":[{\"@type\":\"Organization\",\"@id\":\"https:\/\/knyphausen-wein.de\/homepage\/#organization\",\"name\":\"Baron Knyphausen\",\"url\":\"https:\/\/knyphausen-wein.de\/homepage\/\",\"sameAs\":[\"https:\/\/www.facebook.com\/weingutbaronknyphausen\",\"https:\/\/www.instagram.com\/weingutbaronknyphausen\/\"],\"logo\":{\"@type\":\"ImageObject\",\"@id\":\"https:\/\/knyphausen-wein.de\/homepage\/#logo\",\"inLanguage\":\"de\",\"url\":\"https:\/\/knyphausen-wein.de\/wp-content\/uploads\/2021\/02\/logo_bk_png.png\",\"width\":486,\"height\":162,\"caption\":\"Baron Knyphausen\"},\"image\":{\"@id\":\"https:\/\/knyphausen-wein.de\/homepage\/#logo\"}},{\"@type\":\"WebSite\",\"@id\":\"https:\/\/knyphausen-wein.de\/homepage\/#website\",\"url\":\"https:\/\/knyphausen-wein.de\/homepage\/\",\"name\":\"Baron Knyphausen\",\"description\":\"Weinshop\",\"publisher\":{\"@id\":\"https:\/\/knyphausen-wein.de\/homepage\/#organization\"},\"potentialAction\":[{\"@type\":\"SearchAction\",\"target\":\"https:\/\/knyphausen-wein.de\/homepage\/?s={search_term_string}\",\"query-input\":\"required name=search_term_string\"}],\"inLanguage\":\"de\"},{\"@type\":\"ImageObject\",\"@id\":\"https:\/\/knyphausen-wein.de\/homepage\/product\/2024-vdp-gutswein-riesling-1141-bio\/#primaryimage\",\"inLanguage\":\"de\",\"url\":\"https:\/\/knyphausen-wein.de\/wp-content\/uploads\/2026\/03\/1141-png.png\",\"width\":1080,\"height\":1080,\"caption\":\"1141.png\"},{\"@type\":\"WebPage\",\"@id\":\"https:\/\/knyphausen-wein.de\/homepage\/product\/2024-vdp-gutswein-riesling-1141-bio\/#webpage\",\"url\":\"https:\/\/knyphausen-wein.de\/homepage\/product\/2024-vdp-gutswein-riesling-1141-bio\/\",\"name\":\"2024 VDP.GUTSWEIN Riesling 1141 - BIO - Baron Knyphausen\",\"isPartOf\":{\"@id\":\"https:\/\/knyphausen-wein.de\/homepage\/#website\"},\"primaryImageOfPage\":{\"@id\":\"https:\/\/knyphausen-wein.de\/homepage\/product\/2024-vdp-gutswein-riesling-1141-bio\/#primaryimage\"},\"datePublished\":\"2025-02-07T13:38:18+00:00\",\"dateModified\":\"2026-05-04T11:01:36+00:00\",\"description\":\"Baron Knyphausen - Wei\\u00dfweine, Ros\\u00e9, Rotweine, Schaumweine von h\\u00f6chster Qualit\\u00e4t und f\\u00fcr jeden Anlass jetzt online nach Hause direkt aus dem Rheinland bestellen.\",\"breadcrumb\":{\"@id\":\"https:\/\/knyphausen-wein.de\/homepage\/product\/2024-vdp-gutswein-riesling-1141-bio\/#breadcrumb\"},\"inLanguage\":\"de\",\"potentialAction\":[{\"@type\":\"ReadAction\",\"target\":[\"https:\/\/knyphausen-wein.de\/homepage\/product\/2024-vdp-gutswein-riesling-1141-bio\/\"]}]},{\"@type\":\"BreadcrumbList\",\"@id\":\"https:\/\/knyphausen-wein.de\/homepage\/product\/2024-vdp-gutswein-riesling-1141-bio\/#breadcrumb\",\"itemListElement\":[{\"@type\":\"ListItem\",\"position\":1,\"item\":{\"@type\":\"WebPage\",\"@id\":\"https:\/\/knyphausen-wein.de\/homepage\/\",\"url\":\"https:\/\/knyphausen-wein.de\/homepage\/\",\"name\":\"Startseite\"}},{\"@type\":\"ListItem\",\"position\":2,\"item\":{\"@type\":\"WebPage\",\"@id\":\"https:\/\/knyphausen-wein.de\/homepage\/shop\/\",\"url\":\"https:\/\/knyphausen-wein.de\/homepage\/shop\/\",\"name\":\"Weinshop\"}},{\"@type\":\"ListItem\",\"position\":3,\"item\":{\"@type\":\"WebPage\",\"@id\":\"https:\/\/knyphausen-wein.de\/homepage\/product\/2024-vdp-gutswein-riesling-1141-bio\/\",\"url\":\"https:\/\/knyphausen-wein.de\/homepage\/product\/2024-vdp-gutswein-riesling-1141-bio\/\",\"name\":\"2024 VDP.GUTSWEIN Riesling 1141 &#8211; BIO\"}}]}]}<\/script>\n<!-- \/ Yoast SEO Premium plugin. -->","_links":{"self":[{"href":"https:\/\/knyphausen-wein.de\/homepage\/wp-json\/wp\/v2\/product\/12692","targetHints":{"allow":["GET"]}}],"collection":[{"href":"https:\/\/knyphausen-wein.de\/homepage\/wp-json\/wp\/v2\/product"}],"about":[{"href":"https:\/\/knyphausen-wein.de\/homepage\/wp-json\/wp\/v2\/types\/product"}],"wp:featuredmedia":[{"embeddable":true,"href":"https:\/\/knyphausen-wein.de\/homepage\/wp-json\/wp\/v2\/media\/13571"}],"wp:attachment":[{"href":"https:\/\/knyphausen-wein.de\/homepage\/wp-json\/wp\/v2\/media?parent=12692"}],"wp:term":[{"taxonomy":"product_brand","embeddable":true,"href":"https:\/\/knyphausen-wein.de\/homepage\/wp-json\/wp\/v2\/product_brand?post=12692"},{"taxonomy":"product_cat","embeddable":true,"href":"https:\/\/knyphausen-wein.de\/homepage\/wp-json\/wp\/v2\/product_cat?post=12692"},{"taxonomy":"product_tag","embeddable":true,"href":"https:\/\/knyphausen-wein.de\/homepage\/wp-json\/wp\/v2\/product_tag?post=12692"}],"curies":[{"name":"wp","href":"https:\/\/api.w.org\/{rel}","templated":true}]}}