{"id":12697,"date":"2024-09-10T09:09:52","date_gmt":"2024-09-10T07:09:52","guid":{"rendered":"https:\/\/knyphausen-wein.de\/homepage\/product\/2023-vdp-grosse-lage-hohenrain-erbach-riesling-gg\/"},"modified":"2026-05-03T16:23:40","modified_gmt":"2026-05-03T14:23:40","slug":"2023-vdp-grosse-lage-hohenrain-erbach-riesling-gg","status":"publish","type":"product","link":"https:\/\/knyphausen-wein.de\/homepage\/product\/2023-vdp-grosse-lage-hohenrain-erbach-riesling-gg\/","title":{"rendered":"2023 VDP.GROSSE LAGE\u00ae HOHENRAIN Erbach Riesling &#8211; GG"},"content":{"rendered":"<div class=\"x_elementToProof\" data-olk-copy-source=\"MessageBody\" style=\"margin: 0px; padding: 0px; border: 0px currentColor; border-image: none; color: rgb(0, 0, 0) !important; text-transform: none; line-height: inherit; text-indent: 0px; letter-spacing: normal; font-family: Aptos, Aptos_EmbeddedFont, Aptos_MSFontService, Calibri, Helvetica, sans-serif; font-size: 12pt; font-style: normal; font-weight: 400; word-spacing: 0px; vertical-align: baseline; white-space: normal; orphans: 2; widows: 2; font-size-adjust: inherit; font-stretch: inherit; font-feature-settings: inherit; background-color: rgb(255, 255, 255); font-variant-ligatures: normal; font-variant-caps: normal; font-variant-numeric: inherit; font-variant-east-asian: inherit; font-variant-alternates: inherit; font-variant-position: inherit; font-variant-emoji: inherit; font-optical-sizing: inherit; font-kerning: inherit; font-variation-settings: inherit; -webkit-text-stroke-width: 0px; text-decoration-thickness: initial; text-decoration-style: initial; text-decoration-color: initial;\">Ein Riesling mit Pers&ouml;nlichkeit:<span>&nbsp;<\/span><b>vielschichtig, exotisch und lebendig<\/b>. Feinste Fruchtaromen treffen auf elegante Mineralit&auml;t &ndash; ein Wein, der begeistert und lange nachklingt. Perfekt f&uuml;r besondere Momente und anspruchsvolle Genie&szlig;er.<\/div>\n<div class=\"x_elementToProof\" data-olk-copy-source=\"MessageBody\" style=\"margin: 0px; padding: 0px; border: 0px currentColor; border-image: none; color: rgb(0, 0, 0) !important; text-transform: none; line-height: inherit; text-indent: 0px; letter-spacing: normal; font-family: Aptos, Aptos_EmbeddedFont, Aptos_MSFontService, Calibri, Helvetica, sans-serif; font-size: 12pt; font-style: normal; font-weight: 400; word-spacing: 0px; vertical-align: baseline; white-space: normal; orphans: 2; widows: 2; font-size-adjust: inherit; font-stretch: inherit; font-feature-settings: inherit; background-color: rgb(255, 255, 255); font-variant-ligatures: normal; font-variant-caps: normal; font-variant-numeric: inherit; font-variant-east-asian: inherit; font-variant-alternates: inherit; font-variant-position: inherit; font-variant-emoji: inherit; font-optical-sizing: inherit; font-kerning: inherit; font-variation-settings: inherit; -webkit-text-stroke-width: 0px; text-decoration-thickness: initial; text-decoration-style: initial; text-decoration-color: initial;\">&nbsp;<\/div>\n<div class=\"x_elementToProof\" style=\"margin: 0px; padding: 0px; border: 0px currentColor; border-image: none; color: rgb(0, 0, 0) !important; text-transform: none; line-height: inherit; text-indent: 0px; letter-spacing: normal; font-family: Aptos, Aptos_EmbeddedFont, Aptos_MSFontService, Calibri, Helvetica, sans-serif; font-size: 12pt; font-style: normal; font-weight: 400; word-spacing: 0px; vertical-align: baseline; white-space: normal; orphans: 2; widows: 2; font-size-adjust: inherit; font-stretch: inherit; font-feature-settings: inherit; background-color: rgb(255, 255, 255); font-variant-ligatures: normal; font-variant-caps: normal; font-variant-numeric: inherit; font-variant-east-asian: inherit; font-variant-alternates: inherit; font-variant-position: inherit; font-variant-emoji: inherit; font-optical-sizing: inherit; font-kerning: inherit; font-variation-settings: inherit; -webkit-text-stroke-width: 0px; text-decoration-thickness: initial; text-decoration-style: initial; text-decoration-color: initial;\"><b>Perfekt zu:<\/b>&nbsp;asiatischer Fusionsk&uuml;che, Sushi oder feinen Meeresfr&uuml;chten<\/div>\n<div class=\"x_elementToProof\" style=\"margin: 0px; padding: 0px; border: 0px currentColor; border-image: none; color: rgb(0, 0, 0) !important; text-transform: none; line-height: inherit; text-indent: 0px; letter-spacing: normal; font-family: Aptos, Aptos_EmbeddedFont, Aptos_MSFontService, Calibri, Helvetica, sans-serif; font-size: 12pt; font-style: normal; font-weight: 400; word-spacing: 0px; vertical-align: baseline; white-space: normal; orphans: 2; widows: 2; font-size-adjust: inherit; font-stretch: inherit; font-feature-settings: inherit; background-color: rgb(255, 255, 255); font-variant-ligatures: normal; font-variant-caps: normal; font-variant-numeric: inherit; font-variant-east-asian: inherit; font-variant-alternates: inherit; font-variant-position: inherit; font-variant-emoji: inherit; font-optical-sizing: inherit; font-kerning: inherit; font-variation-settings: inherit; -webkit-text-stroke-width: 0px; text-decoration-thickness: initial; text-decoration-style: initial; text-decoration-color: initial;\">&nbsp;<\/div>\n<ul>\n<li class=\"x_elementToProof\" style=\"margin: 0px; padding: 0px; border: 0px currentColor; border-image: none; color: rgb(0, 0, 0) !important; text-transform: none; line-height: inherit; text-indent: 0px; letter-spacing: normal; font-family: Aptos, Aptos_EmbeddedFont, Aptos_MSFontService, Calibri, Helvetica, sans-serif; font-size: 12pt; font-style: normal; font-weight: 400; word-spacing: 0px; vertical-align: baseline; white-space: normal; orphans: 2; widows: 2; font-size-adjust: inherit; font-stretch: inherit; font-feature-settings: inherit; background-color: rgb(255, 255, 255); font-variant-ligatures: normal; font-variant-caps: normal; font-variant-numeric: inherit; font-variant-east-asian: inherit; font-variant-alternates: inherit; font-variant-position: inherit; font-variant-emoji: inherit; font-optical-sizing: inherit; font-kerning: inherit; font-variation-settings: inherit; -webkit-text-stroke-width: 0px; text-decoration-thickness: initial; text-decoration-style: initial; text-decoration-color: initial;\">Goldmedaille Golden Grape Awards 2025<\/li>\n<\/ul>\n","protected":false},"excerpt":{"rendered":"<p>Vielschichtig, exotisch, lebendig.<\/p>\n","protected":false},"featured_media":13563,"template":"","meta":{"inline_featured_image":false},"product_brand":[],"product_cat":[668],"product_tag":[],"class_list":{"0":"post-12697","1":"product","2":"type-product","3":"status-publish","4":"has-post-thumbnail","6":"product_cat-grosse-lage","7":"product_shipping_class-standard","8":"tm-no-options","10":"first","11":"instock","12":"taxable","13":"shipping-taxable","14":"purchasable","15":"product-type-simple"},"composite_layout":"","composite_add_to_cart_form_location":"","composite_editable_in_cart":false,"composite_sold_individually_context":"","composite_shop_price_calc":"","composite_components":[],"composite_scenarios":[],"yoast_head":"<!-- This site is optimized with the Yoast SEO Premium plugin v15.9.1 - https:\/\/yoast.com\/wordpress\/plugins\/seo\/ -->\n<title>2023 VDP.GROSSE LAGE\u00ae HOHENRAIN Erbach Riesling - GG - Baron Knyphausen<\/title>\n<meta name=\"description\" content=\"Baron Knyphausen - Wei\u00dfweine, Ros\u00e9, Rotweine, Schaumweine von h\u00f6chster Qualit\u00e4t und f\u00fcr jeden Anlass jetzt online nach Hause direkt aus dem Rheinland bestellen.\" \/>\n<link rel=\"canonical\" href=\"https:\/\/knyphausen-wein.de\/homepage\/product\/2023-vdp-grosse-lage-hohenrain-erbach-riesling-gg\/\" \/>\n<meta property=\"og:locale\" content=\"de_DE\" \/>\n<meta property=\"og:type\" content=\"article\" \/>\n<meta property=\"og:title\" content=\"2023 VDP.GROSSE LAGE\u00ae HOHENRAIN Erbach Riesling - GG - Baron Knyphausen\" \/>\n<meta property=\"og:description\" content=\"Baron Knyphausen - Wei\u00dfweine, Ros\u00e9, Rotweine, Schaumweine von h\u00f6chster Qualit\u00e4t und f\u00fcr jeden Anlass jetzt online nach Hause direkt aus dem Rheinland bestellen.\" \/>\n<meta property=\"og:url\" content=\"https:\/\/knyphausen-wein.de\/homepage\/product\/2023-vdp-grosse-lage-hohenrain-erbach-riesling-gg\/\" \/>\n<meta property=\"og:site_name\" content=\"Baron Knyphausen\" \/>\n<meta property=\"article:publisher\" content=\"https:\/\/www.facebook.com\/weingutbaronknyphausen\" \/>\n<meta property=\"article:modified_time\" content=\"2026-05-03T14:23:40+00:00\" \/>\n<meta property=\"og:image\" content=\"https:\/\/knyphausen-wein.de\/wp-content\/uploads\/2026\/03\/Hohenrain-23-png.png\" \/>\n\t<meta property=\"og:image:width\" content=\"1080\" \/>\n\t<meta property=\"og:image:height\" content=\"1080\" \/>\n<meta name=\"twitter:card\" content=\"summary_large_image\" \/>\n<meta name=\"twitter:label1\" content=\"Preis\">\n\t<meta name=\"twitter:data1\" content=\"37,00&euro;\">\n\t<meta name=\"twitter:label2\" content=\"Availability\">\n\t<meta name=\"twitter:data2\" content=\"In stock\">\n<script type=\"application\/ld+json\" class=\"yoast-schema-graph\">{\"@context\":\"https:\/\/schema.org\",\"@graph\":[{\"@type\":\"Organization\",\"@id\":\"https:\/\/knyphausen-wein.de\/homepage\/#organization\",\"name\":\"Baron Knyphausen\",\"url\":\"https:\/\/knyphausen-wein.de\/homepage\/\",\"sameAs\":[\"https:\/\/www.facebook.com\/weingutbaronknyphausen\",\"https:\/\/www.instagram.com\/weingutbaronknyphausen\/\"],\"logo\":{\"@type\":\"ImageObject\",\"@id\":\"https:\/\/knyphausen-wein.de\/homepage\/#logo\",\"inLanguage\":\"de\",\"url\":\"https:\/\/knyphausen-wein.de\/wp-content\/uploads\/2021\/02\/logo_bk_png.png\",\"width\":486,\"height\":162,\"caption\":\"Baron Knyphausen\"},\"image\":{\"@id\":\"https:\/\/knyphausen-wein.de\/homepage\/#logo\"}},{\"@type\":\"WebSite\",\"@id\":\"https:\/\/knyphausen-wein.de\/homepage\/#website\",\"url\":\"https:\/\/knyphausen-wein.de\/homepage\/\",\"name\":\"Baron Knyphausen\",\"description\":\"Weinshop\",\"publisher\":{\"@id\":\"https:\/\/knyphausen-wein.de\/homepage\/#organization\"},\"potentialAction\":[{\"@type\":\"SearchAction\",\"target\":\"https:\/\/knyphausen-wein.de\/homepage\/?s={search_term_string}\",\"query-input\":\"required name=search_term_string\"}],\"inLanguage\":\"de\"},{\"@type\":\"ImageObject\",\"@id\":\"https:\/\/knyphausen-wein.de\/homepage\/product\/2023-vdp-grosse-lage-hohenrain-erbach-riesling-gg\/#primaryimage\",\"inLanguage\":\"de\",\"url\":\"https:\/\/knyphausen-wein.de\/wp-content\/uploads\/2026\/03\/Hohenrain-23-png.png\",\"width\":1080,\"height\":1080,\"caption\":\"Hohenrain 23.png\"},{\"@type\":\"WebPage\",\"@id\":\"https:\/\/knyphausen-wein.de\/homepage\/product\/2023-vdp-grosse-lage-hohenrain-erbach-riesling-gg\/#webpage\",\"url\":\"https:\/\/knyphausen-wein.de\/homepage\/product\/2023-vdp-grosse-lage-hohenrain-erbach-riesling-gg\/\",\"name\":\"2023 VDP.GROSSE LAGE\\u00ae HOHENRAIN Erbach Riesling - GG - Baron Knyphausen\",\"isPartOf\":{\"@id\":\"https:\/\/knyphausen-wein.de\/homepage\/#website\"},\"primaryImageOfPage\":{\"@id\":\"https:\/\/knyphausen-wein.de\/homepage\/product\/2023-vdp-grosse-lage-hohenrain-erbach-riesling-gg\/#primaryimage\"},\"datePublished\":\"2024-09-10T07:09:52+00:00\",\"dateModified\":\"2026-05-03T14:23:40+00:00\",\"description\":\"Baron Knyphausen - Wei\\u00dfweine, Ros\\u00e9, Rotweine, Schaumweine von h\\u00f6chster Qualit\\u00e4t und f\\u00fcr jeden Anlass jetzt online nach Hause direkt aus dem Rheinland bestellen.\",\"breadcrumb\":{\"@id\":\"https:\/\/knyphausen-wein.de\/homepage\/product\/2023-vdp-grosse-lage-hohenrain-erbach-riesling-gg\/#breadcrumb\"},\"inLanguage\":\"de\",\"potentialAction\":[{\"@type\":\"ReadAction\",\"target\":[\"https:\/\/knyphausen-wein.de\/homepage\/product\/2023-vdp-grosse-lage-hohenrain-erbach-riesling-gg\/\"]}]},{\"@type\":\"BreadcrumbList\",\"@id\":\"https:\/\/knyphausen-wein.de\/homepage\/product\/2023-vdp-grosse-lage-hohenrain-erbach-riesling-gg\/#breadcrumb\",\"itemListElement\":[{\"@type\":\"ListItem\",\"position\":1,\"item\":{\"@type\":\"WebPage\",\"@id\":\"https:\/\/knyphausen-wein.de\/homepage\/\",\"url\":\"https:\/\/knyphausen-wein.de\/homepage\/\",\"name\":\"Startseite\"}},{\"@type\":\"ListItem\",\"position\":2,\"item\":{\"@type\":\"WebPage\",\"@id\":\"https:\/\/knyphausen-wein.de\/homepage\/shop\/\",\"url\":\"https:\/\/knyphausen-wein.de\/homepage\/shop\/\",\"name\":\"Weinshop\"}},{\"@type\":\"ListItem\",\"position\":3,\"item\":{\"@type\":\"WebPage\",\"@id\":\"https:\/\/knyphausen-wein.de\/homepage\/product\/2023-vdp-grosse-lage-hohenrain-erbach-riesling-gg\/\",\"url\":\"https:\/\/knyphausen-wein.de\/homepage\/product\/2023-vdp-grosse-lage-hohenrain-erbach-riesling-gg\/\",\"name\":\"2023 VDP.GROSSE LAGE\\u00ae HOHENRAIN Erbach Riesling &#8211; GG\"}}]}]}<\/script>\n<!-- \/ Yoast SEO Premium plugin. -->","_links":{"self":[{"href":"https:\/\/knyphausen-wein.de\/homepage\/wp-json\/wp\/v2\/product\/12697","targetHints":{"allow":["GET"]}}],"collection":[{"href":"https:\/\/knyphausen-wein.de\/homepage\/wp-json\/wp\/v2\/product"}],"about":[{"href":"https:\/\/knyphausen-wein.de\/homepage\/wp-json\/wp\/v2\/types\/product"}],"wp:featuredmedia":[{"embeddable":true,"href":"https:\/\/knyphausen-wein.de\/homepage\/wp-json\/wp\/v2\/media\/13563"}],"wp:attachment":[{"href":"https:\/\/knyphausen-wein.de\/homepage\/wp-json\/wp\/v2\/media?parent=12697"}],"wp:term":[{"taxonomy":"product_brand","embeddable":true,"href":"https:\/\/knyphausen-wein.de\/homepage\/wp-json\/wp\/v2\/product_brand?post=12697"},{"taxonomy":"product_cat","embeddable":true,"href":"https:\/\/knyphausen-wein.de\/homepage\/wp-json\/wp\/v2\/product_cat?post=12697"},{"taxonomy":"product_tag","embeddable":true,"href":"https:\/\/knyphausen-wein.de\/homepage\/wp-json\/wp\/v2\/product_tag?post=12697"}],"curies":[{"name":"wp","href":"https:\/\/api.w.org\/{rel}","templated":true}]}}