{"id":13054,"date":"2025-11-12T16:05:50","date_gmt":"2025-11-12T15:05:50","guid":{"rendered":"https:\/\/knyphausen-wein.de\/homepage\/product\/wine-dine-merry-winemas-5-dez-26-19-uhr\/"},"modified":"2026-03-27T10:31:23","modified_gmt":"2026-03-27T09:31:23","slug":"wine-dine-merry-winemas-5-dez-26-19-uhr","status":"publish","type":"product","link":"https:\/\/knyphausen-wein.de\/homepage\/product\/wine-dine-merry-winemas-5-dez-26-19-uhr\/","title":{"rendered":"Wine &amp; Dine Merry Winemas 5. Dez 26 &#8211; 19 Uhr"},"content":{"rendered":"<p style=\"margin-bottom: 13px\"><span style=\"font-family: Calibri\">Ein weihnachtliches Men\u00fc mit Rheingauer Weinen.<\/span><\/p>\n<p style=\"margin-bottom: 13px\"><span style=\"font-family: Calibri\">Was erwartet Euch?<\/span><\/p>\n<p style=\"margin-bottom: 13px\"><span style=\"font-family: Calibri\">Preis: 75 \u20ac p.P.<\/span><\/p>\n<p style=\"margin-bottom: 13px\"><span style=\"font-family: Calibri\">Beginn: 19.00 Uhr<\/span><\/p>\n<p style=\"margin-bottom: 13px\"><span style=\"font-family: Calibri\">3-Gang Men\u00fc samt korrespondierenden Weinen (je 0,1l)<\/span><\/p>\n<p style=\"margin-bottom: 13px\"><span style=\"font-family: Calibri\">Begr\u00fc\u00dfungssekt<\/span><\/p>\n<p style=\"margin-bottom: 13px\"><span style=\"font-family: Calibri\">Moderation &amp; Erkl\u00e4rung <\/span><\/p>\n<p style=\"margin-bottom: 13px\"><span style=\"font-family: Calibri\">Unterhaltsame Anekdoten und charmante Weiterbildung<\/span><\/p>\n<p style=\"margin-bottom: 13px\"><span style=\"font-family: Calibri\">In unserem 1818 \u2013 Gutsrestaurant &amp; Weinbar<\/span><\/p>\n<p style=\"margin-bottom: 13px\"><span style=\"font-family: Calibri\">Im Preis inbegriffen ist der Begr\u00fc\u00dfungssekt, das Men\u00fc wie oben beschrieben, samt drei Gl\u00e4sern Wein mit korrespondieren Weinen \u00e1 0,1l. Wasser und weitere Getr\u00e4nke m\u00fcssen separat bezahlt werden. <\/span><\/p>\n<p style=\"margin-bottom: 13px\"><span style=\"font-family: Calibri\">Vor jedem Gang erwartet Euch ein ausgesuchtes \u201eH\u00e4ppchen\u201c, bei dem Euch genau erkl\u00e4rt wird, warum der jeweilige Wein als Speisebegleiter ausgesucht wurde. <\/span><\/p>\n<p style=\"margin-bottom: 13px\"><span style=\"font-size: 12px\">Achtung: Es wird kein physisches Ticket verschickt. Wir f\u00fchren eine Teilnehmerliste im Haus. Sollten Sie ein physisches Ticket ben\u00f6tigen (z.B. als Geschenk), dann kontaktieren Sie uns bitte unter <a href=\"mailto:wein@baron-knphausen.de\">wein@baron-knphausen.de<\/a> und wir senden Ihnen gern etwas zu. <\/span><\/p>\n","protected":false},"excerpt":{"rendered":"<p>3 &#8211; Gang Men\u00fc mit korrespondierenden Weinen<\/p>\n","protected":false},"featured_media":13593,"template":"","meta":{"inline_featured_image":false},"product_brand":[],"product_cat":[671],"product_tag":[],"class_list":{"0":"post-13054","1":"product","2":"type-product","3":"status-publish","4":"has-post-thumbnail","6":"product_cat-veranstaltungen","7":"product_shipping_class-standard","8":"tm-no-options","10":"first","11":"instock","12":"taxable","13":"shipping-taxable","14":"purchasable","15":"product-type-simple"},"composite_layout":"","composite_add_to_cart_form_location":"","composite_editable_in_cart":false,"composite_sold_individually_context":"","composite_shop_price_calc":"","composite_components":[],"composite_scenarios":[],"yoast_head":"<!-- This site is optimized with the Yoast SEO Premium plugin v15.9.1 - https:\/\/yoast.com\/wordpress\/plugins\/seo\/ -->\n<title>Wine &amp; Dine Merry Winemas 5. Dez 26 - 19 Uhr - Baron Knyphausen<\/title>\n<meta name=\"description\" content=\"Baron Knyphausen - Wei\u00dfweine, Ros\u00e9, Rotweine, Schaumweine von h\u00f6chster Qualit\u00e4t und f\u00fcr jeden Anlass jetzt online nach Hause direkt aus dem Rheinland bestellen.\" \/>\n<link rel=\"canonical\" href=\"https:\/\/knyphausen-wein.de\/homepage\/product\/wine-dine-merry-winemas-5-dez-26-19-uhr\/\" \/>\n<meta property=\"og:locale\" content=\"de_DE\" \/>\n<meta property=\"og:type\" content=\"article\" \/>\n<meta property=\"og:title\" content=\"Wine &amp; Dine Merry Winemas 5. Dez 26 - 19 Uhr - Baron Knyphausen\" \/>\n<meta property=\"og:description\" content=\"Baron Knyphausen - Wei\u00dfweine, Ros\u00e9, Rotweine, Schaumweine von h\u00f6chster Qualit\u00e4t und f\u00fcr jeden Anlass jetzt online nach Hause direkt aus dem Rheinland bestellen.\" \/>\n<meta property=\"og:url\" content=\"https:\/\/knyphausen-wein.de\/homepage\/product\/wine-dine-merry-winemas-5-dez-26-19-uhr\/\" \/>\n<meta property=\"og:site_name\" content=\"Baron Knyphausen\" \/>\n<meta property=\"article:publisher\" content=\"https:\/\/www.facebook.com\/weingutbaronknyphausen\" \/>\n<meta property=\"article:modified_time\" content=\"2026-03-27T09:31:23+00:00\" \/>\n<meta property=\"og:image\" content=\"https:\/\/knyphausen-wein.de\/wp-content\/uploads\/2026\/03\/Merry-Winemas-jpg.jpg\" \/>\n\t<meta property=\"og:image:width\" content=\"1080\" \/>\n\t<meta property=\"og:image:height\" content=\"1080\" \/>\n<meta name=\"twitter:card\" content=\"summary_large_image\" \/>\n<meta name=\"twitter:label1\" content=\"Preis\">\n\t<meta name=\"twitter:data1\" content=\"75,00&euro;\">\n\t<meta name=\"twitter:label2\" content=\"Availability\">\n\t<meta name=\"twitter:data2\" content=\"In stock\">\n<script type=\"application\/ld+json\" class=\"yoast-schema-graph\">{\"@context\":\"https:\/\/schema.org\",\"@graph\":[{\"@type\":\"Organization\",\"@id\":\"https:\/\/knyphausen-wein.de\/homepage\/#organization\",\"name\":\"Baron Knyphausen\",\"url\":\"https:\/\/knyphausen-wein.de\/homepage\/\",\"sameAs\":[\"https:\/\/www.facebook.com\/weingutbaronknyphausen\",\"https:\/\/www.instagram.com\/weingutbaronknyphausen\/\"],\"logo\":{\"@type\":\"ImageObject\",\"@id\":\"https:\/\/knyphausen-wein.de\/homepage\/#logo\",\"inLanguage\":\"de\",\"url\":\"https:\/\/knyphausen-wein.de\/wp-content\/uploads\/2021\/02\/logo_bk_png.png\",\"width\":486,\"height\":162,\"caption\":\"Baron Knyphausen\"},\"image\":{\"@id\":\"https:\/\/knyphausen-wein.de\/homepage\/#logo\"}},{\"@type\":\"WebSite\",\"@id\":\"https:\/\/knyphausen-wein.de\/homepage\/#website\",\"url\":\"https:\/\/knyphausen-wein.de\/homepage\/\",\"name\":\"Baron Knyphausen\",\"description\":\"Weinshop\",\"publisher\":{\"@id\":\"https:\/\/knyphausen-wein.de\/homepage\/#organization\"},\"potentialAction\":[{\"@type\":\"SearchAction\",\"target\":\"https:\/\/knyphausen-wein.de\/homepage\/?s={search_term_string}\",\"query-input\":\"required name=search_term_string\"}],\"inLanguage\":\"de\"},{\"@type\":\"ImageObject\",\"@id\":\"https:\/\/knyphausen-wein.de\/homepage\/product\/wine-dine-merry-winemas-5-dez-26-19-uhr\/#primaryimage\",\"inLanguage\":\"de\",\"url\":\"https:\/\/knyphausen-wein.de\/wp-content\/uploads\/2026\/03\/Merry-Winemas-jpg.jpg\",\"width\":1080,\"height\":1080,\"caption\":\"Merry Winemas.jpg\"},{\"@type\":\"WebPage\",\"@id\":\"https:\/\/knyphausen-wein.de\/homepage\/product\/wine-dine-merry-winemas-5-dez-26-19-uhr\/#webpage\",\"url\":\"https:\/\/knyphausen-wein.de\/homepage\/product\/wine-dine-merry-winemas-5-dez-26-19-uhr\/\",\"name\":\"Wine &amp; Dine Merry Winemas 5. Dez 26 - 19 Uhr - Baron Knyphausen\",\"isPartOf\":{\"@id\":\"https:\/\/knyphausen-wein.de\/homepage\/#website\"},\"primaryImageOfPage\":{\"@id\":\"https:\/\/knyphausen-wein.de\/homepage\/product\/wine-dine-merry-winemas-5-dez-26-19-uhr\/#primaryimage\"},\"datePublished\":\"2025-11-12T15:05:50+00:00\",\"dateModified\":\"2026-03-27T09:31:23+00:00\",\"description\":\"Baron Knyphausen - Wei\\u00dfweine, Ros\\u00e9, Rotweine, Schaumweine von h\\u00f6chster Qualit\\u00e4t und f\\u00fcr jeden Anlass jetzt online nach Hause direkt aus dem Rheinland bestellen.\",\"breadcrumb\":{\"@id\":\"https:\/\/knyphausen-wein.de\/homepage\/product\/wine-dine-merry-winemas-5-dez-26-19-uhr\/#breadcrumb\"},\"inLanguage\":\"de\",\"potentialAction\":[{\"@type\":\"ReadAction\",\"target\":[\"https:\/\/knyphausen-wein.de\/homepage\/product\/wine-dine-merry-winemas-5-dez-26-19-uhr\/\"]}]},{\"@type\":\"BreadcrumbList\",\"@id\":\"https:\/\/knyphausen-wein.de\/homepage\/product\/wine-dine-merry-winemas-5-dez-26-19-uhr\/#breadcrumb\",\"itemListElement\":[{\"@type\":\"ListItem\",\"position\":1,\"item\":{\"@type\":\"WebPage\",\"@id\":\"https:\/\/knyphausen-wein.de\/homepage\/\",\"url\":\"https:\/\/knyphausen-wein.de\/homepage\/\",\"name\":\"Startseite\"}},{\"@type\":\"ListItem\",\"position\":2,\"item\":{\"@type\":\"WebPage\",\"@id\":\"https:\/\/knyphausen-wein.de\/homepage\/shop\/\",\"url\":\"https:\/\/knyphausen-wein.de\/homepage\/shop\/\",\"name\":\"Weinshop\"}},{\"@type\":\"ListItem\",\"position\":3,\"item\":{\"@type\":\"WebPage\",\"@id\":\"https:\/\/knyphausen-wein.de\/homepage\/product\/wine-dine-merry-winemas-5-dez-26-19-uhr\/\",\"url\":\"https:\/\/knyphausen-wein.de\/homepage\/product\/wine-dine-merry-winemas-5-dez-26-19-uhr\/\",\"name\":\"Wine &amp; Dine Merry Winemas 5. Dez 26 &#8211; 19 Uhr\"}}]}]}<\/script>\n<!-- \/ Yoast SEO Premium plugin. -->","_links":{"self":[{"href":"https:\/\/knyphausen-wein.de\/homepage\/wp-json\/wp\/v2\/product\/13054","targetHints":{"allow":["GET"]}}],"collection":[{"href":"https:\/\/knyphausen-wein.de\/homepage\/wp-json\/wp\/v2\/product"}],"about":[{"href":"https:\/\/knyphausen-wein.de\/homepage\/wp-json\/wp\/v2\/types\/product"}],"wp:featuredmedia":[{"embeddable":true,"href":"https:\/\/knyphausen-wein.de\/homepage\/wp-json\/wp\/v2\/media\/13593"}],"wp:attachment":[{"href":"https:\/\/knyphausen-wein.de\/homepage\/wp-json\/wp\/v2\/media?parent=13054"}],"wp:term":[{"taxonomy":"product_brand","embeddable":true,"href":"https:\/\/knyphausen-wein.de\/homepage\/wp-json\/wp\/v2\/product_brand?post=13054"},{"taxonomy":"product_cat","embeddable":true,"href":"https:\/\/knyphausen-wein.de\/homepage\/wp-json\/wp\/v2\/product_cat?post=13054"},{"taxonomy":"product_tag","embeddable":true,"href":"https:\/\/knyphausen-wein.de\/homepage\/wp-json\/wp\/v2\/product_tag?post=13054"}],"curies":[{"name":"wp","href":"https:\/\/api.w.org\/{rel}","templated":true}]}}