{"id":13063,"date":"2025-03-18T15:21:46","date_gmt":"2025-03-18T14:21:46","guid":{"rendered":"https:\/\/knyphausen-wein.de\/homepage\/product\/2022-vdp-gutswein-lagen-selektion\/"},"modified":"2026-04-11T15:09:06","modified_gmt":"2026-04-11T13:09:06","slug":"2022-vdp-gutswein-lagen-selektion","status":"publish","type":"product","link":"https:\/\/knyphausen-wein.de\/homepage\/product\/2022-vdp-gutswein-lagen-selektion\/","title":{"rendered":"2022 VDP.GUTSWEIN Lagen Selektion"},"content":{"rendered":"<p>Wenn wir unsere VDP.GROSSEN GEW\u00c4CHSE ernten, dann lesen wir die Trauben bereits in mehreren Lesevorg\u00e4ngen und nehmen in jedem dieser Lesevorg\u00e4nge immer nur die perfekt Reifen Trauben mit.<\/p>\n<p>Im Ausbau nutzen wir f\u00fcr\u00a0jedes der GGs mehrere verschiedene Gebinde. F\u00fcr manche Edelstahl und f\u00fcr andere Holz. F\u00fcr unseren SIEGELSBERG Tonamphoren, f\u00fcr andere Lagen auch Steinf\u00e4sser. Mal mit Reinzuchthefen, oft aber mit Spontanverg\u00e4rung.<\/p>\n<p>Aus dieser Vielschichtigkeit hat unser Kellermeister Arne Wilken eine perfekte Harmonie geschaffen und verschiedene (Riesling)\u00a0VDP.GROSSE LAGEN miteinander kombiniert.<\/p>\n<p>Das Ergebnis kann sich sehen lassen. Ein Wein voller F\u00fclle und Aroma.<\/p>\n","protected":false},"excerpt":{"rendered":"<p>Ein Cuve\u00e9 aus unseren VDP.GROSSEN Lagen<\/p>\n","protected":false},"featured_media":13576,"template":"","meta":{"inline_featured_image":false},"product_brand":[],"product_cat":[665],"product_tag":[],"class_list":{"0":"post-13063","1":"product","2":"type-product","3":"status-publish","4":"has-post-thumbnail","6":"product_cat-gutswein","7":"product_shipping_class-standard","8":"tm-no-options","10":"first","11":"instock","12":"taxable","13":"shipping-taxable","14":"purchasable","15":"product-type-simple"},"composite_layout":"","composite_add_to_cart_form_location":"","composite_editable_in_cart":false,"composite_sold_individually_context":"","composite_shop_price_calc":"","composite_components":[],"composite_scenarios":[],"yoast_head":"<!-- This site is optimized with the Yoast SEO Premium plugin v15.9.1 - https:\/\/yoast.com\/wordpress\/plugins\/seo\/ -->\n<title>2022 VDP.GUTSWEIN Lagen Selektion - Baron Knyphausen<\/title>\n<meta name=\"description\" content=\"Baron Knyphausen - Wei\u00dfweine, Ros\u00e9, Rotweine, Schaumweine von h\u00f6chster Qualit\u00e4t und f\u00fcr jeden Anlass jetzt online nach Hause direkt aus dem Rheinland bestellen.\" \/>\n<link rel=\"canonical\" href=\"https:\/\/knyphausen-wein.de\/homepage\/product\/2022-vdp-gutswein-lagen-selektion\/\" \/>\n<meta property=\"og:locale\" content=\"de_DE\" \/>\n<meta property=\"og:type\" content=\"article\" \/>\n<meta property=\"og:title\" content=\"2022 VDP.GUTSWEIN Lagen Selektion - Baron Knyphausen\" \/>\n<meta property=\"og:description\" content=\"Baron Knyphausen - Wei\u00dfweine, Ros\u00e9, Rotweine, Schaumweine von h\u00f6chster Qualit\u00e4t und f\u00fcr jeden Anlass jetzt online nach Hause direkt aus dem Rheinland bestellen.\" \/>\n<meta property=\"og:url\" content=\"https:\/\/knyphausen-wein.de\/homepage\/product\/2022-vdp-gutswein-lagen-selektion\/\" \/>\n<meta property=\"og:site_name\" content=\"Baron Knyphausen\" \/>\n<meta property=\"article:publisher\" content=\"https:\/\/www.facebook.com\/weingutbaronknyphausen\" \/>\n<meta property=\"article:modified_time\" content=\"2026-04-11T13:09:06+00:00\" \/>\n<meta property=\"og:image\" content=\"https:\/\/knyphausen-wein.de\/wp-content\/uploads\/2026\/03\/Lagenselektion-2022-1-jpg.jpg\" \/>\n\t<meta property=\"og:image:width\" content=\"2048\" \/>\n\t<meta property=\"og:image:height\" content=\"2048\" \/>\n<meta name=\"twitter:card\" content=\"summary_large_image\" \/>\n<meta name=\"twitter:label1\" content=\"Preis\">\n\t<meta name=\"twitter:data1\" content=\"25,00&euro;\">\n\t<meta name=\"twitter:label2\" content=\"Availability\">\n\t<meta name=\"twitter:data2\" content=\"In stock\">\n<script type=\"application\/ld+json\" class=\"yoast-schema-graph\">{\"@context\":\"https:\/\/schema.org\",\"@graph\":[{\"@type\":\"Organization\",\"@id\":\"https:\/\/knyphausen-wein.de\/homepage\/#organization\",\"name\":\"Baron Knyphausen\",\"url\":\"https:\/\/knyphausen-wein.de\/homepage\/\",\"sameAs\":[\"https:\/\/www.facebook.com\/weingutbaronknyphausen\",\"https:\/\/www.instagram.com\/weingutbaronknyphausen\/\"],\"logo\":{\"@type\":\"ImageObject\",\"@id\":\"https:\/\/knyphausen-wein.de\/homepage\/#logo\",\"inLanguage\":\"de\",\"url\":\"https:\/\/knyphausen-wein.de\/wp-content\/uploads\/2021\/02\/logo_bk_png.png\",\"width\":486,\"height\":162,\"caption\":\"Baron Knyphausen\"},\"image\":{\"@id\":\"https:\/\/knyphausen-wein.de\/homepage\/#logo\"}},{\"@type\":\"WebSite\",\"@id\":\"https:\/\/knyphausen-wein.de\/homepage\/#website\",\"url\":\"https:\/\/knyphausen-wein.de\/homepage\/\",\"name\":\"Baron Knyphausen\",\"description\":\"Weinshop\",\"publisher\":{\"@id\":\"https:\/\/knyphausen-wein.de\/homepage\/#organization\"},\"potentialAction\":[{\"@type\":\"SearchAction\",\"target\":\"https:\/\/knyphausen-wein.de\/homepage\/?s={search_term_string}\",\"query-input\":\"required name=search_term_string\"}],\"inLanguage\":\"de\"},{\"@type\":\"ImageObject\",\"@id\":\"https:\/\/knyphausen-wein.de\/homepage\/product\/2022-vdp-gutswein-lagen-selektion\/#primaryimage\",\"inLanguage\":\"de\",\"url\":\"https:\/\/knyphausen-wein.de\/wp-content\/uploads\/2026\/03\/Lagenselektion-2022-1-jpg.jpg\",\"width\":2048,\"height\":2048,\"caption\":\"Lagenselektion 2022(1).jpg\"},{\"@type\":\"WebPage\",\"@id\":\"https:\/\/knyphausen-wein.de\/homepage\/product\/2022-vdp-gutswein-lagen-selektion\/#webpage\",\"url\":\"https:\/\/knyphausen-wein.de\/homepage\/product\/2022-vdp-gutswein-lagen-selektion\/\",\"name\":\"2022 VDP.GUTSWEIN Lagen Selektion - Baron Knyphausen\",\"isPartOf\":{\"@id\":\"https:\/\/knyphausen-wein.de\/homepage\/#website\"},\"primaryImageOfPage\":{\"@id\":\"https:\/\/knyphausen-wein.de\/homepage\/product\/2022-vdp-gutswein-lagen-selektion\/#primaryimage\"},\"datePublished\":\"2025-03-18T14:21:46+00:00\",\"dateModified\":\"2026-04-11T13:09:06+00:00\",\"description\":\"Baron Knyphausen - Wei\\u00dfweine, Ros\\u00e9, Rotweine, Schaumweine von h\\u00f6chster Qualit\\u00e4t und f\\u00fcr jeden Anlass jetzt online nach Hause direkt aus dem Rheinland bestellen.\",\"breadcrumb\":{\"@id\":\"https:\/\/knyphausen-wein.de\/homepage\/product\/2022-vdp-gutswein-lagen-selektion\/#breadcrumb\"},\"inLanguage\":\"de\",\"potentialAction\":[{\"@type\":\"ReadAction\",\"target\":[\"https:\/\/knyphausen-wein.de\/homepage\/product\/2022-vdp-gutswein-lagen-selektion\/\"]}]},{\"@type\":\"BreadcrumbList\",\"@id\":\"https:\/\/knyphausen-wein.de\/homepage\/product\/2022-vdp-gutswein-lagen-selektion\/#breadcrumb\",\"itemListElement\":[{\"@type\":\"ListItem\",\"position\":1,\"item\":{\"@type\":\"WebPage\",\"@id\":\"https:\/\/knyphausen-wein.de\/homepage\/\",\"url\":\"https:\/\/knyphausen-wein.de\/homepage\/\",\"name\":\"Startseite\"}},{\"@type\":\"ListItem\",\"position\":2,\"item\":{\"@type\":\"WebPage\",\"@id\":\"https:\/\/knyphausen-wein.de\/homepage\/shop\/\",\"url\":\"https:\/\/knyphausen-wein.de\/homepage\/shop\/\",\"name\":\"Weinshop\"}},{\"@type\":\"ListItem\",\"position\":3,\"item\":{\"@type\":\"WebPage\",\"@id\":\"https:\/\/knyphausen-wein.de\/homepage\/product\/2022-vdp-gutswein-lagen-selektion\/\",\"url\":\"https:\/\/knyphausen-wein.de\/homepage\/product\/2022-vdp-gutswein-lagen-selektion\/\",\"name\":\"2022 VDP.GUTSWEIN Lagen Selektion\"}}]}]}<\/script>\n<!-- \/ Yoast SEO Premium plugin. -->","_links":{"self":[{"href":"https:\/\/knyphausen-wein.de\/homepage\/wp-json\/wp\/v2\/product\/13063","targetHints":{"allow":["GET"]}}],"collection":[{"href":"https:\/\/knyphausen-wein.de\/homepage\/wp-json\/wp\/v2\/product"}],"about":[{"href":"https:\/\/knyphausen-wein.de\/homepage\/wp-json\/wp\/v2\/types\/product"}],"wp:featuredmedia":[{"embeddable":true,"href":"https:\/\/knyphausen-wein.de\/homepage\/wp-json\/wp\/v2\/media\/13576"}],"wp:attachment":[{"href":"https:\/\/knyphausen-wein.de\/homepage\/wp-json\/wp\/v2\/media?parent=13063"}],"wp:term":[{"taxonomy":"product_brand","embeddable":true,"href":"https:\/\/knyphausen-wein.de\/homepage\/wp-json\/wp\/v2\/product_brand?post=13063"},{"taxonomy":"product_cat","embeddable":true,"href":"https:\/\/knyphausen-wein.de\/homepage\/wp-json\/wp\/v2\/product_cat?post=13063"},{"taxonomy":"product_tag","embeddable":true,"href":"https:\/\/knyphausen-wein.de\/homepage\/wp-json\/wp\/v2\/product_tag?post=13063"}],"curies":[{"name":"wp","href":"https:\/\/api.w.org\/{rel}","templated":true}]}}