{"id":13081,"date":"2023-06-02T11:20:50","date_gmt":"2023-06-02T09:20:50","guid":{"rendered":"https:\/\/knyphausen-wein.de\/homepage\/product\/heimspiel-weinprobe-grossspurig-das-gg-quartett-freitag-31-7-16-uhr\/"},"modified":"2026-03-16T15:12:20","modified_gmt":"2026-03-16T14:12:20","slug":"heimspiel-weinprobe-das-gg-quartett-freitag-31-7-16-uhr","status":"publish","type":"product","link":"https:\/\/knyphausen-wein.de\/homepage\/product\/heimspiel-weinprobe-das-gg-quartett-freitag-31-7-16-uhr\/","title":{"rendered":"Heimspiel Weinprobe &#8211; das GG Quartett Freitag 31.7. 16 Uhr"},"content":{"rendered":"<p data-end=\"442\" data-start=\"208\">Unter dem Motto <strong data-end=\"240\" data-start=\"224\">\u201eGro\u00dfspurig\u201c<\/strong> pr\u00e4sentieren wir ein Quartett feinster Rheingauer Herkunft: vier <strong data-end=\"336\" data-start=\"306\">VDP.GROSSE LAGE\u00ae Rieslinge<\/strong> des Jahrgangs 2023, die jeweils das unverwechselbare Terroir ihrer renommierten Einzellagen ausdr\u00fccken.<\/p>\n<p data-end=\"602\" data-start=\"444\">Diese Probe zeigt, wie vielf\u00e4ltig \u201egro\u00df\u201c sein kann \u2013 von kristallklarer Eleganz bis hin zu tiefgr\u00fcndiger Kraft, alles vereint im Charakter des Jahrgangs 2023.<\/p>\n<p data-end=\"618\" data-start=\"604\">Wir verkosten:<\/p>\n<ul data-end=\"1103\" data-start=\"620\">\n<li data-end=\"744\" data-start=\"620\">\n<p data-end=\"744\" data-start=\"622\"><strong data-end=\"670\" data-start=\"622\">2023 Wisselbrunnen, Hattenheim \u2013 Riesling GG<\/strong><br data-end=\"673\" data-start=\"670\" \/>Feine Salinit\u00e4t, k\u00fchle Eleganz und eine ruhige, spannungsvolle Tiefe.<\/p>\n<\/li>\n<li data-end=\"862\" data-start=\"746\">\n<p data-end=\"862\" data-start=\"748\"><strong data-end=\"788\" data-start=\"748\">2023 Hohenrain, Erbach \u2013 Riesling GG<\/strong><br data-end=\"791\" data-start=\"788\" \/>Strahlende Frucht, stoffig, dicht und mit typischer Erbacher Balance.<\/p>\n<\/li>\n<li data-end=\"977\" data-start=\"864\">\n<p data-end=\"977\" data-start=\"866\"><strong data-end=\"908\" data-start=\"866\">2023 Siegelsberg, Erbach \u2013 Riesling GG<\/strong><br data-end=\"911\" data-start=\"908\" \/>W\u00fcrzig, markant und energiegeladen \u2013 ein Wein mit klarer Kontur.<\/p>\n<\/li>\n<li data-end=\"1103\" data-start=\"979\">\n<p data-end=\"1103\" data-start=\"981\"><strong data-end=\"1023\" data-start=\"981\">2023 Schlossberg, Erbach \u2013 Riesling GG<\/strong><br data-end=\"1026\" data-start=\"1023\" \/>Steinige Mineralit\u00e4t, pr\u00e4zise Struktur und ein langer, souver\u00e4ner Nachhall.<\/p>\n<\/li>\n<\/ul>\n<p data-end=\"1291\" data-start=\"1105\">Gemeinsam ergeben sie ein <strong data-end=\"1161\" data-start=\"1131\">Reigen gro\u00dfer Lagenstimmen<\/strong>, die zeigen, wie differenziert der Rheingau auf h\u00f6chstem Niveau klingen kann \u2013 viermal Riesling, viermal GG, viermal Terroir pur.<\/p>\n<p data-end=\"1291\" data-start=\"1105\">\n<p data-end=\"1291\" data-start=\"1105\">Fr. 31. Juli 2026 um 16 Uhr<\/p>\n<p data-end=\"1291\" data-start=\"1105\">Die Teilnahme an der Weinprobe enth\u00e4lt kein Ticket f\u00fcr das Heimspiel 2026.<\/p>\n","protected":false},"excerpt":{"rendered":"<p>Unter dem Motto <strong data-end=\"240\" data-start=\"224\">\u201eGro\u00dfspurig\u201c<\/strong> pr\u00e4sentieren wir ein Quartett feinster Rheingauer Herkunft: vier <strong data-end=\"336\" data-start=\"306\">VDP.GROSSE LAGE\u00ae Rieslinge<\/strong> des Jahrgangs 2023<\/p>\n<p>Freitag, 31. Juli 2026, 16 Uhr<\/p>\n","protected":false},"featured_media":13550,"template":"","meta":{"inline_featured_image":false},"product_brand":[],"product_cat":[671],"product_tag":[],"class_list":{"0":"post-13081","1":"product","2":"type-product","3":"status-publish","4":"has-post-thumbnail","6":"product_cat-veranstaltungen","7":"product_shipping_class-standard","8":"tm-no-options","10":"first","11":"instock","12":"taxable","13":"shipping-taxable","14":"purchasable","15":"product-type-simple"},"composite_layout":"","composite_add_to_cart_form_location":"","composite_editable_in_cart":false,"composite_sold_individually_context":"","composite_shop_price_calc":"","composite_components":[],"composite_scenarios":[],"yoast_head":"<!-- This site is optimized with the Yoast SEO Premium plugin v15.9.1 - https:\/\/yoast.com\/wordpress\/plugins\/seo\/ -->\n<title>Heimspiel Weinprobe - das GG Quartett Freitag 31.7. 16 Uhr - Baron Knyphausen<\/title>\n<meta name=\"description\" content=\"Baron Knyphausen - Wei\u00dfweine, Ros\u00e9, Rotweine, Schaumweine von h\u00f6chster Qualit\u00e4t und f\u00fcr jeden Anlass jetzt online nach Hause direkt aus dem Rheinland bestellen.\" \/>\n<link rel=\"canonical\" href=\"https:\/\/knyphausen-wein.de\/homepage\/product\/heimspiel-weinprobe-das-gg-quartett-freitag-31-7-16-uhr\/\" \/>\n<meta property=\"og:locale\" content=\"de_DE\" \/>\n<meta property=\"og:type\" content=\"article\" \/>\n<meta property=\"og:title\" content=\"Heimspiel Weinprobe - das GG Quartett Freitag 31.7. 16 Uhr - Baron Knyphausen\" \/>\n<meta property=\"og:description\" content=\"Baron Knyphausen - Wei\u00dfweine, Ros\u00e9, Rotweine, Schaumweine von h\u00f6chster Qualit\u00e4t und f\u00fcr jeden Anlass jetzt online nach Hause direkt aus dem Rheinland bestellen.\" \/>\n<meta property=\"og:url\" content=\"https:\/\/knyphausen-wein.de\/homepage\/product\/heimspiel-weinprobe-das-gg-quartett-freitag-31-7-16-uhr\/\" \/>\n<meta property=\"og:site_name\" content=\"Baron Knyphausen\" \/>\n<meta property=\"article:publisher\" content=\"https:\/\/www.facebook.com\/weingutbaronknyphausen\" \/>\n<meta property=\"article:modified_time\" content=\"2026-03-16T14:12:20+00:00\" \/>\n<meta property=\"og:image\" content=\"https:\/\/knyphausen-wein.de\/wp-content\/uploads\/2026\/03\/GG-Quartett-png.png\" \/>\n\t<meta property=\"og:image:width\" content=\"1080\" \/>\n\t<meta property=\"og:image:height\" content=\"1080\" \/>\n<meta name=\"twitter:card\" content=\"summary_large_image\" \/>\n<meta name=\"twitter:label1\" content=\"Preis\">\n\t<meta name=\"twitter:data1\" content=\"35,00&euro;\">\n\t<meta name=\"twitter:label2\" content=\"Availability\">\n\t<meta name=\"twitter:data2\" content=\"In stock\">\n<script type=\"application\/ld+json\" class=\"yoast-schema-graph\">{\"@context\":\"https:\/\/schema.org\",\"@graph\":[{\"@type\":\"Organization\",\"@id\":\"https:\/\/knyphausen-wein.de\/homepage\/#organization\",\"name\":\"Baron Knyphausen\",\"url\":\"https:\/\/knyphausen-wein.de\/homepage\/\",\"sameAs\":[\"https:\/\/www.facebook.com\/weingutbaronknyphausen\",\"https:\/\/www.instagram.com\/weingutbaronknyphausen\/\"],\"logo\":{\"@type\":\"ImageObject\",\"@id\":\"https:\/\/knyphausen-wein.de\/homepage\/#logo\",\"inLanguage\":\"de\",\"url\":\"https:\/\/knyphausen-wein.de\/wp-content\/uploads\/2021\/02\/logo_bk_png.png\",\"width\":486,\"height\":162,\"caption\":\"Baron Knyphausen\"},\"image\":{\"@id\":\"https:\/\/knyphausen-wein.de\/homepage\/#logo\"}},{\"@type\":\"WebSite\",\"@id\":\"https:\/\/knyphausen-wein.de\/homepage\/#website\",\"url\":\"https:\/\/knyphausen-wein.de\/homepage\/\",\"name\":\"Baron Knyphausen\",\"description\":\"Weinshop\",\"publisher\":{\"@id\":\"https:\/\/knyphausen-wein.de\/homepage\/#organization\"},\"potentialAction\":[{\"@type\":\"SearchAction\",\"target\":\"https:\/\/knyphausen-wein.de\/homepage\/?s={search_term_string}\",\"query-input\":\"required name=search_term_string\"}],\"inLanguage\":\"de\"},{\"@type\":\"ImageObject\",\"@id\":\"https:\/\/knyphausen-wein.de\/homepage\/product\/heimspiel-weinprobe-das-gg-quartett-freitag-31-7-16-uhr\/#primaryimage\",\"inLanguage\":\"de\",\"url\":\"https:\/\/knyphausen-wein.de\/wp-content\/uploads\/2026\/03\/GG-Quartett-png.png\",\"width\":1080,\"height\":1080,\"caption\":\"GG-Quartett.png\"},{\"@type\":\"WebPage\",\"@id\":\"https:\/\/knyphausen-wein.de\/homepage\/product\/heimspiel-weinprobe-das-gg-quartett-freitag-31-7-16-uhr\/#webpage\",\"url\":\"https:\/\/knyphausen-wein.de\/homepage\/product\/heimspiel-weinprobe-das-gg-quartett-freitag-31-7-16-uhr\/\",\"name\":\"Heimspiel Weinprobe - das GG Quartett Freitag 31.7. 16 Uhr - Baron Knyphausen\",\"isPartOf\":{\"@id\":\"https:\/\/knyphausen-wein.de\/homepage\/#website\"},\"primaryImageOfPage\":{\"@id\":\"https:\/\/knyphausen-wein.de\/homepage\/product\/heimspiel-weinprobe-das-gg-quartett-freitag-31-7-16-uhr\/#primaryimage\"},\"datePublished\":\"2023-06-02T09:20:50+00:00\",\"dateModified\":\"2026-03-16T14:12:20+00:00\",\"description\":\"Baron Knyphausen - Wei\\u00dfweine, Ros\\u00e9, Rotweine, Schaumweine von h\\u00f6chster Qualit\\u00e4t und f\\u00fcr jeden Anlass jetzt online nach Hause direkt aus dem Rheinland bestellen.\",\"breadcrumb\":{\"@id\":\"https:\/\/knyphausen-wein.de\/homepage\/product\/heimspiel-weinprobe-das-gg-quartett-freitag-31-7-16-uhr\/#breadcrumb\"},\"inLanguage\":\"de\",\"potentialAction\":[{\"@type\":\"ReadAction\",\"target\":[\"https:\/\/knyphausen-wein.de\/homepage\/product\/heimspiel-weinprobe-das-gg-quartett-freitag-31-7-16-uhr\/\"]}]},{\"@type\":\"BreadcrumbList\",\"@id\":\"https:\/\/knyphausen-wein.de\/homepage\/product\/heimspiel-weinprobe-das-gg-quartett-freitag-31-7-16-uhr\/#breadcrumb\",\"itemListElement\":[{\"@type\":\"ListItem\",\"position\":1,\"item\":{\"@type\":\"WebPage\",\"@id\":\"https:\/\/knyphausen-wein.de\/homepage\/\",\"url\":\"https:\/\/knyphausen-wein.de\/homepage\/\",\"name\":\"Startseite\"}},{\"@type\":\"ListItem\",\"position\":2,\"item\":{\"@type\":\"WebPage\",\"@id\":\"https:\/\/knyphausen-wein.de\/homepage\/shop\/\",\"url\":\"https:\/\/knyphausen-wein.de\/homepage\/shop\/\",\"name\":\"Weinshop\"}},{\"@type\":\"ListItem\",\"position\":3,\"item\":{\"@type\":\"WebPage\",\"@id\":\"https:\/\/knyphausen-wein.de\/homepage\/product\/heimspiel-weinprobe-das-gg-quartett-freitag-31-7-16-uhr\/\",\"url\":\"https:\/\/knyphausen-wein.de\/homepage\/product\/heimspiel-weinprobe-das-gg-quartett-freitag-31-7-16-uhr\/\",\"name\":\"Heimspiel Weinprobe &#8211; das GG Quartett Freitag 31.7. 16 Uhr\"}}]}]}<\/script>\n<!-- \/ Yoast SEO Premium plugin. -->","_links":{"self":[{"href":"https:\/\/knyphausen-wein.de\/homepage\/wp-json\/wp\/v2\/product\/13081","targetHints":{"allow":["GET"]}}],"collection":[{"href":"https:\/\/knyphausen-wein.de\/homepage\/wp-json\/wp\/v2\/product"}],"about":[{"href":"https:\/\/knyphausen-wein.de\/homepage\/wp-json\/wp\/v2\/types\/product"}],"wp:featuredmedia":[{"embeddable":true,"href":"https:\/\/knyphausen-wein.de\/homepage\/wp-json\/wp\/v2\/media\/13550"}],"wp:attachment":[{"href":"https:\/\/knyphausen-wein.de\/homepage\/wp-json\/wp\/v2\/media?parent=13081"}],"wp:term":[{"taxonomy":"product_brand","embeddable":true,"href":"https:\/\/knyphausen-wein.de\/homepage\/wp-json\/wp\/v2\/product_brand?post=13081"},{"taxonomy":"product_cat","embeddable":true,"href":"https:\/\/knyphausen-wein.de\/homepage\/wp-json\/wp\/v2\/product_cat?post=13081"},{"taxonomy":"product_tag","embeddable":true,"href":"https:\/\/knyphausen-wein.de\/homepage\/wp-json\/wp\/v2\/product_tag?post=13081"}],"curies":[{"name":"wp","href":"https:\/\/api.w.org\/{rel}","templated":true}]}}