{"id":13082,"date":"2023-06-02T11:55:32","date_gmt":"2023-06-02T09:55:32","guid":{"rendered":"https:\/\/knyphausen-wein.de\/homepage\/product\/heimspiel-weinprobe-kaese-wein-1-aug-um-15-uhr\/"},"modified":"2026-03-16T15:11:57","modified_gmt":"2026-03-16T14:11:57","slug":"heimspiel-weinprobe-kaese-wein-1-aug-um-15-uhr","status":"publish","type":"product","link":"https:\/\/knyphausen-wein.de\/homepage\/product\/heimspiel-weinprobe-kaese-wein-1-aug-um-15-uhr\/","title":{"rendered":"Heimspiel Weinprobe K\u00e4se &amp; Wein 1. Aug um 15 Uhr"},"content":{"rendered":"<p>Das K\u00e4se und Wein eine tolle Kombination sind wissen wir schon l\u00e4nger. Aber wie gut so mancher K\u00e4se zu unseren Weinen passt und was die K\u00e4sewelt \u00fcberhaupt so alles bietet, haben wir erst durch Katharina und Marcella erfahren.\u00a0Marcella f\u00fchrt ihren K\u00e4seladen\u00a0&#8220;Edelilz&#8221; in Eltville am Rhein und hat ein unglaubliches Gesp\u00fcr f\u00fcr die leckersten Sorten, von denen wir regelm\u00e4\u00dfig neue\u00a0entdecken.<\/p>\n<p>Nach dem Begr\u00fc\u00dfungssekt verkosten\u00a0wir mindestens\u00a0vier\u00a0(gereifte) Weine unseres Weinguts immer\u00a0im Pairing zu einem korrespondierenden K\u00e4se. Zu jedem K\u00e4se\u00a0k\u00f6nnen Marcella und Katharina\u00a0viel Interessantes zu erz\u00e4hlen. Die meisten Affineure und Produzenten kennen sie pers\u00f6nlich. Dazu stellen wir euch den passenden Wein vor und vermitteln euch, warum der einzelne Wein zu dem einzelnen K\u00e4se passt und dazu nat\u00fcrlich viel \u00fcber unsere Philosophie der Weinbereitung und \u00f6kologischen Weinbau.<\/p>\n<p>Die Probe dauert etwas mehr als\u00a0eine Stunde.<\/p>\n<p>Ein Ticket zur Veranstaltung ist KEIN Eintrittsticket f\u00fcrs Heimspiel 2026<\/p>\n","protected":false},"excerpt":{"rendered":"<p>In dieser Weinprobe reichen wir euch hochwertigen K\u00e4se und probieren 4-5 unterschiedliche Weine unseres Weinguts. In Kooperation mit dem K\u00e4seladen &#8220;Edelpilz&#8221; in Eltville am Rhein.<\/p>\n<p>&nbsp;<\/p>\n","protected":false},"featured_media":13551,"template":"","meta":{"inline_featured_image":false},"product_brand":[],"product_cat":[671],"product_tag":[],"class_list":{"0":"post-13082","1":"product","2":"type-product","3":"status-publish","4":"has-post-thumbnail","6":"product_cat-veranstaltungen","7":"product_shipping_class-standard","8":"tm-no-options","10":"first","11":"instock","12":"taxable","13":"shipping-taxable","14":"purchasable","15":"product-type-simple"},"composite_layout":"","composite_add_to_cart_form_location":"","composite_editable_in_cart":false,"composite_sold_individually_context":"","composite_shop_price_calc":"","composite_components":[],"composite_scenarios":[],"yoast_head":"<!-- This site is optimized with the Yoast SEO Premium plugin v15.9.1 - https:\/\/yoast.com\/wordpress\/plugins\/seo\/ -->\n<title>Heimspiel Weinprobe K\u00e4se &amp; Wein 1. Aug um 15 Uhr - Baron Knyphausen<\/title>\n<meta name=\"description\" content=\"Baron Knyphausen - Wei\u00dfweine, Ros\u00e9, Rotweine, Schaumweine von h\u00f6chster Qualit\u00e4t und f\u00fcr jeden Anlass jetzt online nach Hause direkt aus dem Rheinland bestellen.\" \/>\n<link rel=\"canonical\" href=\"https:\/\/knyphausen-wein.de\/homepage\/product\/heimspiel-weinprobe-kaese-wein-1-aug-um-15-uhr\/\" \/>\n<meta property=\"og:locale\" content=\"de_DE\" \/>\n<meta property=\"og:type\" content=\"article\" \/>\n<meta property=\"og:title\" content=\"Heimspiel Weinprobe K\u00e4se &amp; Wein 1. Aug um 15 Uhr - Baron Knyphausen\" \/>\n<meta property=\"og:description\" content=\"Baron Knyphausen - Wei\u00dfweine, Ros\u00e9, Rotweine, Schaumweine von h\u00f6chster Qualit\u00e4t und f\u00fcr jeden Anlass jetzt online nach Hause direkt aus dem Rheinland bestellen.\" \/>\n<meta property=\"og:url\" content=\"https:\/\/knyphausen-wein.de\/homepage\/product\/heimspiel-weinprobe-kaese-wein-1-aug-um-15-uhr\/\" \/>\n<meta property=\"og:site_name\" content=\"Baron Knyphausen\" \/>\n<meta property=\"article:publisher\" content=\"https:\/\/www.facebook.com\/weingutbaronknyphausen\" \/>\n<meta property=\"article:modified_time\" content=\"2026-03-16T14:11:57+00:00\" \/>\n<meta property=\"og:image\" content=\"https:\/\/knyphausen-wein.de\/wp-content\/uploads\/2026\/03\/K-nse-liebt-Wein-2026-png.png\" \/>\n\t<meta property=\"og:image:width\" content=\"1080\" \/>\n\t<meta property=\"og:image:height\" content=\"1080\" \/>\n<meta name=\"twitter:card\" content=\"summary_large_image\" \/>\n<meta name=\"twitter:label1\" content=\"Preis\">\n\t<meta name=\"twitter:data1\" content=\"45,00&euro;\">\n\t<meta name=\"twitter:label2\" content=\"Availability\">\n\t<meta name=\"twitter:data2\" content=\"In stock\">\n<script type=\"application\/ld+json\" class=\"yoast-schema-graph\">{\"@context\":\"https:\/\/schema.org\",\"@graph\":[{\"@type\":\"Organization\",\"@id\":\"https:\/\/knyphausen-wein.de\/homepage\/#organization\",\"name\":\"Baron Knyphausen\",\"url\":\"https:\/\/knyphausen-wein.de\/homepage\/\",\"sameAs\":[\"https:\/\/www.facebook.com\/weingutbaronknyphausen\",\"https:\/\/www.instagram.com\/weingutbaronknyphausen\/\"],\"logo\":{\"@type\":\"ImageObject\",\"@id\":\"https:\/\/knyphausen-wein.de\/homepage\/#logo\",\"inLanguage\":\"de\",\"url\":\"https:\/\/knyphausen-wein.de\/wp-content\/uploads\/2021\/02\/logo_bk_png.png\",\"width\":486,\"height\":162,\"caption\":\"Baron Knyphausen\"},\"image\":{\"@id\":\"https:\/\/knyphausen-wein.de\/homepage\/#logo\"}},{\"@type\":\"WebSite\",\"@id\":\"https:\/\/knyphausen-wein.de\/homepage\/#website\",\"url\":\"https:\/\/knyphausen-wein.de\/homepage\/\",\"name\":\"Baron Knyphausen\",\"description\":\"Weinshop\",\"publisher\":{\"@id\":\"https:\/\/knyphausen-wein.de\/homepage\/#organization\"},\"potentialAction\":[{\"@type\":\"SearchAction\",\"target\":\"https:\/\/knyphausen-wein.de\/homepage\/?s={search_term_string}\",\"query-input\":\"required name=search_term_string\"}],\"inLanguage\":\"de\"},{\"@type\":\"ImageObject\",\"@id\":\"https:\/\/knyphausen-wein.de\/homepage\/product\/heimspiel-weinprobe-kaese-wein-1-aug-um-15-uhr\/#primaryimage\",\"inLanguage\":\"de\",\"url\":\"https:\/\/knyphausen-wein.de\/wp-content\/uploads\/2026\/03\/K-nse-liebt-Wein-2026-png.png\",\"width\":1080,\"height\":1080,\"caption\":\"K+\\u00f1se liebt Wein 2026.png\"},{\"@type\":\"WebPage\",\"@id\":\"https:\/\/knyphausen-wein.de\/homepage\/product\/heimspiel-weinprobe-kaese-wein-1-aug-um-15-uhr\/#webpage\",\"url\":\"https:\/\/knyphausen-wein.de\/homepage\/product\/heimspiel-weinprobe-kaese-wein-1-aug-um-15-uhr\/\",\"name\":\"Heimspiel Weinprobe K\\u00e4se &amp; Wein 1. Aug um 15 Uhr - Baron Knyphausen\",\"isPartOf\":{\"@id\":\"https:\/\/knyphausen-wein.de\/homepage\/#website\"},\"primaryImageOfPage\":{\"@id\":\"https:\/\/knyphausen-wein.de\/homepage\/product\/heimspiel-weinprobe-kaese-wein-1-aug-um-15-uhr\/#primaryimage\"},\"datePublished\":\"2023-06-02T09:55:32+00:00\",\"dateModified\":\"2026-03-16T14:11:57+00:00\",\"description\":\"Baron Knyphausen - Wei\\u00dfweine, Ros\\u00e9, Rotweine, Schaumweine von h\\u00f6chster Qualit\\u00e4t und f\\u00fcr jeden Anlass jetzt online nach Hause direkt aus dem Rheinland bestellen.\",\"breadcrumb\":{\"@id\":\"https:\/\/knyphausen-wein.de\/homepage\/product\/heimspiel-weinprobe-kaese-wein-1-aug-um-15-uhr\/#breadcrumb\"},\"inLanguage\":\"de\",\"potentialAction\":[{\"@type\":\"ReadAction\",\"target\":[\"https:\/\/knyphausen-wein.de\/homepage\/product\/heimspiel-weinprobe-kaese-wein-1-aug-um-15-uhr\/\"]}]},{\"@type\":\"BreadcrumbList\",\"@id\":\"https:\/\/knyphausen-wein.de\/homepage\/product\/heimspiel-weinprobe-kaese-wein-1-aug-um-15-uhr\/#breadcrumb\",\"itemListElement\":[{\"@type\":\"ListItem\",\"position\":1,\"item\":{\"@type\":\"WebPage\",\"@id\":\"https:\/\/knyphausen-wein.de\/homepage\/\",\"url\":\"https:\/\/knyphausen-wein.de\/homepage\/\",\"name\":\"Startseite\"}},{\"@type\":\"ListItem\",\"position\":2,\"item\":{\"@type\":\"WebPage\",\"@id\":\"https:\/\/knyphausen-wein.de\/homepage\/shop\/\",\"url\":\"https:\/\/knyphausen-wein.de\/homepage\/shop\/\",\"name\":\"Weinshop\"}},{\"@type\":\"ListItem\",\"position\":3,\"item\":{\"@type\":\"WebPage\",\"@id\":\"https:\/\/knyphausen-wein.de\/homepage\/product\/heimspiel-weinprobe-kaese-wein-1-aug-um-15-uhr\/\",\"url\":\"https:\/\/knyphausen-wein.de\/homepage\/product\/heimspiel-weinprobe-kaese-wein-1-aug-um-15-uhr\/\",\"name\":\"Heimspiel Weinprobe K\\u00e4se &amp; Wein 1. Aug um 15 Uhr\"}}]}]}<\/script>\n<!-- \/ Yoast SEO Premium plugin. -->","_links":{"self":[{"href":"https:\/\/knyphausen-wein.de\/homepage\/wp-json\/wp\/v2\/product\/13082","targetHints":{"allow":["GET"]}}],"collection":[{"href":"https:\/\/knyphausen-wein.de\/homepage\/wp-json\/wp\/v2\/product"}],"about":[{"href":"https:\/\/knyphausen-wein.de\/homepage\/wp-json\/wp\/v2\/types\/product"}],"wp:featuredmedia":[{"embeddable":true,"href":"https:\/\/knyphausen-wein.de\/homepage\/wp-json\/wp\/v2\/media\/13551"}],"wp:attachment":[{"href":"https:\/\/knyphausen-wein.de\/homepage\/wp-json\/wp\/v2\/media?parent=13082"}],"wp:term":[{"taxonomy":"product_brand","embeddable":true,"href":"https:\/\/knyphausen-wein.de\/homepage\/wp-json\/wp\/v2\/product_brand?post=13082"},{"taxonomy":"product_cat","embeddable":true,"href":"https:\/\/knyphausen-wein.de\/homepage\/wp-json\/wp\/v2\/product_cat?post=13082"},{"taxonomy":"product_tag","embeddable":true,"href":"https:\/\/knyphausen-wein.de\/homepage\/wp-json\/wp\/v2\/product_tag?post=13082"}],"curies":[{"name":"wp","href":"https:\/\/api.w.org\/{rel}","templated":true}]}}