{"id":13176,"date":"2023-12-11T09:00:38","date_gmt":"2023-12-11T08:00:38","guid":{"rendered":"https:\/\/knyphausen-wein.de\/homepage\/product\/2020-valle-de-aconcagua-carmenere-gran-reserva-trocken\/"},"modified":"2026-05-03T16:18:17","modified_gmt":"2026-05-03T14:18:17","slug":"2020-valle-de-aconcagua-carmenere-gran-reserva-trocken","status":"publish","type":"product","link":"https:\/\/knyphausen-wein.de\/homepage\/product\/2020-valle-de-aconcagua-carmenere-gran-reserva-trocken\/","title":{"rendered":"2020 Valle de Aconcagua Carm\u00e9n\u00e8re Gran Reserva trocken"},"content":{"rendered":"<p>Dieser Carm&eacute;n&egrave;re stammt nicht aus dem Rheingau, sondern aus dem Valle de Aconcagua aus Chile. Direkt am Fu&szlig; des h&ouml;chsten Berges Amerikas werden die Rotweintrauben das ganze Jahr von der Sonne verw&ouml;hnt. Es entsteht ein vollmundiger, schwerer s&uuml;dl&auml;ndischer Rotwein, der einen vom Sommer tr&auml;umen l&auml;sst, w&auml;hrend im Winter das Feuer im Kamin prasselt. Ein Duft von Schwarzkirsche und Pflaume, seidige Tannine am Gaumen. Produziert wird dieser Wein auf dem Familienweingut Vina Baron Knyphausen von Edzard zu Knyphausen, der einen Gro&szlig;teil seines Lebens in Chile gearbeitet hat und sich mit seinem eigenen kleinen Weingut nun einen Lebenstraum erf&uuml;llt hat.<\/p>\n<p>Ausgezeichnet mit dem Gro&szlig;en&nbsp;Gold&nbsp;auf der <a href=\"https:\/\/catadorficha.informatic.cl\/ficha.asp?v=MTA4NzY=&amp;id=MTExNzQ=&amp;e=Mjc=\" target=\"_blank\">Catad&#39;Or World Wine Awards Chile 2023<\/a>. Limitiert auf&nbsp;1500 Flaschen.<\/p>\n<p>&nbsp;<\/p>\n","protected":false},"excerpt":{"rendered":"<p>Ein schwerer, vollmundiger von der Sonne verw&ouml;hnter Rotwein von unserem Familienweingut Vina Baron Knyphausen aus der neuen Welt.<\/p>\n","protected":false},"featured_media":13617,"template":"","meta":{"inline_featured_image":false},"product_brand":[],"product_cat":[672,670],"product_tag":[],"class_list":{"0":"post-13176","1":"product","2":"type-product","3":"status-publish","4":"has-post-thumbnail","6":"product_cat-rotwein","7":"product_cat-chile","8":"product_shipping_class-standard","9":"tm-no-options","11":"first","12":"instock","13":"taxable","14":"shipping-taxable","15":"purchasable","16":"product-type-simple"},"composite_layout":"","composite_add_to_cart_form_location":"","composite_editable_in_cart":false,"composite_sold_individually_context":"","composite_shop_price_calc":"","composite_components":[],"composite_scenarios":[],"yoast_head":"<!-- This site is optimized with the Yoast SEO Premium plugin v15.9.1 - https:\/\/yoast.com\/wordpress\/plugins\/seo\/ -->\n<title>2020 Valle de Aconcagua Carm\u00e9n\u00e8re Gran Reserva trocken - Baron Knyphausen<\/title>\n<meta name=\"description\" content=\"Baron Knyphausen - Wei\u00dfweine, Ros\u00e9, Rotweine, Schaumweine von h\u00f6chster Qualit\u00e4t und f\u00fcr jeden Anlass jetzt online nach Hause direkt aus dem Rheinland bestellen.\" \/>\n<link rel=\"canonical\" href=\"https:\/\/knyphausen-wein.de\/homepage\/product\/2020-valle-de-aconcagua-carmenere-gran-reserva-trocken\/\" \/>\n<meta property=\"og:locale\" content=\"de_DE\" \/>\n<meta property=\"og:type\" content=\"article\" \/>\n<meta property=\"og:title\" content=\"2020 Valle de Aconcagua Carm\u00e9n\u00e8re Gran Reserva trocken - Baron Knyphausen\" \/>\n<meta property=\"og:description\" content=\"Baron Knyphausen - Wei\u00dfweine, Ros\u00e9, Rotweine, Schaumweine von h\u00f6chster Qualit\u00e4t und f\u00fcr jeden Anlass jetzt online nach Hause direkt aus dem Rheinland bestellen.\" \/>\n<meta property=\"og:url\" content=\"https:\/\/knyphausen-wein.de\/homepage\/product\/2020-valle-de-aconcagua-carmenere-gran-reserva-trocken\/\" \/>\n<meta property=\"og:site_name\" content=\"Baron Knyphausen\" \/>\n<meta property=\"article:publisher\" content=\"https:\/\/www.facebook.com\/weingutbaronknyphausen\" \/>\n<meta property=\"article:modified_time\" content=\"2026-05-03T14:18:17+00:00\" \/>\n<meta property=\"og:image\" content=\"https:\/\/knyphausen-wein.de\/wp-content\/uploads\/2026\/03\/Shopbild_Chile_2020-png.png\" \/>\n\t<meta property=\"og:image:width\" content=\"1080\" \/>\n\t<meta property=\"og:image:height\" content=\"1080\" \/>\n<meta name=\"twitter:card\" content=\"summary_large_image\" \/>\n<meta name=\"twitter:label1\" content=\"Preis\">\n\t<meta name=\"twitter:data1\" content=\"22,50&euro;\">\n\t<meta name=\"twitter:label2\" content=\"Availability\">\n\t<meta name=\"twitter:data2\" content=\"In stock\">\n<script type=\"application\/ld+json\" class=\"yoast-schema-graph\">{\"@context\":\"https:\/\/schema.org\",\"@graph\":[{\"@type\":\"Organization\",\"@id\":\"https:\/\/knyphausen-wein.de\/homepage\/#organization\",\"name\":\"Baron Knyphausen\",\"url\":\"https:\/\/knyphausen-wein.de\/homepage\/\",\"sameAs\":[\"https:\/\/www.facebook.com\/weingutbaronknyphausen\",\"https:\/\/www.instagram.com\/weingutbaronknyphausen\/\"],\"logo\":{\"@type\":\"ImageObject\",\"@id\":\"https:\/\/knyphausen-wein.de\/homepage\/#logo\",\"inLanguage\":\"de\",\"url\":\"https:\/\/knyphausen-wein.de\/wp-content\/uploads\/2021\/02\/logo_bk_png.png\",\"width\":486,\"height\":162,\"caption\":\"Baron Knyphausen\"},\"image\":{\"@id\":\"https:\/\/knyphausen-wein.de\/homepage\/#logo\"}},{\"@type\":\"WebSite\",\"@id\":\"https:\/\/knyphausen-wein.de\/homepage\/#website\",\"url\":\"https:\/\/knyphausen-wein.de\/homepage\/\",\"name\":\"Baron Knyphausen\",\"description\":\"Weinshop\",\"publisher\":{\"@id\":\"https:\/\/knyphausen-wein.de\/homepage\/#organization\"},\"potentialAction\":[{\"@type\":\"SearchAction\",\"target\":\"https:\/\/knyphausen-wein.de\/homepage\/?s={search_term_string}\",\"query-input\":\"required name=search_term_string\"}],\"inLanguage\":\"de\"},{\"@type\":\"ImageObject\",\"@id\":\"https:\/\/knyphausen-wein.de\/homepage\/product\/2020-valle-de-aconcagua-carmenere-gran-reserva-trocken\/#primaryimage\",\"inLanguage\":\"de\",\"url\":\"https:\/\/knyphausen-wein.de\/wp-content\/uploads\/2026\/03\/Shopbild_Chile_2020-png.png\",\"width\":1080,\"height\":1080,\"caption\":\"Shopbild_Chile_2020.png\"},{\"@type\":\"WebPage\",\"@id\":\"https:\/\/knyphausen-wein.de\/homepage\/product\/2020-valle-de-aconcagua-carmenere-gran-reserva-trocken\/#webpage\",\"url\":\"https:\/\/knyphausen-wein.de\/homepage\/product\/2020-valle-de-aconcagua-carmenere-gran-reserva-trocken\/\",\"name\":\"2020 Valle de Aconcagua Carm\\u00e9n\\u00e8re Gran Reserva trocken - Baron Knyphausen\",\"isPartOf\":{\"@id\":\"https:\/\/knyphausen-wein.de\/homepage\/#website\"},\"primaryImageOfPage\":{\"@id\":\"https:\/\/knyphausen-wein.de\/homepage\/product\/2020-valle-de-aconcagua-carmenere-gran-reserva-trocken\/#primaryimage\"},\"datePublished\":\"2023-12-11T08:00:38+00:00\",\"dateModified\":\"2026-05-03T14:18:17+00:00\",\"description\":\"Baron Knyphausen - Wei\\u00dfweine, Ros\\u00e9, Rotweine, Schaumweine von h\\u00f6chster Qualit\\u00e4t und f\\u00fcr jeden Anlass jetzt online nach Hause direkt aus dem Rheinland bestellen.\",\"breadcrumb\":{\"@id\":\"https:\/\/knyphausen-wein.de\/homepage\/product\/2020-valle-de-aconcagua-carmenere-gran-reserva-trocken\/#breadcrumb\"},\"inLanguage\":\"de\",\"potentialAction\":[{\"@type\":\"ReadAction\",\"target\":[\"https:\/\/knyphausen-wein.de\/homepage\/product\/2020-valle-de-aconcagua-carmenere-gran-reserva-trocken\/\"]}]},{\"@type\":\"BreadcrumbList\",\"@id\":\"https:\/\/knyphausen-wein.de\/homepage\/product\/2020-valle-de-aconcagua-carmenere-gran-reserva-trocken\/#breadcrumb\",\"itemListElement\":[{\"@type\":\"ListItem\",\"position\":1,\"item\":{\"@type\":\"WebPage\",\"@id\":\"https:\/\/knyphausen-wein.de\/homepage\/\",\"url\":\"https:\/\/knyphausen-wein.de\/homepage\/\",\"name\":\"Startseite\"}},{\"@type\":\"ListItem\",\"position\":2,\"item\":{\"@type\":\"WebPage\",\"@id\":\"https:\/\/knyphausen-wein.de\/homepage\/shop\/\",\"url\":\"https:\/\/knyphausen-wein.de\/homepage\/shop\/\",\"name\":\"Weinshop\"}},{\"@type\":\"ListItem\",\"position\":3,\"item\":{\"@type\":\"WebPage\",\"@id\":\"https:\/\/knyphausen-wein.de\/homepage\/product\/2020-valle-de-aconcagua-carmenere-gran-reserva-trocken\/\",\"url\":\"https:\/\/knyphausen-wein.de\/homepage\/product\/2020-valle-de-aconcagua-carmenere-gran-reserva-trocken\/\",\"name\":\"2020 Valle de Aconcagua Carm\\u00e9n\\u00e8re Gran Reserva trocken\"}}]}]}<\/script>\n<!-- \/ Yoast SEO Premium plugin. -->","_links":{"self":[{"href":"https:\/\/knyphausen-wein.de\/homepage\/wp-json\/wp\/v2\/product\/13176","targetHints":{"allow":["GET"]}}],"collection":[{"href":"https:\/\/knyphausen-wein.de\/homepage\/wp-json\/wp\/v2\/product"}],"about":[{"href":"https:\/\/knyphausen-wein.de\/homepage\/wp-json\/wp\/v2\/types\/product"}],"wp:featuredmedia":[{"embeddable":true,"href":"https:\/\/knyphausen-wein.de\/homepage\/wp-json\/wp\/v2\/media\/13617"}],"wp:attachment":[{"href":"https:\/\/knyphausen-wein.de\/homepage\/wp-json\/wp\/v2\/media?parent=13176"}],"wp:term":[{"taxonomy":"product_brand","embeddable":true,"href":"https:\/\/knyphausen-wein.de\/homepage\/wp-json\/wp\/v2\/product_brand?post=13176"},{"taxonomy":"product_cat","embeddable":true,"href":"https:\/\/knyphausen-wein.de\/homepage\/wp-json\/wp\/v2\/product_cat?post=13176"},{"taxonomy":"product_tag","embeddable":true,"href":"https:\/\/knyphausen-wein.de\/homepage\/wp-json\/wp\/v2\/product_tag?post=13176"}],"curies":[{"name":"wp","href":"https:\/\/api.w.org\/{rel}","templated":true}]}}