{"id":13313,"date":"2026-02-17T12:02:25","date_gmt":"2026-02-17T11:02:25","guid":{"rendered":"https:\/\/knyphausen-wein.de\/homepage\/product\/2025-vdp-gutwein-spaetburgunder-rose-bio\/"},"modified":"2026-04-28T09:02:58","modified_gmt":"2026-04-28T07:02:58","slug":"2025-vdp-gutswein-spaetburgunder-rose-bio","status":"publish","type":"product","link":"https:\/\/knyphausen-wein.de\/homepage\/product\/2025-vdp-gutswein-spaetburgunder-rose-bio\/","title":{"rendered":"2025 VDP.GUTSWEIN Sp\u00e4tburgunder Ros\u00e9 &#8211; BIO"},"content":{"rendered":"<p><span data-teams=\"true\">Samtige Sauerkirsche, zarte Mirabelle &ndash; <strong>fruchtig, elegant und sommerlich<\/strong>. Der perfekte Terrassenwein, aber auch ein feiner Begleiter zum Essen<\/span><\/p>\n<p>Die B&ouml;den auf denen die Reben wachsen sind sehr heterogen. Die Basis bildet eine tiefgr&uuml;ndige L&ouml;ss-Lehm-Schicht, die in manchen Weinbergen eine h&ouml;heren Anteil an Kieseinlagerungen, Lehmanteile sowie Sand aufweisen. In manchen Bereichen befinden sich auch Kalkblasen. Diese unterschiedlichen Bodenstrukturen beeinflussen die Aromatik und Struktur der Weine, die wir insbesondere durch unsere Lagenweinen herausstellen.<\/p>\n","protected":false},"excerpt":{"rendered":"<p>Unser 2025 Sp&auml;tburgunder Ros&eacute;&nbsp;&#8211; Kraftvoll, Kirsche, Mirabelle.<\/p>\n","protected":false},"featured_media":13597,"template":"","meta":{"inline_featured_image":false},"product_brand":[],"product_cat":[662],"product_tag":[303,648,651,404,315],"class_list":{"0":"post-13313","1":"product","2":"type-product","3":"status-publish","4":"has-post-thumbnail","6":"product_cat-rosewein","7":"product_tag-fruchtig","8":"product_tag-fruehling","9":"product_tag-leicht","10":"product_tag-rose","11":"product_tag-spaetburgunder","12":"product_shipping_class-standard","13":"tm-no-options","15":"first","16":"instock","17":"taxable","18":"shipping-taxable","19":"purchasable","20":"product-type-simple"},"composite_layout":"","composite_add_to_cart_form_location":"","composite_editable_in_cart":false,"composite_sold_individually_context":"","composite_shop_price_calc":"","composite_components":[],"composite_scenarios":[],"yoast_head":"<!-- This site is optimized with the Yoast SEO Premium plugin v15.9.1 - https:\/\/yoast.com\/wordpress\/plugins\/seo\/ -->\n<title>2025 VDP.GUTSWEIN Sp\u00e4tburgunder Ros\u00e9 - BIO - Baron Knyphausen<\/title>\n<meta name=\"description\" content=\"Baron Knyphausen - Wei\u00dfweine, Ros\u00e9, Rotweine, Schaumweine von h\u00f6chster Qualit\u00e4t und f\u00fcr jeden Anlass jetzt online nach Hause direkt aus dem Rheinland bestellen.\" \/>\n<link rel=\"canonical\" href=\"https:\/\/knyphausen-wein.de\/homepage\/product\/2025-vdp-gutswein-spaetburgunder-rose-bio\/\" \/>\n<meta property=\"og:locale\" content=\"de_DE\" \/>\n<meta property=\"og:type\" content=\"article\" \/>\n<meta property=\"og:title\" content=\"2025 VDP.GUTSWEIN Sp\u00e4tburgunder Ros\u00e9 - BIO - Baron Knyphausen\" \/>\n<meta property=\"og:description\" content=\"Baron Knyphausen - Wei\u00dfweine, Ros\u00e9, Rotweine, Schaumweine von h\u00f6chster Qualit\u00e4t und f\u00fcr jeden Anlass jetzt online nach Hause direkt aus dem Rheinland bestellen.\" \/>\n<meta property=\"og:url\" content=\"https:\/\/knyphausen-wein.de\/homepage\/product\/2025-vdp-gutswein-spaetburgunder-rose-bio\/\" \/>\n<meta property=\"og:site_name\" content=\"Baron Knyphausen\" \/>\n<meta property=\"article:publisher\" content=\"https:\/\/www.facebook.com\/weingutbaronknyphausen\" \/>\n<meta property=\"article:modified_time\" content=\"2026-04-28T07:02:58+00:00\" \/>\n<meta property=\"og:image\" content=\"https:\/\/knyphausen-wein.de\/wp-content\/uploads\/2026\/03\/Rose-freigestellt-jpg.jpg\" \/>\n\t<meta property=\"og:image:width\" content=\"1080\" \/>\n\t<meta property=\"og:image:height\" content=\"1080\" \/>\n<meta name=\"twitter:card\" content=\"summary_large_image\" \/>\n<meta name=\"twitter:label1\" content=\"Preis\">\n\t<meta name=\"twitter:data1\" content=\"11,90&euro;\">\n\t<meta name=\"twitter:label2\" content=\"Availability\">\n\t<meta name=\"twitter:data2\" content=\"In stock\">\n<script type=\"application\/ld+json\" class=\"yoast-schema-graph\">{\"@context\":\"https:\/\/schema.org\",\"@graph\":[{\"@type\":\"Organization\",\"@id\":\"https:\/\/knyphausen-wein.de\/homepage\/#organization\",\"name\":\"Baron Knyphausen\",\"url\":\"https:\/\/knyphausen-wein.de\/homepage\/\",\"sameAs\":[\"https:\/\/www.facebook.com\/weingutbaronknyphausen\",\"https:\/\/www.instagram.com\/weingutbaronknyphausen\/\"],\"logo\":{\"@type\":\"ImageObject\",\"@id\":\"https:\/\/knyphausen-wein.de\/homepage\/#logo\",\"inLanguage\":\"de\",\"url\":\"https:\/\/knyphausen-wein.de\/wp-content\/uploads\/2021\/02\/logo_bk_png.png\",\"width\":486,\"height\":162,\"caption\":\"Baron Knyphausen\"},\"image\":{\"@id\":\"https:\/\/knyphausen-wein.de\/homepage\/#logo\"}},{\"@type\":\"WebSite\",\"@id\":\"https:\/\/knyphausen-wein.de\/homepage\/#website\",\"url\":\"https:\/\/knyphausen-wein.de\/homepage\/\",\"name\":\"Baron Knyphausen\",\"description\":\"Weinshop\",\"publisher\":{\"@id\":\"https:\/\/knyphausen-wein.de\/homepage\/#organization\"},\"potentialAction\":[{\"@type\":\"SearchAction\",\"target\":\"https:\/\/knyphausen-wein.de\/homepage\/?s={search_term_string}\",\"query-input\":\"required name=search_term_string\"}],\"inLanguage\":\"de\"},{\"@type\":\"ImageObject\",\"@id\":\"https:\/\/knyphausen-wein.de\/homepage\/product\/2025-vdp-gutswein-spaetburgunder-rose-bio\/#primaryimage\",\"inLanguage\":\"de\",\"url\":\"https:\/\/knyphausen-wein.de\/wp-content\/uploads\/2026\/03\/Rose-freigestellt-jpg.jpg\",\"width\":1080,\"height\":1080,\"caption\":\"Ros\\u00e9 freigestellt.jpg\"},{\"@type\":\"WebPage\",\"@id\":\"https:\/\/knyphausen-wein.de\/homepage\/product\/2025-vdp-gutswein-spaetburgunder-rose-bio\/#webpage\",\"url\":\"https:\/\/knyphausen-wein.de\/homepage\/product\/2025-vdp-gutswein-spaetburgunder-rose-bio\/\",\"name\":\"2025 VDP.GUTSWEIN Sp\\u00e4tburgunder Ros\\u00e9 - BIO - Baron Knyphausen\",\"isPartOf\":{\"@id\":\"https:\/\/knyphausen-wein.de\/homepage\/#website\"},\"primaryImageOfPage\":{\"@id\":\"https:\/\/knyphausen-wein.de\/homepage\/product\/2025-vdp-gutswein-spaetburgunder-rose-bio\/#primaryimage\"},\"datePublished\":\"2026-02-17T11:02:25+00:00\",\"dateModified\":\"2026-04-28T07:02:58+00:00\",\"description\":\"Baron Knyphausen - Wei\\u00dfweine, Ros\\u00e9, Rotweine, Schaumweine von h\\u00f6chster Qualit\\u00e4t und f\\u00fcr jeden Anlass jetzt online nach Hause direkt aus dem Rheinland bestellen.\",\"breadcrumb\":{\"@id\":\"https:\/\/knyphausen-wein.de\/homepage\/product\/2025-vdp-gutswein-spaetburgunder-rose-bio\/#breadcrumb\"},\"inLanguage\":\"de\",\"potentialAction\":[{\"@type\":\"ReadAction\",\"target\":[\"https:\/\/knyphausen-wein.de\/homepage\/product\/2025-vdp-gutswein-spaetburgunder-rose-bio\/\"]}]},{\"@type\":\"BreadcrumbList\",\"@id\":\"https:\/\/knyphausen-wein.de\/homepage\/product\/2025-vdp-gutswein-spaetburgunder-rose-bio\/#breadcrumb\",\"itemListElement\":[{\"@type\":\"ListItem\",\"position\":1,\"item\":{\"@type\":\"WebPage\",\"@id\":\"https:\/\/knyphausen-wein.de\/homepage\/\",\"url\":\"https:\/\/knyphausen-wein.de\/homepage\/\",\"name\":\"Startseite\"}},{\"@type\":\"ListItem\",\"position\":2,\"item\":{\"@type\":\"WebPage\",\"@id\":\"https:\/\/knyphausen-wein.de\/homepage\/shop\/\",\"url\":\"https:\/\/knyphausen-wein.de\/homepage\/shop\/\",\"name\":\"Weinshop\"}},{\"@type\":\"ListItem\",\"position\":3,\"item\":{\"@type\":\"WebPage\",\"@id\":\"https:\/\/knyphausen-wein.de\/homepage\/product\/2025-vdp-gutswein-spaetburgunder-rose-bio\/\",\"url\":\"https:\/\/knyphausen-wein.de\/homepage\/product\/2025-vdp-gutswein-spaetburgunder-rose-bio\/\",\"name\":\"2025 VDP.GUTSWEIN Sp\\u00e4tburgunder Ros\\u00e9 &#8211; BIO\"}}]}]}<\/script>\n<!-- \/ Yoast SEO Premium plugin. -->","_links":{"self":[{"href":"https:\/\/knyphausen-wein.de\/homepage\/wp-json\/wp\/v2\/product\/13313","targetHints":{"allow":["GET"]}}],"collection":[{"href":"https:\/\/knyphausen-wein.de\/homepage\/wp-json\/wp\/v2\/product"}],"about":[{"href":"https:\/\/knyphausen-wein.de\/homepage\/wp-json\/wp\/v2\/types\/product"}],"wp:featuredmedia":[{"embeddable":true,"href":"https:\/\/knyphausen-wein.de\/homepage\/wp-json\/wp\/v2\/media\/13597"}],"wp:attachment":[{"href":"https:\/\/knyphausen-wein.de\/homepage\/wp-json\/wp\/v2\/media?parent=13313"}],"wp:term":[{"taxonomy":"product_brand","embeddable":true,"href":"https:\/\/knyphausen-wein.de\/homepage\/wp-json\/wp\/v2\/product_brand?post=13313"},{"taxonomy":"product_cat","embeddable":true,"href":"https:\/\/knyphausen-wein.de\/homepage\/wp-json\/wp\/v2\/product_cat?post=13313"},{"taxonomy":"product_tag","embeddable":true,"href":"https:\/\/knyphausen-wein.de\/homepage\/wp-json\/wp\/v2\/product_tag?post=13313"}],"curies":[{"name":"wp","href":"https:\/\/api.w.org\/{rel}","templated":true}]}}