{"id":13527,"date":"2026-02-24T15:09:34","date_gmt":"2026-02-24T14:09:34","guid":{"rendered":"https:\/\/knyphausen-wein.de\/homepage\/product\/baron-knyphausen-wine-circle\/"},"modified":"2026-04-30T16:10:43","modified_gmt":"2026-04-30T14:10:43","slug":"baron-knyphausen-wine-circle","status":"publish","type":"product","link":"https:\/\/knyphausen-wein.de\/homepage\/product\/baron-knyphausen-wine-circle\/","title":{"rendered":"Baron Knyphausen Wine Circle"},"content":{"rendered":"<p>Hiermit erhaltet ihr die Mitgliedschaft im exklusiven Baron Knyphausen Wine Circle.<\/p>\n<p>Die Abrechnung erfolgt im Rahmen eines Abonnements.<\/p>\n<p>Eure Vorteile:<\/p>\n<ul>\n<li>Einen exklusiven Clubwein &#8211; nicht im Markt erh&auml;ltlich im Wert von ca 30 EUR \/ Flasche<\/li>\n<li>j&auml;hrlich zu Weihnachten: <strong>1 Paket mit 3 GROSSEN.GEW&Auml;CHSEN<\/strong><\/li>\n<li>Die Baron Knyphausen Wine Circle&nbsp;Karte, damit ihr&nbsp;folgende Vorteile genie&szlig;en k&ouml;nnt:\n<ul>\n<li>10% Rabatt auf euren Weineinkauf im Hofladen und im Onlineshop<\/li>\n<li>10% Rabatt auf euren Hotelaufenthalt inkl. Minibar &#8211;&nbsp;(max 1 Zimmer pro Wine Circle Mitglied)&nbsp;<\/li>\n<li>10% Rabatt in unserer Gastronomie (Gutsrestaurant und Weinlounge, a-la-carte bis zu 8 Personen)<\/li>\n<li>10 EUR Gutschein auf Flaschenweinausschank an unseren Gro&szlig;veranstaltungen (RMF, Heimspiel, Eroica)<\/li>\n<li>10% Rabatt beim Wintervergn&uuml;gen (auf Gl&uuml;hwein und Speisen)<\/li>\n<li>j&auml;hrlicher Wine Circle Event exklusiv f&uuml;r Mitglieder<\/li>\n<li>weitere tolle Specials und &Uuml;berraschungen<\/li>\n<\/ul>\n<\/li>\n<\/ul>\n<p>Was m&uuml;sst ihr daf&uuml;r tun:<\/p>\n<p>2-Jahres-Paket buchen (danach j&auml;hrliche Verl&auml;ngerung, k&uuml;ndbar 3 Monate zum 31.12.)<\/p>\n<ul>\n<li style=\"box-sizing: border-box; -webkit-font-smoothing: antialiased;\">bei Buchung 1. Jahresbeitrag 150 EUR zahlen<\/li>\n<li style=\"box-sizing: border-box; -webkit-font-smoothing: antialiased;\">Best&auml;tigungs-Mail mit SEPA &rarr; unterschrieben zur&uuml;cksenden<\/li>\n<li style=\"box-sizing: border-box; -webkit-font-smoothing: antialiased;\">erst dann Versand von Wein &amp; Welcome-Package<\/li>\n<li style=\"box-sizing: border-box; -webkit-font-smoothing: antialiased;\"><strong style=\"font-weight: 700; box-sizing: border-box; -webkit-font-smoothing: antialiased;\">Jahresbeitrag betr&auml;gt 150 EUR<\/strong><\/li>\n<\/ul>\n<p style=\"box-sizing: border-box; -webkit-font-smoothing: antialiased;\">Dein Startpaket:<\/p>\n<p style=\"box-sizing: border-box; -webkit-font-smoothing: antialiased;\">Welcome-Package mit Brief + vorl&auml;ufiger Clubkarte<\/p>\n<p style=\"box-sizing: border-box; -webkit-font-smoothing: antialiased;\"><strong style=\"font-weight: 700; box-sizing: border-box; -webkit-font-smoothing: antialiased;\">Early Bird bis 31.03.: + 3 Extra-Weine<\/strong><\/p>\n<p style=\"box-sizing: border-box; -webkit-font-smoothing: antialiased;\"><strong style=\"font-weight: 700; box-sizing: border-box; -webkit-font-smoothing: antialiased;\">Ab Anfang Mai:<br \/>\n<strong style=\"font-weight: 700; box-sizing: border-box; -webkit-font-smoothing: antialiased;\">Club-Pack mit limitiertem Club-Wein (Special Packaging) + finaler Clubkarte (f&uuml;r Vorteile vor Ort) in der Club-Box<br \/>\n<strong style=\"font-weight: 700; box-sizing: border-box; -webkit-font-smoothing: antialiased;\">J&auml;hrlich zur Weihnachtszeit (Versand Anfang Dezember):<br \/>\n3er-Paket Gro&szlig;e Gew&auml;chse + Online-Verkostung\/Gespr&auml;ch (Termin wird mit Versand bekanntgegeben)<\/strong><\/strong><\/strong><br \/>\n&nbsp;<\/p>\n<p style=\"box-sizing: border-box; -webkit-font-smoothing: antialiased;\"><strong style=\"font-weight: 700; box-sizing: border-box; -webkit-font-smoothing: antialiased;\"><strong style=\"font-weight: 700; box-sizing: border-box; -webkit-font-smoothing: antialiased;\"><strong style=\"font-weight: 700; box-sizing: border-box; -webkit-font-smoothing: antialiased;\">Nicht enthalten:<\/strong><\/strong><\/strong><\/p>\n<p style=\"box-sizing: border-box; -webkit-font-smoothing: antialiased;\">Kein Rabatt auf Hofladen-Non-Wein (B&uuml;cher, Merch, Marmeladen &hellip;)<\/p>\n<p style=\"box-sizing: border-box; -webkit-font-smoothing: antialiased;\">Kein Rabatt auf Wine &amp; Dine \/ Events, Weinproben, Knyp Wine Trail<\/p>\n<p style=\"box-sizing: border-box; -webkit-font-smoothing: antialiased;\">Kein Rabatt auf Firmenveranstaltungen, Familienfeiern, Locationmiete<\/p>\n<p style=\"box-sizing: border-box; -webkit-font-smoothing: antialiased;\">Rabatte nicht kombinierbar (keine zus&auml;tzlichen Rabatte auf bereits rabattierte Angebote\/Pakete)<\/p>\n<p>&nbsp;<\/p>\n","protected":false},"excerpt":{"rendered":"<p>Hiermit erwerbt ihr eine Mitgliedschaft im Baron Knyphausen Wine Circle.<\/p>\n<p>Dies ist ein Jahres &#8211; Abo.<\/p>\n","protected":false},"featured_media":13598,"template":"","meta":{"inline_featured_image":false},"product_brand":[],"product_cat":[661],"product_tag":[],"class_list":{"0":"post-13527","1":"product","2":"type-product","3":"status-publish","4":"has-post-thumbnail","6":"product_cat-aktuelle-angebote","7":"product_shipping_class-standard","8":"tm-no-options","10":"first","11":"instock","12":"featured","13":"taxable","14":"shipping-taxable","15":"purchasable","16":"product-type-simple"},"composite_layout":"","composite_add_to_cart_form_location":"","composite_editable_in_cart":false,"composite_sold_individually_context":"","composite_shop_price_calc":"","composite_components":[],"composite_scenarios":[],"yoast_head":"<!-- This site is optimized with the Yoast SEO Premium plugin v15.9.1 - https:\/\/yoast.com\/wordpress\/plugins\/seo\/ -->\n<title>Baron Knyphausen Wine Circle - Baron Knyphausen<\/title>\n<meta name=\"description\" content=\"Baron Knyphausen - Wei\u00dfweine, Ros\u00e9, Rotweine, Schaumweine von h\u00f6chster Qualit\u00e4t und f\u00fcr jeden Anlass jetzt online nach Hause direkt aus dem Rheinland bestellen.\" \/>\n<link rel=\"canonical\" href=\"https:\/\/knyphausen-wein.de\/homepage\/product\/baron-knyphausen-wine-circle\/\" \/>\n<meta property=\"og:locale\" content=\"de_DE\" \/>\n<meta property=\"og:type\" content=\"article\" \/>\n<meta property=\"og:title\" content=\"Baron Knyphausen Wine Circle - Baron Knyphausen\" \/>\n<meta property=\"og:description\" content=\"Baron Knyphausen - Wei\u00dfweine, Ros\u00e9, Rotweine, Schaumweine von h\u00f6chster Qualit\u00e4t und f\u00fcr jeden Anlass jetzt online nach Hause direkt aus dem Rheinland bestellen.\" \/>\n<meta property=\"og:url\" content=\"https:\/\/knyphausen-wein.de\/homepage\/product\/baron-knyphausen-wine-circle\/\" \/>\n<meta property=\"og:site_name\" content=\"Baron Knyphausen\" \/>\n<meta property=\"article:publisher\" content=\"https:\/\/www.facebook.com\/weingutbaronknyphausen\" \/>\n<meta property=\"article:modified_time\" content=\"2026-04-30T14:10:43+00:00\" \/>\n<meta property=\"og:image\" content=\"https:\/\/knyphausen-wein.de\/wp-content\/uploads\/2026\/03\/Option-1-1-png.png\" \/>\n\t<meta property=\"og:image:width\" content=\"1080\" \/>\n\t<meta property=\"og:image:height\" content=\"1080\" \/>\n<meta name=\"twitter:card\" content=\"summary_large_image\" \/>\n<meta name=\"twitter:label1\" content=\"Preis\">\n\t<meta name=\"twitter:data1\" content=\"150,00&euro;\">\n\t<meta name=\"twitter:label2\" content=\"Availability\">\n\t<meta name=\"twitter:data2\" content=\"In stock\">\n<script type=\"application\/ld+json\" class=\"yoast-schema-graph\">{\"@context\":\"https:\/\/schema.org\",\"@graph\":[{\"@type\":\"Organization\",\"@id\":\"https:\/\/knyphausen-wein.de\/homepage\/#organization\",\"name\":\"Baron Knyphausen\",\"url\":\"https:\/\/knyphausen-wein.de\/homepage\/\",\"sameAs\":[\"https:\/\/www.facebook.com\/weingutbaronknyphausen\",\"https:\/\/www.instagram.com\/weingutbaronknyphausen\/\"],\"logo\":{\"@type\":\"ImageObject\",\"@id\":\"https:\/\/knyphausen-wein.de\/homepage\/#logo\",\"inLanguage\":\"de\",\"url\":\"https:\/\/knyphausen-wein.de\/wp-content\/uploads\/2021\/02\/logo_bk_png.png\",\"width\":486,\"height\":162,\"caption\":\"Baron Knyphausen\"},\"image\":{\"@id\":\"https:\/\/knyphausen-wein.de\/homepage\/#logo\"}},{\"@type\":\"WebSite\",\"@id\":\"https:\/\/knyphausen-wein.de\/homepage\/#website\",\"url\":\"https:\/\/knyphausen-wein.de\/homepage\/\",\"name\":\"Baron Knyphausen\",\"description\":\"Weinshop\",\"publisher\":{\"@id\":\"https:\/\/knyphausen-wein.de\/homepage\/#organization\"},\"potentialAction\":[{\"@type\":\"SearchAction\",\"target\":\"https:\/\/knyphausen-wein.de\/homepage\/?s={search_term_string}\",\"query-input\":\"required name=search_term_string\"}],\"inLanguage\":\"de\"},{\"@type\":\"ImageObject\",\"@id\":\"https:\/\/knyphausen-wein.de\/homepage\/product\/baron-knyphausen-wine-circle\/#primaryimage\",\"inLanguage\":\"de\",\"url\":\"https:\/\/knyphausen-wein.de\/wp-content\/uploads\/2026\/03\/Option-1-1-png.png\",\"width\":1080,\"height\":1080,\"caption\":\"Option 1 (1).png\"},{\"@type\":\"WebPage\",\"@id\":\"https:\/\/knyphausen-wein.de\/homepage\/product\/baron-knyphausen-wine-circle\/#webpage\",\"url\":\"https:\/\/knyphausen-wein.de\/homepage\/product\/baron-knyphausen-wine-circle\/\",\"name\":\"Baron Knyphausen Wine Circle - Baron Knyphausen\",\"isPartOf\":{\"@id\":\"https:\/\/knyphausen-wein.de\/homepage\/#website\"},\"primaryImageOfPage\":{\"@id\":\"https:\/\/knyphausen-wein.de\/homepage\/product\/baron-knyphausen-wine-circle\/#primaryimage\"},\"datePublished\":\"2026-02-24T14:09:34+00:00\",\"dateModified\":\"2026-04-30T14:10:43+00:00\",\"description\":\"Baron Knyphausen - Wei\\u00dfweine, Ros\\u00e9, Rotweine, Schaumweine von h\\u00f6chster Qualit\\u00e4t und f\\u00fcr jeden Anlass jetzt online nach Hause direkt aus dem Rheinland bestellen.\",\"breadcrumb\":{\"@id\":\"https:\/\/knyphausen-wein.de\/homepage\/product\/baron-knyphausen-wine-circle\/#breadcrumb\"},\"inLanguage\":\"de\",\"potentialAction\":[{\"@type\":\"ReadAction\",\"target\":[\"https:\/\/knyphausen-wein.de\/homepage\/product\/baron-knyphausen-wine-circle\/\"]}]},{\"@type\":\"BreadcrumbList\",\"@id\":\"https:\/\/knyphausen-wein.de\/homepage\/product\/baron-knyphausen-wine-circle\/#breadcrumb\",\"itemListElement\":[{\"@type\":\"ListItem\",\"position\":1,\"item\":{\"@type\":\"WebPage\",\"@id\":\"https:\/\/knyphausen-wein.de\/homepage\/\",\"url\":\"https:\/\/knyphausen-wein.de\/homepage\/\",\"name\":\"Startseite\"}},{\"@type\":\"ListItem\",\"position\":2,\"item\":{\"@type\":\"WebPage\",\"@id\":\"https:\/\/knyphausen-wein.de\/homepage\/shop\/\",\"url\":\"https:\/\/knyphausen-wein.de\/homepage\/shop\/\",\"name\":\"Weinshop\"}},{\"@type\":\"ListItem\",\"position\":3,\"item\":{\"@type\":\"WebPage\",\"@id\":\"https:\/\/knyphausen-wein.de\/homepage\/product\/baron-knyphausen-wine-circle\/\",\"url\":\"https:\/\/knyphausen-wein.de\/homepage\/product\/baron-knyphausen-wine-circle\/\",\"name\":\"Baron Knyphausen Wine Circle\"}}]}]}<\/script>\n<!-- \/ Yoast SEO Premium plugin. -->","_links":{"self":[{"href":"https:\/\/knyphausen-wein.de\/homepage\/wp-json\/wp\/v2\/product\/13527","targetHints":{"allow":["GET"]}}],"collection":[{"href":"https:\/\/knyphausen-wein.de\/homepage\/wp-json\/wp\/v2\/product"}],"about":[{"href":"https:\/\/knyphausen-wein.de\/homepage\/wp-json\/wp\/v2\/types\/product"}],"wp:featuredmedia":[{"embeddable":true,"href":"https:\/\/knyphausen-wein.de\/homepage\/wp-json\/wp\/v2\/media\/13598"}],"wp:attachment":[{"href":"https:\/\/knyphausen-wein.de\/homepage\/wp-json\/wp\/v2\/media?parent=13527"}],"wp:term":[{"taxonomy":"product_brand","embeddable":true,"href":"https:\/\/knyphausen-wein.de\/homepage\/wp-json\/wp\/v2\/product_brand?post=13527"},{"taxonomy":"product_cat","embeddable":true,"href":"https:\/\/knyphausen-wein.de\/homepage\/wp-json\/wp\/v2\/product_cat?post=13527"},{"taxonomy":"product_tag","embeddable":true,"href":"https:\/\/knyphausen-wein.de\/homepage\/wp-json\/wp\/v2\/product_tag?post=13527"}],"curies":[{"name":"wp","href":"https:\/\/api.w.org\/{rel}","templated":true}]}}