{"id":13601,"date":"2026-03-02T12:04:35","date_gmt":"2026-03-02T11:04:35","guid":{"rendered":"https:\/\/knyphausen-wein.de\/homepage\/product\/2025-vdp-gutswein-cuvee-blanc\/"},"modified":"2026-05-05T09:58:41","modified_gmt":"2026-05-05T07:58:41","slug":"2025-vdp-gutswein-cuvee-blanc-bio","status":"publish","type":"product","link":"https:\/\/knyphausen-wein.de\/homepage\/product\/2025-vdp-gutswein-cuvee-blanc-bio\/","title":{"rendered":"2025 VDP.GUTSWEIN Cuv\u00e9e Blanc &#8211; BIO"},"content":{"rendered":"<p>Klare Frucht, brilliante frische und abgepufferte S&auml;ure lassen Eure Herzen h&ouml;her schlagen. Der perfekte Terassenwein.<\/p>\n<p>Das kanntet ihr bisher vom knypi &#8211; nun hei&szlig;t er Cuv&eacute;e Blanc.<\/p>\n<p>Au&szlig;er dem Namen hat sich auch ge&auml;ndert, dass er jetzt 100% aus unseren eigenen Bio-Weintrauben stammt.<\/p>\n<p>Die B&ouml;den auf denen die Reben wachsen sind sehr heterogen. Die Basis bildet eine tiefgr&uuml;ndige L&ouml;ss-Lehm-Schicht, die in manchen Weinbergen eine h&ouml;heren Anteil an Kieseinlagerungen, Lehmanteile sowie Sand aufweisen. In manchen Bereichen befinden sich auch Kalkblasen. Diese unterschiedlichen Bodenstrukturen beeinflussen die Aromatik und Struktur der Weine, die wir insbesondere durch unsere Lagenweinen herausstellen.<\/p>\n","protected":false},"excerpt":{"rendered":"<p>Fr&uuml;her hie&szlig; ich knypi! Neuer Name, selber frischer Geschmack!<\/p>\n","protected":false},"featured_media":13602,"template":"","meta":{"inline_featured_image":false},"product_brand":[],"product_cat":[665],"product_tag":[],"class_list":{"0":"post-13601","1":"product","2":"type-product","3":"status-publish","4":"has-post-thumbnail","6":"product_cat-gutswein","7":"product_shipping_class-standard","8":"tm-no-options","10":"first","11":"instock","12":"taxable","13":"shipping-taxable","14":"purchasable","15":"product-type-simple"},"composite_layout":"","composite_add_to_cart_form_location":"","composite_editable_in_cart":false,"composite_sold_individually_context":"","composite_shop_price_calc":"","composite_components":[],"composite_scenarios":[],"yoast_head":"<!-- This site is optimized with the Yoast SEO Premium plugin v15.9.1 - https:\/\/yoast.com\/wordpress\/plugins\/seo\/ -->\n<title>2025 VDP.GUTSWEIN Cuv\u00e9e Blanc - BIO - Baron Knyphausen<\/title>\n<meta name=\"description\" content=\"Baron Knyphausen - Wei\u00dfweine, Ros\u00e9, Rotweine, Schaumweine von h\u00f6chster Qualit\u00e4t und f\u00fcr jeden Anlass jetzt online nach Hause direkt aus dem Rheinland bestellen.\" \/>\n<link rel=\"canonical\" href=\"https:\/\/knyphausen-wein.de\/homepage\/product\/2025-vdp-gutswein-cuvee-blanc-bio\/\" \/>\n<meta property=\"og:locale\" content=\"de_DE\" \/>\n<meta property=\"og:type\" content=\"article\" \/>\n<meta property=\"og:title\" content=\"2025 VDP.GUTSWEIN Cuv\u00e9e Blanc - BIO - Baron Knyphausen\" \/>\n<meta property=\"og:description\" content=\"Baron Knyphausen - Wei\u00dfweine, Ros\u00e9, Rotweine, Schaumweine von h\u00f6chster Qualit\u00e4t und f\u00fcr jeden Anlass jetzt online nach Hause direkt aus dem Rheinland bestellen.\" \/>\n<meta property=\"og:url\" content=\"https:\/\/knyphausen-wein.de\/homepage\/product\/2025-vdp-gutswein-cuvee-blanc-bio\/\" \/>\n<meta property=\"og:site_name\" content=\"Baron Knyphausen\" \/>\n<meta property=\"article:publisher\" content=\"https:\/\/www.facebook.com\/weingutbaronknyphausen\" \/>\n<meta property=\"article:modified_time\" content=\"2026-05-05T07:58:41+00:00\" \/>\n<meta property=\"og:image\" content=\"https:\/\/knyphausen-wein.de\/wp-content\/uploads\/2026\/03\/Cuvee-freigestellt-jpg.jpg\" \/>\n\t<meta property=\"og:image:width\" content=\"1080\" \/>\n\t<meta property=\"og:image:height\" content=\"1080\" \/>\n<meta name=\"twitter:card\" content=\"summary_large_image\" \/>\n<meta name=\"twitter:label1\" content=\"Preis\">\n\t<meta name=\"twitter:data1\" content=\"11,90&euro;\">\n\t<meta name=\"twitter:label2\" content=\"Availability\">\n\t<meta name=\"twitter:data2\" content=\"In stock\">\n<script type=\"application\/ld+json\" class=\"yoast-schema-graph\">{\"@context\":\"https:\/\/schema.org\",\"@graph\":[{\"@type\":\"Organization\",\"@id\":\"https:\/\/knyphausen-wein.de\/homepage\/#organization\",\"name\":\"Baron Knyphausen\",\"url\":\"https:\/\/knyphausen-wein.de\/homepage\/\",\"sameAs\":[\"https:\/\/www.facebook.com\/weingutbaronknyphausen\",\"https:\/\/www.instagram.com\/weingutbaronknyphausen\/\"],\"logo\":{\"@type\":\"ImageObject\",\"@id\":\"https:\/\/knyphausen-wein.de\/homepage\/#logo\",\"inLanguage\":\"de\",\"url\":\"https:\/\/knyphausen-wein.de\/wp-content\/uploads\/2021\/02\/logo_bk_png.png\",\"width\":486,\"height\":162,\"caption\":\"Baron Knyphausen\"},\"image\":{\"@id\":\"https:\/\/knyphausen-wein.de\/homepage\/#logo\"}},{\"@type\":\"WebSite\",\"@id\":\"https:\/\/knyphausen-wein.de\/homepage\/#website\",\"url\":\"https:\/\/knyphausen-wein.de\/homepage\/\",\"name\":\"Baron Knyphausen\",\"description\":\"Weinshop\",\"publisher\":{\"@id\":\"https:\/\/knyphausen-wein.de\/homepage\/#organization\"},\"potentialAction\":[{\"@type\":\"SearchAction\",\"target\":\"https:\/\/knyphausen-wein.de\/homepage\/?s={search_term_string}\",\"query-input\":\"required name=search_term_string\"}],\"inLanguage\":\"de\"},{\"@type\":\"ImageObject\",\"@id\":\"https:\/\/knyphausen-wein.de\/homepage\/product\/2025-vdp-gutswein-cuvee-blanc-bio\/#primaryimage\",\"inLanguage\":\"de\",\"url\":\"https:\/\/knyphausen-wein.de\/wp-content\/uploads\/2026\/03\/Cuvee-freigestellt-jpg.jpg\",\"width\":1080,\"height\":1080,\"caption\":\"Cuv\\u00e9e freigestellt.jpg\"},{\"@type\":\"WebPage\",\"@id\":\"https:\/\/knyphausen-wein.de\/homepage\/product\/2025-vdp-gutswein-cuvee-blanc-bio\/#webpage\",\"url\":\"https:\/\/knyphausen-wein.de\/homepage\/product\/2025-vdp-gutswein-cuvee-blanc-bio\/\",\"name\":\"2025 VDP.GUTSWEIN Cuv\\u00e9e Blanc - BIO - Baron Knyphausen\",\"isPartOf\":{\"@id\":\"https:\/\/knyphausen-wein.de\/homepage\/#website\"},\"primaryImageOfPage\":{\"@id\":\"https:\/\/knyphausen-wein.de\/homepage\/product\/2025-vdp-gutswein-cuvee-blanc-bio\/#primaryimage\"},\"datePublished\":\"2026-03-02T11:04:35+00:00\",\"dateModified\":\"2026-05-05T07:58:41+00:00\",\"description\":\"Baron Knyphausen - Wei\\u00dfweine, Ros\\u00e9, Rotweine, Schaumweine von h\\u00f6chster Qualit\\u00e4t und f\\u00fcr jeden Anlass jetzt online nach Hause direkt aus dem Rheinland bestellen.\",\"breadcrumb\":{\"@id\":\"https:\/\/knyphausen-wein.de\/homepage\/product\/2025-vdp-gutswein-cuvee-blanc-bio\/#breadcrumb\"},\"inLanguage\":\"de\",\"potentialAction\":[{\"@type\":\"ReadAction\",\"target\":[\"https:\/\/knyphausen-wein.de\/homepage\/product\/2025-vdp-gutswein-cuvee-blanc-bio\/\"]}]},{\"@type\":\"BreadcrumbList\",\"@id\":\"https:\/\/knyphausen-wein.de\/homepage\/product\/2025-vdp-gutswein-cuvee-blanc-bio\/#breadcrumb\",\"itemListElement\":[{\"@type\":\"ListItem\",\"position\":1,\"item\":{\"@type\":\"WebPage\",\"@id\":\"https:\/\/knyphausen-wein.de\/homepage\/\",\"url\":\"https:\/\/knyphausen-wein.de\/homepage\/\",\"name\":\"Startseite\"}},{\"@type\":\"ListItem\",\"position\":2,\"item\":{\"@type\":\"WebPage\",\"@id\":\"https:\/\/knyphausen-wein.de\/homepage\/shop\/\",\"url\":\"https:\/\/knyphausen-wein.de\/homepage\/shop\/\",\"name\":\"Weinshop\"}},{\"@type\":\"ListItem\",\"position\":3,\"item\":{\"@type\":\"WebPage\",\"@id\":\"https:\/\/knyphausen-wein.de\/homepage\/product\/2025-vdp-gutswein-cuvee-blanc-bio\/\",\"url\":\"https:\/\/knyphausen-wein.de\/homepage\/product\/2025-vdp-gutswein-cuvee-blanc-bio\/\",\"name\":\"2025 VDP.GUTSWEIN Cuv\\u00e9e Blanc &#8211; BIO\"}}]}]}<\/script>\n<!-- \/ Yoast SEO Premium plugin. -->","_links":{"self":[{"href":"https:\/\/knyphausen-wein.de\/homepage\/wp-json\/wp\/v2\/product\/13601","targetHints":{"allow":["GET"]}}],"collection":[{"href":"https:\/\/knyphausen-wein.de\/homepage\/wp-json\/wp\/v2\/product"}],"about":[{"href":"https:\/\/knyphausen-wein.de\/homepage\/wp-json\/wp\/v2\/types\/product"}],"wp:featuredmedia":[{"embeddable":true,"href":"https:\/\/knyphausen-wein.de\/homepage\/wp-json\/wp\/v2\/media\/13602"}],"wp:attachment":[{"href":"https:\/\/knyphausen-wein.de\/homepage\/wp-json\/wp\/v2\/media?parent=13601"}],"wp:term":[{"taxonomy":"product_brand","embeddable":true,"href":"https:\/\/knyphausen-wein.de\/homepage\/wp-json\/wp\/v2\/product_brand?post=13601"},{"taxonomy":"product_cat","embeddable":true,"href":"https:\/\/knyphausen-wein.de\/homepage\/wp-json\/wp\/v2\/product_cat?post=13601"},{"taxonomy":"product_tag","embeddable":true,"href":"https:\/\/knyphausen-wein.de\/homepage\/wp-json\/wp\/v2\/product_tag?post=13601"}],"curies":[{"name":"wp","href":"https:\/\/api.w.org\/{rel}","templated":true}]}}